{"id":606,"date":"2014-10-29T22:10:17","date_gmt":"2014-10-29T22:10:17","guid":{"rendered":"http:\/\/www.huszpo-konferencija.com\/?page_id=606"},"modified":"2021-10-19T10:52:49","modified_gmt":"2021-10-19T10:52:49","slug":"konferencija-2013","status":"publish","type":"page","link":"https:\/\/huszpo-konferencija.com\/en\/konferencija-2013\/","title":{"rendered":"Conference 2013"},"content":{"rendered":"<div class=\"wp-block-columns is-layout-flex wp-container-core-columns-is-layout-1 wp-block-columns-is-layout-flex\">\n<div class=\"wp-block-column is-layout-flow wp-block-column-is-layout-flow\" style=\"flex-basis:66.66%\">\n<p id=\"block-81a8151e-b240-431b-940a-2414bd4c9944\"><br>First Regional Conference On Environmental Impact Assessment, was organized under the auspices of the Ministry of Environmental and Nature Protection of the Republic of Croatia, in Zadar, from September 18th to 21st , 2013.<\/p>\n\n\n\n<p id=\"block-bc5afcfa-7e7c-4d7d-b9de-41d65ce3c2d5\">We have made a decision to organize a conference so it would bring together: professionals, scientists, authorities\u2019 representatives, local and regional government representatives, nongovernmental organizations, public relations experts, investors and developers from Croatia, region and further still, who participate in the environmental impact assessment procedures and who are willing to share their knowledge and experiences.<\/p>\n\n\n\n<p id=\"block-045889e3-d1f7-444c-89f0-9a88df2cff5d\">Today, we can say the Conference was a success because of an exceptionally large number of papers and a surprising number of participants. This makes us, as organizers, especially joyful since it suggests that the topics that were discussed are current and relevant. We thank all of participants for finding time, enthusiasm and financial means to participate at the Conference, especially in these hard times we are all living in.<\/p>\n\n\n\n<p id=\"block-0eef2cc6-7ebb-4336-b0bf-1ce1e8c4b184\">We believe that we, as the organizers of this gathering, have lived up to expectations, and that we have shared knowledge, experiences and opinions on the topics of this conference which are crucial from the nature and environmental protection perspective, especially given the significant investment potential of the region that has to be planned and realized, while making sure that the quality of nature and environment is protected.<\/p>\n\n\n\n<p id=\"block-e1b6f629-3661-431f-a34e-e24cef5d8afd\">One of the main goals of the Conference was to remove communication barriers and increase mutual understanding and trust between the stakeholders, all the while respecting expert knowledge and best practice.<\/p>\n\n\n\n<p id=\"block-b37f9210-4778-43bd-bf92-2928f8c42f22\">Numerous expert papers, more than 150 of them, which were presented during the Conference as well as theme round tables have brought forth a critical mass of knowledge and best practice that can motivate changes to the better.<\/p>\n\n\n\n<p id=\"block-01846f7b-7a82-4e6a-93dc-2d8d3886c133\">We are aware that we must start from ourselves if we wish to change the existing behavioural patterns. This is exactly why this was the first \u201ccarbon neutral\u201d conference in Croatia, and the region, which means that all of the greenhouse gas emission from the event were compensated. By investing in greenhouse gas reduction units created through renewable energy resources projects and forestation, emissions of participant transport and lodging, conference logistics and venue were neutralized.<\/p>\n\n\n\n<p id=\"block-3bce1b36-4233-4ed4-8c28-fc4feb1843fb\">We would like to thank our patron, <a href=\"https:\/\/huszpo-konferencija.com\/en\/sponzori-2013\/\">sponsors<\/a>, <a href=\"https:\/\/huszpo-konferencija.com\/en\/odbori-2013\/\">members of the Organizing, Scientific and Advisory Committees<\/a>, authors, key lecturers, round table panellists, moderators, participants and all others that have contributed to the successful realization of the first conference of such scale and topic in the region!<\/p>\n<\/div>\n\n\n\n<div class=\"wp-block-column is-layout-flow wp-block-column-is-layout-flow\" style=\"flex-basis:33.33%\">\n<figure class=\"wp-block-image\"><img decoding=\"async\" src=\"http:\/\/www.huszpo-konferencija.com\/wp-content\/uploads\/2018\/10\/zbornik-radova.jpg\" alt=\"\"\/><\/figure>\n\n\n\n<ul class=\"wp-block-list\"><li>Section 1 -&nbsp;<a href=\"https:\/\/www.huszpo-konferencija.com\/wp-content\/uploads\/2014\/06\/sekcija-1_section1.pdf\">Strategic Impact Assessment<\/a><\/li><li>Section 2 -&nbsp;<a href=\"https:\/\/www.huszpo-konferencija.com\/wp-content\/uploads\/2014\/06\/sekcija-2_section2.pdf\">Environmental Impact Assessment<\/a><\/li><li>Section 3 -&nbsp;<a href=\"https:\/\/www.huszpo-konferencija.com\/wp-content\/uploads\/2014\/06\/sekcija-3_section-3.pdf\">Natura 2000 - Appropriate Assessment<\/a><\/li><li>Section 4 -&nbsp;<a href=\"https:\/\/www.huszpo-konferencija.com\/wp-content\/uploads\/2014\/06\/sekcija-4_section-4.pdf\">Public Participation<\/a><\/li><li>Section 5 -&nbsp;<a href=\"https:\/\/www.huszpo-konferencija.com\/wp-content\/uploads\/2014\/06\/sekcija-5_section-5.pdf\">Environmental Protection and Project Financing<\/a><\/li><\/ul>\n\n\n\n<figure class=\"wp-block-image\"><img decoding=\"async\" src=\"Book of abstracts\" alt=\"\"\/><\/figure>\n\n\n\n<ul class=\"wp-block-list\"><li><a href=\"https:\/\/www.huszpo-konferencija.com\/wp-content\/uploads\/2014\/11\/zbornik_sazetaka_2013.pdf\">Book of abstracts 2013<\/a><\/li><\/ul>\n\n\n\n<figure class=\"wp-block-image\"><img decoding=\"async\" src=\"Presentations\" alt=\"\"\/><\/figure>\n\n\n\n<ul class=\"wp-block-list\"><li><a href=\"https:\/\/www.huszpo-konferencija.com\/wp-content\/uploads\/2013\/10\/A_SEA.zip\">Section Strategic Environmental Assessment<\/a><\/li><li><a href=\"https:\/\/www.huszpo-konferencija.com\/wp-content\/uploads\/2013\/10\/B_EIA.zip\">Section Environmental Impact Assessment<\/a><\/li><li><a href=\"https:\/\/www.huszpo-konferencija.com\/wp-content\/uploads\/2013\/10\/C_NATURA-2000.zip\">Section Natura 2000 - Appropriate Assessment<\/a><\/li><li><a href=\"https:\/\/www.huszpo-konferencija.com\/wp-content\/uploads\/2013\/10\/D_PUBLIC-PARTICIPATION.zip\">Section Public Participation<\/a><\/li><li><a href=\"https:\/\/www.huszpo-konferencija.com\/wp-content\/uploads\/2013\/10\/E_FINANCING.zip\">Section Environmental Protection and Project Financing<\/a><\/li><\/ul>\n\n\n\n<ul class=\"wp-block-list\"><li><a href=\"https:\/\/www.huszpo-konferencija.com\/wp-content\/uploads\/2013\/10\/Zaklju%C4%8Dci.pdf\">\"Conclusions<\/a><\/li><\/ul>\n\n\n\n<ul class=\"wp-block-list\"><li><a href=\"https:\/\/www.huszpo-konferencija.com\/wp-content\/uploads\/2015\/06\/PROGRAM_19_09.pdf\">19.09.<\/a><\/li><li><a href=\"https:\/\/www.huszpo-konferencija.com\/wp-content\/uploads\/2015\/06\/PROGRAM_20_09.pdf\">20.09.<\/a><\/li><\/ul>\n<\/div>\n<\/div>\n\n\n<div class=\"foogallery foogallery-container foogallery-masonry foogallery-lightbox-foobox fg-center fg-masonry fg-dark fg-border-thin fg-shadow-small fg-loading-default fg-loaded-fade-in fg-captions-bottom fg-hover-fade fg-ready fg-col3\" id=\"foogallery-gallery-4261\" data-foogallery=\"{&quot;item&quot;:{&quot;showCaptionTitle&quot;:false,&quot;showCaptionDescription&quot;:false},&quot;lazy&quot;:true}\" >\r\n\t\t<div class=\"fg-column-width\"><\/div>\r\n\t<div class=\"fg-gutter-width\"><\/div>\r\n\t\t<div class=\"fg-item fg-type-image fg-idle\"><figure class=\"fg-item-inner\"><a href=\"https:\/\/huszpo-konferencija.com\/wp-content\/uploads\/2013\/10\/DSC_7538.jpg\" data-attachment-id=\"571\" data-type=\"image\" class=\"fg-thumb\"><span class=\"fg-image-wrap\"><img decoding=\"async\" width=\"250\" height=\"140\" class=\"skip-lazy fg-image\" data-src-fg=\"https:\/\/huszpo-konferencija.com\/wp-content\/uploads\/cache\/2013\/10\/DSC_7538\/1762292522.jpg\" src=\"data:image\/svg+xml,%3Csvg%20xmlns%3D%22http%3A%2F%2Fwww.w3.org%2F2000%2Fsvg%22%20width%3D%22250%22%20height%3D%22140%22%20viewBox%3D%220%200%20250%20140%22%3E%3C%2Fsvg%3E\" loading=\"eager\"><\/span><span class=\"fg-image-overlay\"><\/span><\/a><\/figure><div class=\"fg-loader\"><\/div><\/div><div class=\"fg-item fg-type-image fg-idle\"><figure class=\"fg-item-inner\"><a href=\"https:\/\/huszpo-konferencija.com\/wp-content\/uploads\/2013\/10\/DSC_7506.jpg\" data-attachment-id=\"570\" data-type=\"image\" class=\"fg-thumb\"><span class=\"fg-image-wrap\"><img decoding=\"async\" width=\"250\" height=\"159\" class=\"skip-lazy fg-image\" data-src-fg=\"https:\/\/huszpo-konferencija.com\/wp-content\/uploads\/cache\/2013\/10\/DSC_7506\/2496823034.jpg\" src=\"data:image\/svg+xml,%3Csvg%20xmlns%3D%22http%3A%2F%2Fwww.w3.org%2F2000%2Fsvg%22%20width%3D%22250%22%20height%3D%22159%22%20viewBox%3D%220%200%20250%20159%22%3E%3C%2Fsvg%3E\" loading=\"eager\"><\/span><span class=\"fg-image-overlay\"><\/span><\/a><\/figure><div class=\"fg-loader\"><\/div><\/div><div class=\"fg-item fg-type-image fg-idle\"><figure class=\"fg-item-inner\"><a href=\"https:\/\/huszpo-konferencija.com\/wp-content\/uploads\/2013\/10\/DSC_7644.jpg\" data-attachment-id=\"566\" data-type=\"image\" class=\"fg-thumb\"><span class=\"fg-image-wrap\"><img decoding=\"async\" width=\"250\" height=\"145\" class=\"skip-lazy fg-image\" data-src-fg=\"https:\/\/huszpo-konferencija.com\/wp-content\/uploads\/cache\/2013\/10\/DSC_7644\/1285962193.jpg\" src=\"data:image\/svg+xml,%3Csvg%20xmlns%3D%22http%3A%2F%2Fwww.w3.org%2F2000%2Fsvg%22%20width%3D%22250%22%20height%3D%22145%22%20viewBox%3D%220%200%20250%20145%22%3E%3C%2Fsvg%3E\" loading=\"eager\"><\/span><span class=\"fg-image-overlay\"><\/span><\/a><\/figure><div class=\"fg-loader\"><\/div><\/div><div class=\"fg-item fg-type-image fg-idle\"><figure class=\"fg-item-inner\"><a href=\"https:\/\/huszpo-konferencija.com\/wp-content\/uploads\/2013\/10\/DSC_7494.jpg\" data-attachment-id=\"563\" data-type=\"image\" class=\"fg-thumb\"><span class=\"fg-image-wrap\"><img decoding=\"async\" width=\"250\" height=\"154\" class=\"skip-lazy fg-image\" data-src-fg=\"https:\/\/huszpo-konferencija.com\/wp-content\/uploads\/cache\/2013\/10\/DSC_7494\/2573053314.jpg\" src=\"data:image\/svg+xml,%3Csvg%20xmlns%3D%22http%3A%2F%2Fwww.w3.org%2F2000%2Fsvg%22%20width%3D%22250%22%20height%3D%22154%22%20viewBox%3D%220%200%20250%20154%22%3E%3C%2Fsvg%3E\" loading=\"eager\"><\/span><span class=\"fg-image-overlay\"><\/span><\/a><\/figure><div class=\"fg-loader\"><\/div><\/div><div class=\"fg-item fg-type-image fg-idle\"><figure class=\"fg-item-inner\"><a href=\"https:\/\/huszpo-konferencija.com\/wp-content\/uploads\/2013\/10\/DSC_7901.jpg\" data-attachment-id=\"560\" data-type=\"image\" class=\"fg-thumb\"><span class=\"fg-image-wrap\"><img decoding=\"async\" width=\"250\" height=\"144\" class=\"skip-lazy fg-image\" data-src-fg=\"https:\/\/huszpo-konferencija.com\/wp-content\/uploads\/cache\/2013\/10\/DSC_7901\/569441573.jpg\" src=\"data:image\/svg+xml,%3Csvg%20xmlns%3D%22http%3A%2F%2Fwww.w3.org%2F2000%2Fsvg%22%20width%3D%22250%22%20height%3D%22144%22%20viewBox%3D%220%200%20250%20144%22%3E%3C%2Fsvg%3E\" loading=\"eager\"><\/span><span class=\"fg-image-overlay\"><\/span><\/a><\/figure><div class=\"fg-loader\"><\/div><\/div><div class=\"fg-item fg-type-image fg-idle\"><figure class=\"fg-item-inner\"><a href=\"https:\/\/huszpo-konferencija.com\/wp-content\/uploads\/2013\/10\/DSC_7893.jpg\" data-attachment-id=\"557\" data-type=\"image\" class=\"fg-thumb\"><span class=\"fg-image-wrap\"><img decoding=\"async\" width=\"250\" height=\"150\" class=\"skip-lazy fg-image\" data-src-fg=\"https:\/\/huszpo-konferencija.com\/wp-content\/uploads\/cache\/2013\/10\/DSC_7893\/1294367890.jpg\" src=\"data:image\/svg+xml,%3Csvg%20xmlns%3D%22http%3A%2F%2Fwww.w3.org%2F2000%2Fsvg%22%20width%3D%22250%22%20height%3D%22150%22%20viewBox%3D%220%200%20250%20150%22%3E%3C%2Fsvg%3E\" loading=\"eager\"><\/span><span class=\"fg-image-overlay\"><\/span><\/a><\/figure><div class=\"fg-loader\"><\/div><\/div><div class=\"fg-item fg-type-image fg-idle\"><figure class=\"fg-item-inner\"><a href=\"https:\/\/huszpo-konferencija.com\/wp-content\/uploads\/2013\/10\/DSC_7388.jpg\" data-attachment-id=\"550\" data-type=\"image\" class=\"fg-thumb\"><span class=\"fg-image-wrap\"><img decoding=\"async\" width=\"250\" height=\"160\" class=\"skip-lazy fg-image\" data-src-fg=\"https:\/\/huszpo-konferencija.com\/wp-content\/uploads\/cache\/2013\/10\/DSC_7388\/2807655494.jpg\" src=\"data:image\/svg+xml,%3Csvg%20xmlns%3D%22http%3A%2F%2Fwww.w3.org%2F2000%2Fsvg%22%20width%3D%22250%22%20height%3D%22160%22%20viewBox%3D%220%200%20250%20160%22%3E%3C%2Fsvg%3E\" loading=\"eager\"><\/span><span class=\"fg-image-overlay\"><\/span><\/a><\/figure><div class=\"fg-loader\"><\/div><\/div><div class=\"fg-item fg-type-image fg-idle\"><figure class=\"fg-item-inner\"><a href=\"https:\/\/huszpo-konferencija.com\/wp-content\/uploads\/2013\/10\/DSC_7352.jpg\" data-attachment-id=\"548\" data-type=\"image\" class=\"fg-thumb\"><span class=\"fg-image-wrap\"><img decoding=\"async\" width=\"250\" height=\"169\" class=\"skip-lazy fg-image\" data-src-fg=\"https:\/\/huszpo-konferencija.com\/wp-content\/uploads\/cache\/2013\/10\/DSC_7352\/1514273772.jpg\" src=\"data:image\/svg+xml,%3Csvg%20xmlns%3D%22http%3A%2F%2Fwww.w3.org%2F2000%2Fsvg%22%20width%3D%22250%22%20height%3D%22169%22%20viewBox%3D%220%200%20250%20169%22%3E%3C%2Fsvg%3E\" loading=\"eager\"><\/span><span class=\"fg-image-overlay\"><\/span><\/a><\/figure><div class=\"fg-loader\"><\/div><\/div><div class=\"fg-item fg-type-image fg-idle\"><figure class=\"fg-item-inner\"><a href=\"https:\/\/huszpo-konferencija.com\/wp-content\/uploads\/2013\/10\/DSC_7291.jpg\" data-attachment-id=\"546\" data-type=\"image\" class=\"fg-thumb\"><span class=\"fg-image-wrap\"><img decoding=\"async\" width=\"250\" height=\"167\" class=\"skip-lazy fg-image\" data-src-fg=\"https:\/\/huszpo-konferencija.com\/wp-content\/uploads\/cache\/2013\/10\/DSC_7291\/1814405705.jpg\" src=\"data:image\/svg+xml,%3Csvg%20xmlns%3D%22http%3A%2F%2Fwww.w3.org%2F2000%2Fsvg%22%20width%3D%22250%22%20height%3D%22167%22%20viewBox%3D%220%200%20250%20167%22%3E%3C%2Fsvg%3E\" loading=\"eager\"><\/span><span class=\"fg-image-overlay\"><\/span><\/a><\/figure><div class=\"fg-loader\"><\/div><\/div><div class=\"fg-item fg-type-image fg-idle\"><figure class=\"fg-item-inner\"><a href=\"https:\/\/huszpo-konferencija.com\/wp-content\/uploads\/2013\/10\/DSC_7283.jpg\" data-attachment-id=\"545\" data-type=\"image\" class=\"fg-thumb\"><span class=\"fg-image-wrap\"><img decoding=\"async\" width=\"250\" height=\"164\" class=\"skip-lazy fg-image\" data-src-fg=\"https:\/\/huszpo-konferencija.com\/wp-content\/uploads\/cache\/2013\/10\/DSC_7283\/2422985311.jpg\" src=\"data:image\/svg+xml,%3Csvg%20xmlns%3D%22http%3A%2F%2Fwww.w3.org%2F2000%2Fsvg%22%20width%3D%22250%22%20height%3D%22164%22%20viewBox%3D%220%200%20250%20164%22%3E%3C%2Fsvg%3E\" loading=\"eager\"><\/span><span class=\"fg-image-overlay\"><\/span><\/a><\/figure><div class=\"fg-loader\"><\/div><\/div><div class=\"fg-item fg-type-image fg-idle\"><figure class=\"fg-item-inner\"><a href=\"https:\/\/huszpo-konferencija.com\/wp-content\/uploads\/2013\/10\/DSC_7277.jpg\" data-attachment-id=\"544\" data-type=\"image\" class=\"fg-thumb\"><span class=\"fg-image-wrap\"><img decoding=\"async\" width=\"250\" height=\"166\" class=\"skip-lazy fg-image\" data-src-fg=\"https:\/\/huszpo-konferencija.com\/wp-content\/uploads\/cache\/2013\/10\/DSC_7277\/440873043.jpg\" src=\"data:image\/svg+xml,%3Csvg%20xmlns%3D%22http%3A%2F%2Fwww.w3.org%2F2000%2Fsvg%22%20width%3D%22250%22%20height%3D%22166%22%20viewBox%3D%220%200%20250%20166%22%3E%3C%2Fsvg%3E\" loading=\"eager\"><\/span><span class=\"fg-image-overlay\"><\/span><\/a><\/figure><div class=\"fg-loader\"><\/div><\/div><\/div>","protected":false},"excerpt":{"rendered":"<p>Prva regionalna konferencija o procjeni utjecaja na okoli\u0161, odr\u017eana je pod pokroviteljstvom Ministarstva za\u0161tite okoli\u0161a i prirode Republike Hrvatske u Zadru od 18. do 21. rujna 2013. godine. Donijeli smo odluku organizirati konferenciju kako bi na jednom mjestu okupili: profesionalce, znanstvenike, predstavnike upravnih tijela, predstavnike lokalne i podru\u010dne samouprave, nevladine organizacije, stru\u010dnjake za odnose s&hellip;&nbsp;<a href=\"https:\/\/huszpo-konferencija.com\/en\/konferencija-2013\/\" rel=\"bookmark\">Read More &raquo;<span class=\"screen-reader-text\">Conference 2013<\/span><\/a><\/p>","protected":false},"author":1,"featured_media":0,"parent":0,"menu_order":0,"comment_status":"closed","ping_status":"closed","template":"","meta":{"_uag_custom_page_level_css":"","neve_meta_sidebar":"","neve_meta_container":"","neve_meta_enable_content_width":"","neve_meta_content_width":0,"neve_meta_title_alignment":"","neve_meta_author_avatar":"","neve_post_elements_order":"","neve_meta_disable_header":"","neve_meta_disable_footer":"","neve_meta_disable_title":"","_themeisle_gutenberg_block_has_review":false,"footnotes":""},"class_list":["post-606","page","type-page","status-publish","hentry"],"yoast_head":"<!-- This site is optimized with the Yoast SEO plugin v24.2 - https:\/\/yoast.com\/wordpress\/plugins\/seo\/ -->\n<title>Konferencija 2013 - Konferencija Okoli\u0161ne procjene i Europski zeleni plan &#039;22<\/title>\n<meta name=\"robots\" content=\"index, follow, max-snippet:-1, max-image-preview:large, max-video-preview:-1\" \/>\n<link rel=\"canonical\" href=\"https:\/\/huszpo-konferencija.com\/en\/konferencija-2013\/\" \/>\n<meta property=\"og:locale\" content=\"en_US\" \/>\n<meta property=\"og:type\" content=\"article\" \/>\n<meta property=\"og:title\" content=\"Konferencija 2013 - Konferencija Okoli\u0161ne procjene i Europski zeleni plan &#039;22\" \/>\n<meta property=\"og:description\" content=\"Prva regionalna konferencija o procjeni utjecaja na okoli\u0161, odr\u017eana je pod pokroviteljstvom Ministarstva za\u0161tite okoli\u0161a i prirode Republike Hrvatske u Zadru od 18. do 21. rujna 2013. godine. Donijeli smo odluku organizirati konferenciju kako bi na jednom mjestu okupili: profesionalce, znanstvenike, predstavnike upravnih tijela, predstavnike lokalne i podru\u010dne samouprave, nevladine organizacije, stru\u010dnjake za odnose s&hellip;&nbsp;Read More &raquo;Konferencija 2013\" \/>\n<meta property=\"og:url\" content=\"https:\/\/huszpo-konferencija.com\/en\/konferencija-2013\/\" \/>\n<meta property=\"og:site_name\" content=\"Konferencija Okoli\u0161ne procjene i Europski zeleni plan &#039;22\" \/>\n<meta property=\"article:publisher\" content=\"https:\/\/www.facebook.com\/HUSZPO-107221977694653\/\" \/>\n<meta property=\"article:modified_time\" content=\"2021-10-19T10:52:49+00:00\" \/>\n<meta name=\"twitter:card\" content=\"summary_large_image\" \/>\n<meta name=\"twitter:site\" content=\"@huszpo\" \/>\n<meta name=\"twitter:label1\" content=\"Est. reading time\" \/>\n\t<meta name=\"twitter:data1\" content=\"2 minutes\" \/>\n<script type=\"application\/ld+json\" class=\"yoast-schema-graph\">{\"@context\":\"https:\/\/schema.org\",\"@graph\":[{\"@type\":\"WebPage\",\"@id\":\"https:\/\/huszpo-konferencija.com\/konferencija-2013\/\",\"url\":\"https:\/\/huszpo-konferencija.com\/konferencija-2013\/\",\"name\":\"Konferencija 2013 - Konferencija Okoli\u0161ne procjene i Europski zeleni plan &#039;22\",\"isPartOf\":{\"@id\":\"https:\/\/huszpo-konferencija.com\/#website\"},\"datePublished\":\"2014-10-29T22:10:17+00:00\",\"dateModified\":\"2021-10-19T10:52:49+00:00\",\"breadcrumb\":{\"@id\":\"https:\/\/huszpo-konferencija.com\/konferencija-2013\/#breadcrumb\"},\"inLanguage\":\"en-US\",\"potentialAction\":[{\"@type\":\"ReadAction\",\"target\":[\"https:\/\/huszpo-konferencija.com\/konferencija-2013\/\"]}]},{\"@type\":\"BreadcrumbList\",\"@id\":\"https:\/\/huszpo-konferencija.com\/konferencija-2013\/#breadcrumb\",\"itemListElement\":[{\"@type\":\"ListItem\",\"position\":1,\"name\":\"Naslovna\",\"item\":\"https:\/\/huszpo-konferencija.com\/\"},{\"@type\":\"ListItem\",\"position\":2,\"name\":\"Konferencija 2013\"}]},{\"@type\":\"WebSite\",\"@id\":\"https:\/\/huszpo-konferencija.com\/#website\",\"url\":\"https:\/\/huszpo-konferencija.com\/\",\"name\":\"Konferencija Okoli\u0161ne procjene i Europski zeleni plan\",\"description\":\"Konferencija Okoli\u0161ne procjene i Europski zeleni plan &#039;22\",\"publisher\":{\"@id\":\"https:\/\/huszpo-konferencija.com\/#organization\"},\"potentialAction\":[{\"@type\":\"SearchAction\",\"target\":{\"@type\":\"EntryPoint\",\"urlTemplate\":\"https:\/\/huszpo-konferencija.com\/?s={search_term_string}\"},\"query-input\":{\"@type\":\"PropertyValueSpecification\",\"valueRequired\":true,\"valueName\":\"search_term_string\"}}],\"inLanguage\":\"en-US\"},{\"@type\":\"Organization\",\"@id\":\"https:\/\/huszpo-konferencija.com\/#organization\",\"name\":\"HUSZPO\",\"url\":\"https:\/\/huszpo-konferencija.com\/\",\"logo\":{\"@type\":\"ImageObject\",\"inLanguage\":\"en-US\",\"@id\":\"https:\/\/huszpo-konferencija.com\/#\/schema\/logo\/image\/\",\"url\":\"https:\/\/huszpo-konferencija.com\/wp-content\/uploads\/2021\/10\/cropped-cropped-cropped-Logo.png\",\"contentUrl\":\"https:\/\/huszpo-konferencija.com\/wp-content\/uploads\/2021\/10\/cropped-cropped-cropped-Logo.png\",\"width\":512,\"height\":512,\"caption\":\"HUSZPO\"},\"image\":{\"@id\":\"https:\/\/huszpo-konferencija.com\/#\/schema\/logo\/image\/\"},\"sameAs\":[\"https:\/\/www.facebook.com\/HUSZPO-107221977694653\/\",\"https:\/\/x.com\/huszpo\",\"https:\/\/www.instagram.com\/huszpo\",\"https:\/\/www.linkedin.com\/in\/huszpo-hrvatska-udruga-stru\u010dnjaka-za\u0161tite-prirode-i-okoli\u0161a-2a52481b2\/?originalSubdomain=hr\"]}]}<\/script>\n<!-- \/ Yoast SEO plugin. -->","yoast_head_json":{"title":"Konferencija 2013 - Konferencija Okoli\u0161ne procjene i Europski zeleni plan &#039;22","robots":{"index":"index","follow":"follow","max-snippet":"max-snippet:-1","max-image-preview":"max-image-preview:large","max-video-preview":"max-video-preview:-1"},"canonical":"https:\/\/huszpo-konferencija.com\/en\/konferencija-2013\/","og_locale":"en_US","og_type":"article","og_title":"Konferencija 2013 - Konferencija Okoli\u0161ne procjene i Europski zeleni plan &#039;22","og_description":"Prva regionalna konferencija o procjeni utjecaja na okoli\u0161, odr\u017eana je pod pokroviteljstvom Ministarstva za\u0161tite okoli\u0161a i prirode Republike Hrvatske u Zadru od 18. do 21. rujna 2013. godine. Donijeli smo odluku organizirati konferenciju kako bi na jednom mjestu okupili: profesionalce, znanstvenike, predstavnike upravnih tijela, predstavnike lokalne i podru\u010dne samouprave, nevladine organizacije, stru\u010dnjake za odnose s&hellip;&nbsp;Read More &raquo;Konferencija 2013","og_url":"https:\/\/huszpo-konferencija.com\/en\/konferencija-2013\/","og_site_name":"Konferencija Okoli\u0161ne procjene i Europski zeleni plan &#039;22","article_publisher":"https:\/\/www.facebook.com\/HUSZPO-107221977694653\/","article_modified_time":"2021-10-19T10:52:49+00:00","twitter_card":"summary_large_image","twitter_site":"@huszpo","twitter_misc":{"Est. reading time":"2 minutes"},"schema":{"@context":"https:\/\/schema.org","@graph":[{"@type":"WebPage","@id":"https:\/\/huszpo-konferencija.com\/konferencija-2013\/","url":"https:\/\/huszpo-konferencija.com\/konferencija-2013\/","name":"Konferencija 2013 - Konferencija Okoli\u0161ne procjene i Europski zeleni plan &#039;22","isPartOf":{"@id":"https:\/\/huszpo-konferencija.com\/#website"},"datePublished":"2014-10-29T22:10:17+00:00","dateModified":"2021-10-19T10:52:49+00:00","breadcrumb":{"@id":"https:\/\/huszpo-konferencija.com\/konferencija-2013\/#breadcrumb"},"inLanguage":"en-US","potentialAction":[{"@type":"ReadAction","target":["https:\/\/huszpo-konferencija.com\/konferencija-2013\/"]}]},{"@type":"BreadcrumbList","@id":"https:\/\/huszpo-konferencija.com\/konferencija-2013\/#breadcrumb","itemListElement":[{"@type":"ListItem","position":1,"name":"Naslovna","item":"https:\/\/huszpo-konferencija.com\/"},{"@type":"ListItem","position":2,"name":"Konferencija 2013"}]},{"@type":"WebSite","@id":"https:\/\/huszpo-konferencija.com\/#website","url":"https:\/\/huszpo-konferencija.com\/","name":"Konferencija Okoli\u0161ne procjene i Europski zeleni plan","description":"Konferencija Okoli\u0161ne procjene i Europski zeleni plan &#039;22","publisher":{"@id":"https:\/\/huszpo-konferencija.com\/#organization"},"potentialAction":[{"@type":"SearchAction","target":{"@type":"EntryPoint","urlTemplate":"https:\/\/huszpo-konferencija.com\/?s={search_term_string}"},"query-input":{"@type":"PropertyValueSpecification","valueRequired":true,"valueName":"search_term_string"}}],"inLanguage":"en-US"},{"@type":"Organization","@id":"https:\/\/huszpo-konferencija.com\/#organization","name":"HUSZPO","url":"https:\/\/huszpo-konferencija.com\/","logo":{"@type":"ImageObject","inLanguage":"en-US","@id":"https:\/\/huszpo-konferencija.com\/#\/schema\/logo\/image\/","url":"https:\/\/huszpo-konferencija.com\/wp-content\/uploads\/2021\/10\/cropped-cropped-cropped-Logo.png","contentUrl":"https:\/\/huszpo-konferencija.com\/wp-content\/uploads\/2021\/10\/cropped-cropped-cropped-Logo.png","width":512,"height":512,"caption":"HUSZPO"},"image":{"@id":"https:\/\/huszpo-konferencija.com\/#\/schema\/logo\/image\/"},"sameAs":["https:\/\/www.facebook.com\/HUSZPO-107221977694653\/","https:\/\/x.com\/huszpo","https:\/\/www.instagram.com\/huszpo","https:\/\/www.linkedin.com\/in\/huszpo-hrvatska-udruga-stru\u010dnjaka-za\u0161tite-prirode-i-okoli\u0161a-2a52481b2\/?originalSubdomain=hr"]}]}},"uagb_featured_image_src":{"full":false,"thumbnail":false,"medium":false,"medium_large":false,"large":false,"gs-tiny":false,"xl":false,"xxl":false,"xxxl":false,"xxxxl":false,"xxxxxl":false,"1536x1536":false,"2048x2048":false,"trp-custom-language-flag":false,"neve-blog":false},"uagb_author_info":{"display_name":"","author_link":"https:\/\/huszpo-konferencija.com\/en\/author\/"},"uagb_comment_info":0,"uagb_excerpt":"Prva regionalna konferencija o procjeni utjecaja na okoli\u0161, odr\u017eana je pod pokroviteljstvom Ministarstva za\u0161tite okoli\u0161a i prirode Republike Hrvatske u Zadru od 18. do 21. rujna 2013. godine. Donijeli smo odluku organizirati konferenciju kako bi na jednom mjestu okupili: profesionalce, znanstvenike, predstavnike upravnih tijela, predstavnike lokalne i podru\u010dne samouprave, nevladine organizacije, stru\u010dnjake za odnose s&hellip;&nbsp;Read&hellip;","_links":{"self":[{"href":"https:\/\/huszpo-konferencija.com\/en\/wp-json\/wp\/v2\/pages\/606","targetHints":{"allow":["GET"]}}],"collection":[{"href":"https:\/\/huszpo-konferencija.com\/en\/wp-json\/wp\/v2\/pages"}],"about":[{"href":"https:\/\/huszpo-konferencija.com\/en\/wp-json\/wp\/v2\/types\/page"}],"author":[{"embeddable":true,"href":"https:\/\/huszpo-konferencija.com\/en\/wp-json\/wp\/v2\/users\/1"}],"replies":[{"embeddable":true,"href":"https:\/\/huszpo-konferencija.com\/en\/wp-json\/wp\/v2\/comments?post=606"}],"version-history":[{"count":11,"href":"https:\/\/huszpo-konferencija.com\/en\/wp-json\/wp\/v2\/pages\/606\/revisions"}],"predecessor-version":[{"id":4504,"href":"https:\/\/huszpo-konferencija.com\/en\/wp-json\/wp\/v2\/pages\/606\/revisions\/4504"}],"wp:attachment":[{"href":"https:\/\/huszpo-konferencija.com\/en\/wp-json\/wp\/v2\/media?parent=606"}],"curies":[{"name":"wp","href":"https:\/\/api.w.org\/{rel}","templated":true}]}}