{"id":4658,"date":"2021-12-20T13:39:41","date_gmt":"2021-12-20T13:39:41","guid":{"rendered":"https:\/\/huszpo-konferencija.com\/?page_id=4658"},"modified":"2021-12-22T11:25:33","modified_gmt":"2021-12-22T11:25:33","slug":"tematska-cjelina-klimatsko-potvrdivanje","status":"publish","type":"page","link":"https:\/\/huszpo-konferencija.com\/en\/upute_za_autore\/tematska-cjelina-klimatsko-potvrdivanje\/","title":{"rendered":"Thematic cluster: Climate Proofing"},"content":{"rendered":"<h2 class=\"wp-block-heading\" id=\"podteme\">Subthemes<\/h2>\n\n\n\n<ol class=\"wp-block-list\"><li>New European Commission Technical guidance on climate the proofing of infrastructure in the period 2021-2027 and its connection to EIA and SEA<\/li><li>Climate data availability and quality<\/li><li>Uncertainty and<em>\"no-regret<\/em>\" option<\/li><li>Climate resilience and neutrality of projects<\/li><\/ol>\n\n\n\n<h2 class=\"wp-block-heading\" id=\"moguci-tematski-izazovi\">Possible thematic challenges<\/h2>\n\n\n\n<ul class=\"wp-block-list\"><li>How can we get quality data for the relevant climate change scenarios? What are the experiences with the use of local meteorological and climate measurements and models?<\/li><li>How is climate change interacting with other issues assessed in the EIA and SEA (e.g. biodiversity objectives, water management objectives)?<\/li><li>How do we approach uncertainty and promote no-regret or low-regret options that work sufficiently well during the future climate variability? What can we learn from natural and industrial hazard assessment and safety analyses?<\/li><li>What are the challenges in choosing appropriate methodology for assessment of climate change impact on projects, plans and strategies? What are the similarities and differences between climate resilience proofing and consideration of climate change in EIA and SEA processes? What are the opportunities for coordinated processes?<\/li><li>What are good practice examples in calculating GHG emissions (e.g. consideration of direct and indirect emissions and defining correct scope of such calculations, considering relative\/absolute emissions, approaches based on life-cycle analyses etc.)? What practical approaches that could be used for neutrality proofing based on the recent European Commission technical guidance on the climate proofing of infrastructure in the period 2021-2027?<\/li><li>How to approach carbon neutrality proofing of interventions that generally tend to increase GHG emissions \u2013 e.g. transport infrastructure, proposals for the utilisation of natural gas, etc.<\/li><li>Should EIA processes disclose the predicted external costs of carbon emissions associated with the proposed developments?<\/li><li>What are the main opportunities for an effective coordination of SEA with the forthcoming climate resilience proofing and climate neutrality proofing of EU-funded projects (based on the recent European Commission technical guidance on the climate proofing of infrastructure in the period 2021-2027)?<\/li><\/ul>","protected":false},"excerpt":{"rendered":"<p>Podteme Nove upute Europske komisije o klimatskom potvr\u0111ivanju infrastrukture u razdoblju 2021.-2027. i njihova povezanost s PUO i SPUO Raspolo\u017eivost i kvaliteta podataka Neizvjesnost i \u201cno-regret\u201d opcija Klimatska otpornost i dokaz neutralnosti Mogu\u0107i tematski izazovi Kako mo\u017eemo dobiti kvalitetne podatke za relevantne scenarije klimatskih promjena? Kakva su iskustva s kori\u0161tenjem lokalnih meteorolo\u0161kih i klimatskih mjerenja&hellip;&nbsp;<a href=\"https:\/\/huszpo-konferencija.com\/en\/upute_za_autore\/tematska-cjelina-klimatsko-potvrdivanje\/\" rel=\"bookmark\">Read More &raquo;<span class=\"screen-reader-text\">Thematic cluster: Climate Proofing<\/span><\/a><\/p>","protected":false},"author":9,"featured_media":0,"parent":33,"menu_order":0,"comment_status":"closed","ping_status":"closed","template":"","meta":{"_uag_custom_page_level_css":"","neve_meta_sidebar":"","neve_meta_container":"","neve_meta_enable_content_width":"","neve_meta_content_width":0,"neve_meta_title_alignment":"","neve_meta_author_avatar":"","neve_post_elements_order":"","neve_meta_disable_header":"","neve_meta_disable_footer":"","neve_meta_disable_title":"","_themeisle_gutenberg_block_has_review":false,"footnotes":""},"class_list":["post-4658","page","type-page","status-publish","hentry"],"yoast_head":"<!-- This site is optimized with the Yoast SEO plugin v24.2 - https:\/\/yoast.com\/wordpress\/plugins\/seo\/ -->\n<title>Tematska cjelina: Klimatsko potvr\u0111ivanje - Konferencija Okoli\u0161ne procjene i Europski zeleni plan &#039;22<\/title>\n<meta name=\"robots\" content=\"index, follow, max-snippet:-1, max-image-preview:large, max-video-preview:-1\" \/>\n<link rel=\"canonical\" href=\"https:\/\/huszpo-konferencija.com\/en\/upute_za_autore\/tematska-cjelina-klimatsko-potvrdivanje\/\" \/>\n<meta property=\"og:locale\" content=\"en_US\" \/>\n<meta property=\"og:type\" content=\"article\" \/>\n<meta property=\"og:title\" content=\"Tematska cjelina: Klimatsko potvr\u0111ivanje - Konferencija Okoli\u0161ne procjene i Europski zeleni plan &#039;22\" \/>\n<meta property=\"og:description\" content=\"Podteme Nove upute Europske komisije o klimatskom potvr\u0111ivanju infrastrukture u razdoblju 2021.-2027. i njihova povezanost s PUO i SPUO Raspolo\u017eivost i kvaliteta podataka Neizvjesnost i \u201cno-regret\u201d opcija Klimatska otpornost i dokaz neutralnosti Mogu\u0107i tematski izazovi Kako mo\u017eemo dobiti kvalitetne podatke za relevantne scenarije klimatskih promjena? Kakva su iskustva s kori\u0161tenjem lokalnih meteorolo\u0161kih i klimatskih mjerenja&hellip;&nbsp;Read More &raquo;Tematska cjelina: Klimatsko potvr\u0111ivanje\" \/>\n<meta property=\"og:url\" content=\"https:\/\/huszpo-konferencija.com\/en\/upute_za_autore\/tematska-cjelina-klimatsko-potvrdivanje\/\" \/>\n<meta property=\"og:site_name\" content=\"Konferencija Okoli\u0161ne procjene i Europski zeleni plan &#039;22\" \/>\n<meta property=\"article:publisher\" content=\"https:\/\/www.facebook.com\/HUSZPO-107221977694653\/\" \/>\n<meta property=\"article:modified_time\" content=\"2021-12-22T11:25:33+00:00\" \/>\n<meta name=\"twitter:card\" content=\"summary_large_image\" \/>\n<meta name=\"twitter:site\" content=\"@huszpo\" \/>\n<meta name=\"twitter:label1\" content=\"Est. reading time\" \/>\n\t<meta name=\"twitter:data1\" content=\"2 minutes\" \/>\n<script type=\"application\/ld+json\" class=\"yoast-schema-graph\">{\"@context\":\"https:\/\/schema.org\",\"@graph\":[{\"@type\":\"WebPage\",\"@id\":\"https:\/\/huszpo-konferencija.com\/upute_za_autore\/tematska-cjelina-klimatsko-potvrdivanje\/\",\"url\":\"https:\/\/huszpo-konferencija.com\/upute_za_autore\/tematska-cjelina-klimatsko-potvrdivanje\/\",\"name\":\"Tematska cjelina: Klimatsko potvr\u0111ivanje - Konferencija Okoli\u0161ne procjene i Europski zeleni plan &#039;22\",\"isPartOf\":{\"@id\":\"https:\/\/huszpo-konferencija.com\/#website\"},\"datePublished\":\"2021-12-20T13:39:41+00:00\",\"dateModified\":\"2021-12-22T11:25:33+00:00\",\"breadcrumb\":{\"@id\":\"https:\/\/huszpo-konferencija.com\/upute_za_autore\/tematska-cjelina-klimatsko-potvrdivanje\/#breadcrumb\"},\"inLanguage\":\"en-US\",\"potentialAction\":[{\"@type\":\"ReadAction\",\"target\":[\"https:\/\/huszpo-konferencija.com\/upute_za_autore\/tematska-cjelina-klimatsko-potvrdivanje\/\"]}]},{\"@type\":\"BreadcrumbList\",\"@id\":\"https:\/\/huszpo-konferencija.com\/upute_za_autore\/tematska-cjelina-klimatsko-potvrdivanje\/#breadcrumb\",\"itemListElement\":[{\"@type\":\"ListItem\",\"position\":1,\"name\":\"Naslovna\",\"item\":\"https:\/\/huszpo-konferencija.com\/\"},{\"@type\":\"ListItem\",\"position\":2,\"name\":\"Upute za autore\",\"item\":\"https:\/\/huszpo-konferencija.com\/upute_za_autore\/\"},{\"@type\":\"ListItem\",\"position\":3,\"name\":\"Tematska cjelina: Klimatsko potvr\u0111ivanje\"}]},{\"@type\":\"WebSite\",\"@id\":\"https:\/\/huszpo-konferencija.com\/#website\",\"url\":\"https:\/\/huszpo-konferencija.com\/\",\"name\":\"Konferencija Okoli\u0161ne procjene i Europski zeleni plan\",\"description\":\"Konferencija Okoli\u0161ne procjene i Europski zeleni plan &#039;22\",\"publisher\":{\"@id\":\"https:\/\/huszpo-konferencija.com\/#organization\"},\"potentialAction\":[{\"@type\":\"SearchAction\",\"target\":{\"@type\":\"EntryPoint\",\"urlTemplate\":\"https:\/\/huszpo-konferencija.com\/?s={search_term_string}\"},\"query-input\":{\"@type\":\"PropertyValueSpecification\",\"valueRequired\":true,\"valueName\":\"search_term_string\"}}],\"inLanguage\":\"en-US\"},{\"@type\":\"Organization\",\"@id\":\"https:\/\/huszpo-konferencija.com\/#organization\",\"name\":\"HUSZPO\",\"url\":\"https:\/\/huszpo-konferencija.com\/\",\"logo\":{\"@type\":\"ImageObject\",\"inLanguage\":\"en-US\",\"@id\":\"https:\/\/huszpo-konferencija.com\/#\/schema\/logo\/image\/\",\"url\":\"https:\/\/huszpo-konferencija.com\/wp-content\/uploads\/2021\/10\/cropped-cropped-cropped-Logo.png\",\"contentUrl\":\"https:\/\/huszpo-konferencija.com\/wp-content\/uploads\/2021\/10\/cropped-cropped-cropped-Logo.png\",\"width\":512,\"height\":512,\"caption\":\"HUSZPO\"},\"image\":{\"@id\":\"https:\/\/huszpo-konferencija.com\/#\/schema\/logo\/image\/\"},\"sameAs\":[\"https:\/\/www.facebook.com\/HUSZPO-107221977694653\/\",\"https:\/\/x.com\/huszpo\",\"https:\/\/www.instagram.com\/huszpo\",\"https:\/\/www.linkedin.com\/in\/huszpo-hrvatska-udruga-stru\u010dnjaka-za\u0161tite-prirode-i-okoli\u0161a-2a52481b2\/?originalSubdomain=hr\"]}]}<\/script>\n<!-- \/ Yoast SEO plugin. -->","yoast_head_json":{"title":"Tematska cjelina: Klimatsko potvr\u0111ivanje - Konferencija Okoli\u0161ne procjene i Europski zeleni plan &#039;22","robots":{"index":"index","follow":"follow","max-snippet":"max-snippet:-1","max-image-preview":"max-image-preview:large","max-video-preview":"max-video-preview:-1"},"canonical":"https:\/\/huszpo-konferencija.com\/en\/upute_za_autore\/tematska-cjelina-klimatsko-potvrdivanje\/","og_locale":"en_US","og_type":"article","og_title":"Tematska cjelina: Klimatsko potvr\u0111ivanje - Konferencija Okoli\u0161ne procjene i Europski zeleni plan &#039;22","og_description":"Podteme Nove upute Europske komisije o klimatskom potvr\u0111ivanju infrastrukture u razdoblju 2021.-2027. i njihova povezanost s PUO i SPUO Raspolo\u017eivost i kvaliteta podataka Neizvjesnost i \u201cno-regret\u201d opcija Klimatska otpornost i dokaz neutralnosti Mogu\u0107i tematski izazovi Kako mo\u017eemo dobiti kvalitetne podatke za relevantne scenarije klimatskih promjena? Kakva su iskustva s kori\u0161tenjem lokalnih meteorolo\u0161kih i klimatskih mjerenja&hellip;&nbsp;Read More &raquo;Tematska cjelina: Klimatsko potvr\u0111ivanje","og_url":"https:\/\/huszpo-konferencija.com\/en\/upute_za_autore\/tematska-cjelina-klimatsko-potvrdivanje\/","og_site_name":"Konferencija Okoli\u0161ne procjene i Europski zeleni plan &#039;22","article_publisher":"https:\/\/www.facebook.com\/HUSZPO-107221977694653\/","article_modified_time":"2021-12-22T11:25:33+00:00","twitter_card":"summary_large_image","twitter_site":"@huszpo","twitter_misc":{"Est. reading time":"2 minutes"},"schema":{"@context":"https:\/\/schema.org","@graph":[{"@type":"WebPage","@id":"https:\/\/huszpo-konferencija.com\/upute_za_autore\/tematska-cjelina-klimatsko-potvrdivanje\/","url":"https:\/\/huszpo-konferencija.com\/upute_za_autore\/tematska-cjelina-klimatsko-potvrdivanje\/","name":"Tematska cjelina: Klimatsko potvr\u0111ivanje - Konferencija Okoli\u0161ne procjene i Europski zeleni plan &#039;22","isPartOf":{"@id":"https:\/\/huszpo-konferencija.com\/#website"},"datePublished":"2021-12-20T13:39:41+00:00","dateModified":"2021-12-22T11:25:33+00:00","breadcrumb":{"@id":"https:\/\/huszpo-konferencija.com\/upute_za_autore\/tematska-cjelina-klimatsko-potvrdivanje\/#breadcrumb"},"inLanguage":"en-US","potentialAction":[{"@type":"ReadAction","target":["https:\/\/huszpo-konferencija.com\/upute_za_autore\/tematska-cjelina-klimatsko-potvrdivanje\/"]}]},{"@type":"BreadcrumbList","@id":"https:\/\/huszpo-konferencija.com\/upute_za_autore\/tematska-cjelina-klimatsko-potvrdivanje\/#breadcrumb","itemListElement":[{"@type":"ListItem","position":1,"name":"Naslovna","item":"https:\/\/huszpo-konferencija.com\/"},{"@type":"ListItem","position":2,"name":"Upute za autore","item":"https:\/\/huszpo-konferencija.com\/upute_za_autore\/"},{"@type":"ListItem","position":3,"name":"Tematska cjelina: Klimatsko potvr\u0111ivanje"}]},{"@type":"WebSite","@id":"https:\/\/huszpo-konferencija.com\/#website","url":"https:\/\/huszpo-konferencija.com\/","name":"Konferencija Okoli\u0161ne procjene i Europski zeleni plan","description":"Konferencija Okoli\u0161ne procjene i Europski zeleni plan &#039;22","publisher":{"@id":"https:\/\/huszpo-konferencija.com\/#organization"},"potentialAction":[{"@type":"SearchAction","target":{"@type":"EntryPoint","urlTemplate":"https:\/\/huszpo-konferencija.com\/?s={search_term_string}"},"query-input":{"@type":"PropertyValueSpecification","valueRequired":true,"valueName":"search_term_string"}}],"inLanguage":"en-US"},{"@type":"Organization","@id":"https:\/\/huszpo-konferencija.com\/#organization","name":"HUSZPO","url":"https:\/\/huszpo-konferencija.com\/","logo":{"@type":"ImageObject","inLanguage":"en-US","@id":"https:\/\/huszpo-konferencija.com\/#\/schema\/logo\/image\/","url":"https:\/\/huszpo-konferencija.com\/wp-content\/uploads\/2021\/10\/cropped-cropped-cropped-Logo.png","contentUrl":"https:\/\/huszpo-konferencija.com\/wp-content\/uploads\/2021\/10\/cropped-cropped-cropped-Logo.png","width":512,"height":512,"caption":"HUSZPO"},"image":{"@id":"https:\/\/huszpo-konferencija.com\/#\/schema\/logo\/image\/"},"sameAs":["https:\/\/www.facebook.com\/HUSZPO-107221977694653\/","https:\/\/x.com\/huszpo","https:\/\/www.instagram.com\/huszpo","https:\/\/www.linkedin.com\/in\/huszpo-hrvatska-udruga-stru\u010dnjaka-za\u0161tite-prirode-i-okoli\u0161a-2a52481b2\/?originalSubdomain=hr"]}]}},"uagb_featured_image_src":{"full":false,"thumbnail":false,"medium":false,"medium_large":false,"large":false,"gs-tiny":false,"xl":false,"xxl":false,"xxxl":false,"xxxxl":false,"xxxxxl":false,"1536x1536":false,"2048x2048":false,"trp-custom-language-flag":false,"neve-blog":false},"uagb_author_info":{"display_name":"Danijela \u0110akovi\u0107","author_link":"https:\/\/huszpo-konferencija.com\/en\/author\/ddjakovic\/"},"uagb_comment_info":0,"uagb_excerpt":"Podteme Nove upute Europske komisije o klimatskom potvr\u0111ivanju infrastrukture u razdoblju 2021.-2027. i njihova povezanost s PUO i SPUO Raspolo\u017eivost i kvaliteta podataka Neizvjesnost i \u201cno-regret\u201d opcija Klimatska otpornost i dokaz neutralnosti Mogu\u0107i tematski izazovi Kako mo\u017eemo dobiti kvalitetne podatke za relevantne scenarije klimatskih promjena? Kakva su iskustva s kori\u0161tenjem lokalnih meteorolo\u0161kih i klimatskih mjerenja&hellip;&nbsp;Read&hellip;","_links":{"self":[{"href":"https:\/\/huszpo-konferencija.com\/en\/wp-json\/wp\/v2\/pages\/4658","targetHints":{"allow":["GET"]}}],"collection":[{"href":"https:\/\/huszpo-konferencija.com\/en\/wp-json\/wp\/v2\/pages"}],"about":[{"href":"https:\/\/huszpo-konferencija.com\/en\/wp-json\/wp\/v2\/types\/page"}],"author":[{"embeddable":true,"href":"https:\/\/huszpo-konferencija.com\/en\/wp-json\/wp\/v2\/users\/9"}],"replies":[{"embeddable":true,"href":"https:\/\/huszpo-konferencija.com\/en\/wp-json\/wp\/v2\/comments?post=4658"}],"version-history":[{"count":2,"href":"https:\/\/huszpo-konferencija.com\/en\/wp-json\/wp\/v2\/pages\/4658\/revisions"}],"predecessor-version":[{"id":4713,"href":"https:\/\/huszpo-konferencija.com\/en\/wp-json\/wp\/v2\/pages\/4658\/revisions\/4713"}],"up":[{"embeddable":true,"href":"https:\/\/huszpo-konferencija.com\/en\/wp-json\/wp\/v2\/pages\/33"}],"wp:attachment":[{"href":"https:\/\/huszpo-konferencija.com\/en\/wp-json\/wp\/v2\/media?parent=4658"}],"curies":[{"name":"wp","href":"https:\/\/api.w.org\/{rel}","templated":true}]}}