{"id":4336,"date":"2021-10-06T12:41:07","date_gmt":"2021-10-06T12:41:07","guid":{"rendered":"http:\/\/localhost\/?page_id=4336"},"modified":"2021-10-20T16:10:07","modified_gmt":"2021-10-20T16:10:07","slug":"sponzori-2015","status":"publish","type":"page","link":"https:\/\/huszpo-konferencija.com\/en\/sponzori\/sponzori-2015\/","title":{"rendered":"Sponsors 2015"},"content":{"rendered":"<figure class=\"wp-block-gallery columns-4  ticss-77816390 wp-block-gallery-1 is-layout-flex wp-block-gallery-is-layout-flex\"><ul class=\"blocks-gallery-grid\"><li class=\"blocks-gallery-item\"><figure><img loading=\"lazy\" decoding=\"async\" width=\"190\" height=\"230\" src=\"https:\/\/huszpo-konferencija.com\/wp-content\/uploads\/2013\/07\/vitaprojekt.jpg\" alt=\"\" data-id=\"3086\" class=\"wp-image-3086\"\/><\/figure><\/li><li class=\"blocks-gallery-item\"><figure><img loading=\"lazy\" decoding=\"async\" width=\"190\" height=\"230\" src=\"https:\/\/huszpo-konferencija.com\/wp-content\/uploads\/2013\/07\/dvokut_ecro.jpg\" alt=\"\" data-id=\"3089\" class=\"wp-image-3089\"\/><\/figure><\/li><li class=\"blocks-gallery-item\"><figure><img loading=\"lazy\" decoding=\"async\" width=\"190\" height=\"230\" src=\"https:\/\/huszpo-konferencija.com\/wp-content\/uploads\/2013\/07\/ekonerg.jpg\" alt=\"\" data-id=\"3090\" class=\"wp-image-3090\"\/><\/figure><\/li><li class=\"blocks-gallery-item\"><figure><img loading=\"lazy\" decoding=\"async\" width=\"190\" height=\"230\" src=\"https:\/\/huszpo-konferencija.com\/wp-content\/uploads\/2013\/07\/zeleni_servis.jpg\" alt=\"\" data-id=\"3091\" class=\"wp-image-3091\"\/><\/figure><\/li><li class=\"blocks-gallery-item\"><figure><img loading=\"lazy\" decoding=\"async\" width=\"190\" height=\"230\" src=\"https:\/\/huszpo-konferencija.com\/wp-content\/uploads\/2013\/07\/ind_eko.jpg\" alt=\"\" data-id=\"3095\" class=\"wp-image-3095\"\/><\/figure><\/li><li class=\"blocks-gallery-item\"><figure><img loading=\"lazy\" decoding=\"async\" width=\"190\" height=\"230\" src=\"https:\/\/huszpo-konferencija.com\/wp-content\/uploads\/2013\/07\/geonatura.jpg\" alt=\"\" data-id=\"3094\" class=\"wp-image-3094\"\/><\/figure><\/li><li class=\"blocks-gallery-item\"><figure><img loading=\"lazy\" decoding=\"async\" width=\"190\" height=\"230\" src=\"https:\/\/huszpo-konferencija.com\/wp-content\/uploads\/2013\/07\/zavita.jpg\" alt=\"\" data-id=\"3098\" class=\"wp-image-3098\"\/><\/figure><\/li><li class=\"blocks-gallery-item\"><figure><img loading=\"lazy\" decoding=\"async\" width=\"190\" height=\"230\" src=\"https:\/\/huszpo-konferencija.com\/wp-content\/uploads\/2013\/07\/GEOPROJEKT.jpg\" alt=\"\" data-id=\"3185\" class=\"wp-image-3185\"\/><\/figure><\/li><li class=\"blocks-gallery-item\"><figure><img loading=\"lazy\" decoding=\"async\" width=\"567\" height=\"283\" src=\"https:\/\/huszpo-konferencija.com\/wp-content\/uploads\/2013\/07\/RASCO_logotype_STANDARD_red_001.jpg\" alt=\"\" data-id=\"842\" class=\"wp-image-842\" srcset=\"https:\/\/huszpo-konferencija.com\/wp-content\/uploads\/2013\/07\/RASCO_logotype_STANDARD_red_001.jpg 567w, https:\/\/huszpo-konferencija.com\/wp-content\/uploads\/2013\/07\/RASCO_logotype_STANDARD_red_001-300x149.jpg 300w\" sizes=\"auto, (max-width: 567px) 100vw, 567px\" \/><\/figure><\/li><li class=\"blocks-gallery-item\"><figure><img loading=\"lazy\" decoding=\"async\" width=\"882\" height=\"254\" src=\"https:\/\/huszpo-konferencija.com\/wp-content\/uploads\/2013\/07\/Dvoper.jpg\" alt=\"\" data-id=\"1525\" class=\"wp-image-1525\" srcset=\"https:\/\/huszpo-konferencija.com\/wp-content\/uploads\/2013\/07\/Dvoper.jpg 882w, https:\/\/huszpo-konferencija.com\/wp-content\/uploads\/2013\/07\/Dvoper-300x86.jpg 300w, https:\/\/huszpo-konferencija.com\/wp-content\/uploads\/2013\/07\/Dvoper-768x221.jpg 768w\" sizes=\"auto, (max-width: 882px) 100vw, 882px\" \/><\/figure><\/li><li class=\"blocks-gallery-item\"><figure><img loading=\"lazy\" decoding=\"async\" width=\"354\" height=\"141\" src=\"https:\/\/huszpo-konferencija.com\/wp-content\/uploads\/2013\/07\/logo-Eko-otok.jpg\" alt=\"\" data-id=\"770\" class=\"wp-image-770\" srcset=\"https:\/\/huszpo-konferencija.com\/wp-content\/uploads\/2013\/07\/logo-Eko-otok.jpg 354w, https:\/\/huszpo-konferencija.com\/wp-content\/uploads\/2013\/07\/logo-Eko-otok-300x119.jpg 300w, https:\/\/huszpo-konferencija.com\/wp-content\/uploads\/2013\/07\/logo-Eko-otok-127x50.jpg 127w\" sizes=\"auto, (max-width: 354px) 100vw, 354px\" \/><\/figure><\/li><li class=\"blocks-gallery-item\"><figure><img loading=\"lazy\" decoding=\"async\" width=\"288\" height=\"118\" src=\"https:\/\/huszpo-konferencija.com\/wp-content\/uploads\/2013\/07\/logo-Integra.gif\" alt=\"\" data-id=\"772\" class=\"wp-image-772\"\/><\/figure><\/li><li class=\"blocks-gallery-item\"><figure><img decoding=\"async\" src=\"https:\/\/huszpo-konferencija.com\/wp-content\/uploads\/2013\/07\/trenecon_logo_szoveggel.bmp\" alt=\"\" data-id=\"860\" class=\"wp-image-860\"\/><\/figure><\/li><li class=\"blocks-gallery-item\"><figure><img loading=\"lazy\" decoding=\"async\" width=\"200\" height=\"145\" src=\"https:\/\/huszpo-konferencija.com\/wp-content\/uploads\/2021\/10\/LogotipoCOMSAEMTE.jpg\" alt=\"\" data-id=\"4466\" class=\"wp-image-4466\" srcset=\"https:\/\/huszpo-konferencija.com\/wp-content\/uploads\/2021\/10\/LogotipoCOMSAEMTE.jpg 200w, https:\/\/huszpo-konferencija.com\/wp-content\/uploads\/2021\/10\/LogotipoCOMSAEMTE-150x109.jpg 150w, https:\/\/huszpo-konferencija.com\/wp-content\/uploads\/2021\/10\/LogotipoCOMSAEMTE-18x12.jpg 18w\" sizes=\"auto, (max-width: 200px) 100vw, 200px\" \/><\/figure><\/li><li class=\"blocks-gallery-item\"><figure><img loading=\"lazy\" decoding=\"async\" width=\"243\" height=\"63\" src=\"https:\/\/huszpo-konferencija.com\/wp-content\/uploads\/2013\/07\/NP-Krka_manji.jpg\" alt=\"\" data-id=\"852\" class=\"wp-image-852\"\/><\/figure><\/li><li class=\"blocks-gallery-item\"><figure><img loading=\"lazy\" decoding=\"async\" width=\"678\" height=\"228\" src=\"https:\/\/huszpo-konferencija.com\/wp-content\/uploads\/2013\/07\/Kova.jpg\" alt=\"\" data-id=\"1527\" class=\"wp-image-1527\" srcset=\"https:\/\/huszpo-konferencija.com\/wp-content\/uploads\/2013\/07\/Kova.jpg 678w, https:\/\/huszpo-konferencija.com\/wp-content\/uploads\/2013\/07\/Kova-300x101.jpg 300w\" sizes=\"auto, (max-width: 678px) 100vw, 678px\" \/><\/figure><\/li><li class=\"blocks-gallery-item\"><figure><img loading=\"lazy\" decoding=\"async\" width=\"254\" height=\"110\" src=\"https:\/\/huszpo-konferencija.com\/wp-content\/uploads\/2013\/07\/maxicon_logo.jpg\" alt=\"\" data-id=\"851\" class=\"wp-image-851\"\/><\/figure><\/li><li class=\"blocks-gallery-item\"><figure><img decoding=\"async\" src=\"https:\/\/huszpo-konferencija.com\/wp-content\/uploads\/2013\/07\/LOGO-HV_2.bmp\" alt=\"\" data-id=\"864\" class=\"wp-image-864\"\/><\/figure><\/li><li class=\"blocks-gallery-item\"><figure><img loading=\"lazy\" decoding=\"async\" width=\"178\" height=\"53\" src=\"https:\/\/huszpo-konferencija.com\/wp-content\/uploads\/2013\/07\/safege.jpg\" alt=\"\" data-id=\"911\" class=\"wp-image-911\"\/><\/figure><\/li><li class=\"blocks-gallery-item\"><figure><img loading=\"lazy\" decoding=\"async\" width=\"190\" height=\"230\" src=\"https:\/\/huszpo-konferencija.com\/wp-content\/uploads\/2013\/07\/FZOEU.jpg\" alt=\"\" data-id=\"3164\" class=\"wp-image-3164\"\/><\/figure><\/li><li class=\"blocks-gallery-item\"><figure><img loading=\"lazy\" decoding=\"async\" width=\"190\" height=\"230\" src=\"https:\/\/huszpo-konferencija.com\/wp-content\/uploads\/2013\/07\/ekoinvest.jpg\" alt=\"\" data-id=\"3096\" class=\"wp-image-3096\"\/><\/figure><\/li><li class=\"blocks-gallery-item\"><figure><img loading=\"lazy\" decoding=\"async\" width=\"190\" height=\"230\" src=\"https:\/\/huszpo-konferencija.com\/wp-content\/uploads\/2013\/07\/MARINA-KA\u0160TELA.jpg\" alt=\"\" data-id=\"3168\" class=\"wp-image-3168\"\/><\/figure><\/li><\/ul><\/figure>\n\n\n\n<p><\/p>","protected":false},"excerpt":{"rendered":"","protected":false},"author":8,"featured_media":0,"parent":215,"menu_order":0,"comment_status":"closed","ping_status":"closed","template":"","meta":{"_uag_custom_page_level_css":"","neve_meta_sidebar":"","neve_meta_container":"","neve_meta_enable_content_width":"","neve_meta_content_width":0,"neve_meta_title_alignment":"","neve_meta_author_avatar":"","neve_post_elements_order":"","neve_meta_disable_header":"","neve_meta_disable_footer":"","neve_meta_disable_title":"","_themeisle_gutenberg_block_has_review":false,"footnotes":""},"class_list":["post-4336","page","type-page","status-publish","hentry"],"yoast_head":"<!-- This site is optimized with the Yoast SEO plugin v24.2 - https:\/\/yoast.com\/wordpress\/plugins\/seo\/ -->\n<title>Sponzori 2015 - Konferencija Okoli\u0161ne procjene i Europski zeleni plan &#039;22<\/title>\n<meta name=\"robots\" content=\"index, follow, max-snippet:-1, max-image-preview:large, max-video-preview:-1\" \/>\n<link rel=\"canonical\" href=\"http:\/\/huszpo-konferencija.com\/en\/sponzori\/sponzori-2015\/\" \/>\n<meta property=\"og:locale\" content=\"en_US\" \/>\n<meta property=\"og:type\" content=\"article\" \/>\n<meta property=\"og:title\" content=\"Sponzori 2015 - Konferencija Okoli\u0161ne procjene i Europski zeleni plan &#039;22\" \/>\n<meta property=\"og:url\" content=\"http:\/\/huszpo-konferencija.com\/en\/sponzori\/sponzori-2015\/\" \/>\n<meta property=\"og:site_name\" content=\"Konferencija Okoli\u0161ne procjene i Europski zeleni plan &#039;22\" \/>\n<meta property=\"article:publisher\" content=\"https:\/\/www.facebook.com\/HUSZPO-107221977694653\/\" \/>\n<meta property=\"article:modified_time\" content=\"2021-10-20T16:10:07+00:00\" \/>\n<meta property=\"og:image\" content=\"https:\/\/huszpo-konferencija.com\/wp-content\/uploads\/2013\/07\/vitaprojekt.jpg\" \/>\n<meta name=\"twitter:card\" content=\"summary_large_image\" \/>\n<meta name=\"twitter:site\" content=\"@huszpo\" \/>\n<meta name=\"twitter:label1\" content=\"Est. reading time\" \/>\n\t<meta name=\"twitter:data1\" content=\"5 minutes\" \/>\n<script type=\"application\/ld+json\" class=\"yoast-schema-graph\">{\"@context\":\"https:\/\/schema.org\",\"@graph\":[{\"@type\":\"WebPage\",\"@id\":\"http:\/\/huszpo-konferencija.com\/en\/sponzori\/sponzori-2015\/\",\"url\":\"http:\/\/huszpo-konferencija.com\/en\/sponzori\/sponzori-2015\/\",\"name\":\"Sponzori 2015 - Konferencija Okoli\u0161ne procjene i Europski zeleni plan &#039;22\",\"isPartOf\":{\"@id\":\"https:\/\/huszpo-konferencija.com\/#website\"},\"primaryImageOfPage\":{\"@id\":\"http:\/\/huszpo-konferencija.com\/en\/sponzori\/sponzori-2015\/#primaryimage\"},\"image\":{\"@id\":\"http:\/\/huszpo-konferencija.com\/en\/sponzori\/sponzori-2015\/#primaryimage\"},\"thumbnailUrl\":\"https:\/\/huszpo-konferencija.com\/wp-content\/uploads\/2013\/07\/vitaprojekt.jpg\",\"datePublished\":\"2021-10-06T12:41:07+00:00\",\"dateModified\":\"2021-10-20T16:10:07+00:00\",\"breadcrumb\":{\"@id\":\"http:\/\/huszpo-konferencija.com\/en\/sponzori\/sponzori-2015\/#breadcrumb\"},\"inLanguage\":\"en-US\",\"potentialAction\":[{\"@type\":\"ReadAction\",\"target\":[\"http:\/\/huszpo-konferencija.com\/en\/sponzori\/sponzori-2015\/\"]}]},{\"@type\":\"ImageObject\",\"inLanguage\":\"en-US\",\"@id\":\"http:\/\/huszpo-konferencija.com\/en\/sponzori\/sponzori-2015\/#primaryimage\",\"url\":\"https:\/\/huszpo-konferencija.com\/wp-content\/uploads\/2013\/07\/vitaprojekt.jpg\",\"contentUrl\":\"https:\/\/huszpo-konferencija.com\/wp-content\/uploads\/2013\/07\/vitaprojekt.jpg\"},{\"@type\":\"BreadcrumbList\",\"@id\":\"http:\/\/huszpo-konferencija.com\/en\/sponzori\/sponzori-2015\/#breadcrumb\",\"itemListElement\":[{\"@type\":\"ListItem\",\"position\":1,\"name\":\"Naslovna\",\"item\":\"https:\/\/huszpo-konferencija.com\/\"},{\"@type\":\"ListItem\",\"position\":2,\"name\":\"Sponzori\",\"item\":\"https:\/\/huszpo-konferencija.com\/sponzori\/\"},{\"@type\":\"ListItem\",\"position\":3,\"name\":\"Sponzori 2015\"}]},{\"@type\":\"WebSite\",\"@id\":\"https:\/\/huszpo-konferencija.com\/#website\",\"url\":\"https:\/\/huszpo-konferencija.com\/\",\"name\":\"Konferencija Okoli\u0161ne procjene i Europski zeleni plan\",\"description\":\"Konferencija Okoli\u0161ne procjene i Europski zeleni plan &#039;22\",\"publisher\":{\"@id\":\"https:\/\/huszpo-konferencija.com\/#organization\"},\"potentialAction\":[{\"@type\":\"SearchAction\",\"target\":{\"@type\":\"EntryPoint\",\"urlTemplate\":\"https:\/\/huszpo-konferencija.com\/?s={search_term_string}\"},\"query-input\":{\"@type\":\"PropertyValueSpecification\",\"valueRequired\":true,\"valueName\":\"search_term_string\"}}],\"inLanguage\":\"en-US\"},{\"@type\":\"Organization\",\"@id\":\"https:\/\/huszpo-konferencija.com\/#organization\",\"name\":\"HUSZPO\",\"url\":\"https:\/\/huszpo-konferencija.com\/\",\"logo\":{\"@type\":\"ImageObject\",\"inLanguage\":\"en-US\",\"@id\":\"https:\/\/huszpo-konferencija.com\/#\/schema\/logo\/image\/\",\"url\":\"https:\/\/huszpo-konferencija.com\/wp-content\/uploads\/2021\/10\/cropped-cropped-cropped-Logo.png\",\"contentUrl\":\"https:\/\/huszpo-konferencija.com\/wp-content\/uploads\/2021\/10\/cropped-cropped-cropped-Logo.png\",\"width\":512,\"height\":512,\"caption\":\"HUSZPO\"},\"image\":{\"@id\":\"https:\/\/huszpo-konferencija.com\/#\/schema\/logo\/image\/\"},\"sameAs\":[\"https:\/\/www.facebook.com\/HUSZPO-107221977694653\/\",\"https:\/\/x.com\/huszpo\",\"https:\/\/www.instagram.com\/huszpo\",\"https:\/\/www.linkedin.com\/in\/huszpo-hrvatska-udruga-stru\u010dnjaka-za\u0161tite-prirode-i-okoli\u0161a-2a52481b2\/?originalSubdomain=hr\"]}]}<\/script>\n<!-- \/ Yoast SEO plugin. -->","yoast_head_json":{"title":"Sponzori 2015 - Konferencija Okoli\u0161ne procjene i Europski zeleni plan &#039;22","robots":{"index":"index","follow":"follow","max-snippet":"max-snippet:-1","max-image-preview":"max-image-preview:large","max-video-preview":"max-video-preview:-1"},"canonical":"http:\/\/huszpo-konferencija.com\/en\/sponzori\/sponzori-2015\/","og_locale":"en_US","og_type":"article","og_title":"Sponzori 2015 - Konferencija Okoli\u0161ne procjene i Europski zeleni plan &#039;22","og_url":"http:\/\/huszpo-konferencija.com\/en\/sponzori\/sponzori-2015\/","og_site_name":"Konferencija Okoli\u0161ne procjene i Europski zeleni plan &#039;22","article_publisher":"https:\/\/www.facebook.com\/HUSZPO-107221977694653\/","article_modified_time":"2021-10-20T16:10:07+00:00","og_image":[{"url":"https:\/\/huszpo-konferencija.com\/wp-content\/uploads\/2013\/07\/vitaprojekt.jpg","type":"","width":"","height":""}],"twitter_card":"summary_large_image","twitter_site":"@huszpo","twitter_misc":{"Est. reading time":"5 minutes"},"schema":{"@context":"https:\/\/schema.org","@graph":[{"@type":"WebPage","@id":"http:\/\/huszpo-konferencija.com\/en\/sponzori\/sponzori-2015\/","url":"http:\/\/huszpo-konferencija.com\/en\/sponzori\/sponzori-2015\/","name":"Sponzori 2015 - Konferencija Okoli\u0161ne procjene i Europski zeleni plan &#039;22","isPartOf":{"@id":"https:\/\/huszpo-konferencija.com\/#website"},"primaryImageOfPage":{"@id":"http:\/\/huszpo-konferencija.com\/en\/sponzori\/sponzori-2015\/#primaryimage"},"image":{"@id":"http:\/\/huszpo-konferencija.com\/en\/sponzori\/sponzori-2015\/#primaryimage"},"thumbnailUrl":"https:\/\/huszpo-konferencija.com\/wp-content\/uploads\/2013\/07\/vitaprojekt.jpg","datePublished":"2021-10-06T12:41:07+00:00","dateModified":"2021-10-20T16:10:07+00:00","breadcrumb":{"@id":"http:\/\/huszpo-konferencija.com\/en\/sponzori\/sponzori-2015\/#breadcrumb"},"inLanguage":"en-US","potentialAction":[{"@type":"ReadAction","target":["http:\/\/huszpo-konferencija.com\/en\/sponzori\/sponzori-2015\/"]}]},{"@type":"ImageObject","inLanguage":"en-US","@id":"http:\/\/huszpo-konferencija.com\/en\/sponzori\/sponzori-2015\/#primaryimage","url":"https:\/\/huszpo-konferencija.com\/wp-content\/uploads\/2013\/07\/vitaprojekt.jpg","contentUrl":"https:\/\/huszpo-konferencija.com\/wp-content\/uploads\/2013\/07\/vitaprojekt.jpg"},{"@type":"BreadcrumbList","@id":"http:\/\/huszpo-konferencija.com\/en\/sponzori\/sponzori-2015\/#breadcrumb","itemListElement":[{"@type":"ListItem","position":1,"name":"Naslovna","item":"https:\/\/huszpo-konferencija.com\/"},{"@type":"ListItem","position":2,"name":"Sponzori","item":"https:\/\/huszpo-konferencija.com\/sponzori\/"},{"@type":"ListItem","position":3,"name":"Sponzori 2015"}]},{"@type":"WebSite","@id":"https:\/\/huszpo-konferencija.com\/#website","url":"https:\/\/huszpo-konferencija.com\/","name":"Konferencija Okoli\u0161ne procjene i Europski zeleni plan","description":"Konferencija Okoli\u0161ne procjene i Europski zeleni plan &#039;22","publisher":{"@id":"https:\/\/huszpo-konferencija.com\/#organization"},"potentialAction":[{"@type":"SearchAction","target":{"@type":"EntryPoint","urlTemplate":"https:\/\/huszpo-konferencija.com\/?s={search_term_string}"},"query-input":{"@type":"PropertyValueSpecification","valueRequired":true,"valueName":"search_term_string"}}],"inLanguage":"en-US"},{"@type":"Organization","@id":"https:\/\/huszpo-konferencija.com\/#organization","name":"HUSZPO","url":"https:\/\/huszpo-konferencija.com\/","logo":{"@type":"ImageObject","inLanguage":"en-US","@id":"https:\/\/huszpo-konferencija.com\/#\/schema\/logo\/image\/","url":"https:\/\/huszpo-konferencija.com\/wp-content\/uploads\/2021\/10\/cropped-cropped-cropped-Logo.png","contentUrl":"https:\/\/huszpo-konferencija.com\/wp-content\/uploads\/2021\/10\/cropped-cropped-cropped-Logo.png","width":512,"height":512,"caption":"HUSZPO"},"image":{"@id":"https:\/\/huszpo-konferencija.com\/#\/schema\/logo\/image\/"},"sameAs":["https:\/\/www.facebook.com\/HUSZPO-107221977694653\/","https:\/\/x.com\/huszpo","https:\/\/www.instagram.com\/huszpo","https:\/\/www.linkedin.com\/in\/huszpo-hrvatska-udruga-stru\u010dnjaka-za\u0161tite-prirode-i-okoli\u0161a-2a52481b2\/?originalSubdomain=hr"]}]}},"uagb_featured_image_src":{"full":false,"thumbnail":false,"medium":false,"medium_large":false,"large":false,"gs-tiny":false,"xl":false,"xxl":false,"xxxl":false,"xxxxl":false,"xxxxxl":false,"1536x1536":false,"2048x2048":false,"trp-custom-language-flag":false,"neve-blog":false},"uagb_author_info":{"display_name":"1filip2kuna","author_link":"https:\/\/huszpo-konferencija.com\/en\/author\/1filip2kuna\/"},"uagb_comment_info":0,"uagb_excerpt":null,"_links":{"self":[{"href":"https:\/\/huszpo-konferencija.com\/en\/wp-json\/wp\/v2\/pages\/4336","targetHints":{"allow":["GET"]}}],"collection":[{"href":"https:\/\/huszpo-konferencija.com\/en\/wp-json\/wp\/v2\/pages"}],"about":[{"href":"https:\/\/huszpo-konferencija.com\/en\/wp-json\/wp\/v2\/types\/page"}],"author":[{"embeddable":true,"href":"https:\/\/huszpo-konferencija.com\/en\/wp-json\/wp\/v2\/users\/8"}],"replies":[{"embeddable":true,"href":"https:\/\/huszpo-konferencija.com\/en\/wp-json\/wp\/v2\/comments?post=4336"}],"version-history":[{"count":11,"href":"https:\/\/huszpo-konferencija.com\/en\/wp-json\/wp\/v2\/pages\/4336\/revisions"}],"predecessor-version":[{"id":4523,"href":"https:\/\/huszpo-konferencija.com\/en\/wp-json\/wp\/v2\/pages\/4336\/revisions\/4523"}],"up":[{"embeddable":true,"href":"https:\/\/huszpo-konferencija.com\/en\/wp-json\/wp\/v2\/pages\/215"}],"wp:attachment":[{"href":"https:\/\/huszpo-konferencija.com\/en\/wp-json\/wp\/v2\/media?parent=4336"}],"curies":[{"name":"wp","href":"https:\/\/api.w.org\/{rel}","templated":true}]}}