{"id":4332,"date":"2021-10-06T12:34:29","date_gmt":"2021-10-06T12:34:29","guid":{"rendered":"http:\/\/localhost\/?page_id=4332"},"modified":"2021-10-20T16:06:31","modified_gmt":"2021-10-20T16:06:31","slug":"sponzori-2013","status":"publish","type":"page","link":"https:\/\/huszpo-konferencija.com\/en\/sponzori\/sponzori-2013\/","title":{"rendered":"Sponsors 2013"},"content":{"rendered":"<figure class=\"wp-block-gallery columns-4  ticss-5273d861 wp-block-gallery-1 is-layout-flex wp-block-gallery-is-layout-flex\"><ul class=\"blocks-gallery-grid\"><li class=\"blocks-gallery-item\"><figure><img loading=\"lazy\" decoding=\"async\" width=\"190\" height=\"230\" src=\"https:\/\/huszpo-konferencija.com\/wp-content\/uploads\/2013\/07\/oikon-1.jpg\" alt=\"\" data-id=\"3085\" class=\"wp-image-3085\"\/><\/figure><\/li><li class=\"blocks-gallery-item\"><figure><img loading=\"lazy\" decoding=\"async\" width=\"190\" height=\"230\" src=\"https:\/\/huszpo-konferencija.com\/wp-content\/uploads\/2013\/07\/cemex.jpg\" alt=\"\" data-id=\"3087\" class=\"wp-image-3087\"\/><\/figure><\/li><li class=\"blocks-gallery-item\"><figure><img loading=\"lazy\" decoding=\"async\" width=\"190\" height=\"230\" src=\"https:\/\/huszpo-konferencija.com\/wp-content\/uploads\/2013\/07\/dvokut_ecro.jpg\" alt=\"\" data-id=\"3089\" class=\"wp-image-3089\"\/><\/figure><\/li><li class=\"blocks-gallery-item\"><figure><img loading=\"lazy\" decoding=\"async\" width=\"190\" height=\"230\" src=\"https:\/\/huszpo-konferencija.com\/wp-content\/uploads\/2013\/07\/ekonerg.jpg\" alt=\"\" data-id=\"3090\" class=\"wp-image-3090\"\/><\/figure><\/li><li class=\"blocks-gallery-item\"><figure><img loading=\"lazy\" decoding=\"async\" width=\"190\" height=\"230\" src=\"https:\/\/huszpo-konferencija.com\/wp-content\/uploads\/2013\/07\/ind_eko.jpg\" alt=\"\" data-id=\"3095\" class=\"wp-image-3095\"\/><\/figure><\/li><li class=\"blocks-gallery-item\"><figure><img loading=\"lazy\" decoding=\"async\" width=\"190\" height=\"230\" src=\"https:\/\/huszpo-konferencija.com\/wp-content\/uploads\/2013\/07\/vpb.jpg\" alt=\"\" data-id=\"3097\" class=\"wp-image-3097\"\/><\/figure><\/li><li class=\"blocks-gallery-item\"><figure><img loading=\"lazy\" decoding=\"async\" width=\"190\" height=\"230\" src=\"https:\/\/huszpo-konferencija.com\/wp-content\/uploads\/2013\/07\/ekoinvest.jpg\" alt=\"\" data-id=\"3096\" class=\"wp-image-3096\"\/><\/figure><\/li><li class=\"blocks-gallery-item\"><figure><img decoding=\"async\" src=\"https:\/\/huszpo-konferencija.com\/wp-content\/uploads\/2013\/07\/ecoina.jpg\" alt=\"\" data-id=\"3163\" class=\"wp-image-3163\"\/><\/figure><\/li><li class=\"blocks-gallery-item\"><figure><img loading=\"lazy\" decoding=\"async\" width=\"190\" height=\"230\" src=\"https:\/\/huszpo-konferencija.com\/wp-content\/uploads\/2013\/07\/HEP1.jpg\" alt=\"\" data-id=\"3177\" class=\"wp-image-3177\"\/><\/figure><\/li><li class=\"blocks-gallery-item\"><figure><img loading=\"lazy\" decoding=\"async\" width=\"190\" height=\"230\" src=\"https:\/\/huszpo-konferencija.com\/wp-content\/uploads\/2013\/07\/ELEKTROPROJEKT.jpg\" alt=\"\" data-id=\"3165\" class=\"wp-image-3165\"\/><\/figure><\/li><li class=\"blocks-gallery-item\"><figure><img loading=\"lazy\" decoding=\"async\" width=\"243\" height=\"63\" src=\"https:\/\/huszpo-konferencija.com\/wp-content\/uploads\/2013\/07\/NP-Krka_manji.jpg\" alt=\"\" data-id=\"852\" class=\"wp-image-852\"\/><\/figure><\/li><li class=\"blocks-gallery-item\"><figure><img loading=\"lazy\" decoding=\"async\" width=\"1492\" height=\"559\" src=\"https:\/\/huszpo-konferencija.com\/wp-content\/uploads\/2013\/07\/Egis-Coul.jpg\" alt=\"\" data-id=\"390\" class=\"wp-image-390\" srcset=\"https:\/\/huszpo-konferencija.com\/wp-content\/uploads\/2013\/07\/Egis-Coul.jpg 1492w, https:\/\/huszpo-konferencija.com\/wp-content\/uploads\/2013\/07\/Egis-Coul-150x56.jpg 150w, https:\/\/huszpo-konferencija.com\/wp-content\/uploads\/2013\/07\/Egis-Coul-300x112.jpg 300w, https:\/\/huszpo-konferencija.com\/wp-content\/uploads\/2013\/07\/Egis-Coul-1024x383.jpg 1024w\" sizes=\"auto, (max-width: 1492px) 100vw, 1492px\" \/><\/figure><\/li><li class=\"blocks-gallery-item\"><figure><img loading=\"lazy\" decoding=\"async\" width=\"127\" height=\"80\" src=\"https:\/\/huszpo-konferencija.com\/wp-content\/uploads\/2013\/07\/agroproteinka.jpg\" alt=\"\" data-id=\"478\" class=\"wp-image-478\"\/><\/figure><\/li><li class=\"blocks-gallery-item\"><figure><img loading=\"lazy\" decoding=\"async\" width=\"190\" height=\"230\" src=\"https:\/\/huszpo-konferencija.com\/wp-content\/uploads\/2013\/07\/GEOPROJEKT.jpg\" alt=\"\" data-id=\"3185\" class=\"wp-image-3185\"\/><\/figure><\/li><li class=\"blocks-gallery-item\"><figure><img loading=\"lazy\" decoding=\"async\" width=\"1000\" height=\"330\" src=\"https:\/\/huszpo-konferencija.com\/wp-content\/uploads\/2013\/07\/EPTISA-ADRIA-d.o.o.-vektor_pagenumber.001-e1372929431544.jpg\" alt=\"\" data-id=\"211\" class=\"wp-image-211\" srcset=\"https:\/\/huszpo-konferencija.com\/wp-content\/uploads\/2013\/07\/EPTISA-ADRIA-d.o.o.-vektor_pagenumber.001-e1372929431544.jpg 1000w, https:\/\/huszpo-konferencija.com\/wp-content\/uploads\/2013\/07\/EPTISA-ADRIA-d.o.o.-vektor_pagenumber.001-e1372929431544-150x49.jpg 150w, https:\/\/huszpo-konferencija.com\/wp-content\/uploads\/2013\/07\/EPTISA-ADRIA-d.o.o.-vektor_pagenumber.001-e1372929431544-300x99.jpg 300w\" sizes=\"auto, (max-width: 1000px) 100vw, 1000px\" \/><\/figure><\/li><li class=\"blocks-gallery-item\"><figure><img loading=\"lazy\" decoding=\"async\" width=\"178\" height=\"53\" src=\"https:\/\/huszpo-konferencija.com\/wp-content\/uploads\/2013\/07\/safege.jpg\" alt=\"\" data-id=\"911\" class=\"wp-image-911\"\/><\/figure><\/li><li class=\"blocks-gallery-item\"><figure><img loading=\"lazy\" decoding=\"async\" width=\"190\" height=\"230\" src=\"https:\/\/huszpo-konferencija.com\/wp-content\/uploads\/2013\/07\/FZOEU.jpg\" alt=\"\" data-id=\"3164\" class=\"wp-image-3164\"\/><\/figure><\/li><li class=\"blocks-gallery-item\"><figure><img loading=\"lazy\" decoding=\"async\" width=\"284\" height=\"235\" src=\"https:\/\/huszpo-konferencija.com\/wp-content\/uploads\/2013\/07\/HUCO2_2-HR-cropani.jpg\" alt=\"\" data-id=\"473\" class=\"wp-image-473\" srcset=\"https:\/\/huszpo-konferencija.com\/wp-content\/uploads\/2013\/07\/HUCO2_2-HR-cropani.jpg 284w, https:\/\/huszpo-konferencija.com\/wp-content\/uploads\/2013\/07\/HUCO2_2-HR-cropani-150x124.jpg 150w\" sizes=\"auto, (max-width: 284px) 100vw, 284px\" \/><\/figure><\/li><li class=\"blocks-gallery-item\"><figure><img loading=\"lazy\" decoding=\"async\" width=\"2303\" height=\"438\" src=\"https:\/\/huszpo-konferencija.com\/wp-content\/uploads\/2013\/07\/Inter-samo-ime.jpg\" alt=\"\" data-id=\"441\" class=\"wp-image-441\" srcset=\"https:\/\/huszpo-konferencija.com\/wp-content\/uploads\/2013\/07\/Inter-samo-ime.jpg 2303w, https:\/\/huszpo-konferencija.com\/wp-content\/uploads\/2013\/07\/Inter-samo-ime-150x28.jpg 150w, https:\/\/huszpo-konferencija.com\/wp-content\/uploads\/2013\/07\/Inter-samo-ime-300x57.jpg 300w, https:\/\/huszpo-konferencija.com\/wp-content\/uploads\/2013\/07\/Inter-samo-ime-1024x194.jpg 1024w\" sizes=\"auto, (max-width: 2303px) 100vw, 2303px\" \/><\/figure><\/li><li class=\"blocks-gallery-item\"><figure><img loading=\"lazy\" decoding=\"async\" width=\"4541\" height=\"2007\" src=\"https:\/\/huszpo-konferencija.com\/wp-content\/uploads\/2013\/07\/ipz-logo.png\" alt=\"\" data-id=\"442\" class=\"wp-image-442\" srcset=\"https:\/\/huszpo-konferencija.com\/wp-content\/uploads\/2013\/07\/ipz-logo.png 4541w, https:\/\/huszpo-konferencija.com\/wp-content\/uploads\/2013\/07\/ipz-logo-150x66.png 150w, https:\/\/huszpo-konferencija.com\/wp-content\/uploads\/2013\/07\/ipz-logo-300x132.png 300w, https:\/\/huszpo-konferencija.com\/wp-content\/uploads\/2013\/07\/ipz-logo-1024x452.png 1024w\" sizes=\"auto, (max-width: 4541px) 100vw, 4541px\" \/><\/figure><\/li><li class=\"blocks-gallery-item\"><figure><img loading=\"lazy\" decoding=\"async\" width=\"212\" height=\"95\" src=\"https:\/\/huszpo-konferencija.com\/wp-content\/uploads\/2013\/07\/HHI.jpg\" alt=\"\" data-id=\"449\" class=\"wp-image-449\" srcset=\"https:\/\/huszpo-konferencija.com\/wp-content\/uploads\/2013\/07\/HHI.jpg 212w, https:\/\/huszpo-konferencija.com\/wp-content\/uploads\/2013\/07\/HHI-150x67.jpg 150w\" sizes=\"auto, (max-width: 212px) 100vw, 212px\" \/><\/figure><\/li><li class=\"blocks-gallery-item\"><figure><img loading=\"lazy\" decoding=\"async\" width=\"326\" height=\"130\" src=\"https:\/\/huszpo-konferencija.com\/wp-content\/uploads\/2013\/07\/Area-Urbis.jpg\" alt=\"\" data-id=\"453\" class=\"wp-image-453\" srcset=\"https:\/\/huszpo-konferencija.com\/wp-content\/uploads\/2013\/07\/Area-Urbis.jpg 326w, https:\/\/huszpo-konferencija.com\/wp-content\/uploads\/2013\/07\/Area-Urbis-150x59.jpg 150w, https:\/\/huszpo-konferencija.com\/wp-content\/uploads\/2013\/07\/Area-Urbis-300x119.jpg 300w, https:\/\/huszpo-konferencija.com\/wp-content\/uploads\/2013\/07\/Area-Urbis-127x50.jpg 127w\" sizes=\"auto, (max-width: 326px) 100vw, 326px\" \/><\/figure><\/li><\/ul><\/figure>","protected":false},"excerpt":{"rendered":"","protected":false},"author":8,"featured_media":0,"parent":215,"menu_order":0,"comment_status":"closed","ping_status":"closed","template":"","meta":{"_uag_custom_page_level_css":"","neve_meta_sidebar":"","neve_meta_container":"","neve_meta_enable_content_width":"","neve_meta_content_width":0,"neve_meta_title_alignment":"","neve_meta_author_avatar":"","neve_post_elements_order":"","neve_meta_disable_header":"","neve_meta_disable_footer":"","neve_meta_disable_title":"","_themeisle_gutenberg_block_has_review":false,"footnotes":""},"class_list":["post-4332","page","type-page","status-publish","hentry"],"yoast_head":"<!-- This site is optimized with the Yoast SEO plugin v24.2 - https:\/\/yoast.com\/wordpress\/plugins\/seo\/ -->\n<title>Sponzori 2013 - Konferencija Okoli\u0161ne procjene i Europski zeleni plan &#039;22<\/title>\n<meta name=\"robots\" content=\"index, follow, max-snippet:-1, max-image-preview:large, max-video-preview:-1\" \/>\n<link rel=\"canonical\" href=\"https:\/\/huszpo-konferencija.com\/en\/sponzori\/sponzori-2013\/\" \/>\n<meta property=\"og:locale\" content=\"en_US\" \/>\n<meta property=\"og:type\" content=\"article\" \/>\n<meta property=\"og:title\" content=\"Sponzori 2013 - Konferencija Okoli\u0161ne procjene i Europski zeleni plan &#039;22\" \/>\n<meta property=\"og:url\" content=\"https:\/\/huszpo-konferencija.com\/en\/sponzori\/sponzori-2013\/\" \/>\n<meta property=\"og:site_name\" content=\"Konferencija Okoli\u0161ne procjene i Europski zeleni plan &#039;22\" \/>\n<meta property=\"article:publisher\" content=\"https:\/\/www.facebook.com\/HUSZPO-107221977694653\/\" \/>\n<meta property=\"article:modified_time\" content=\"2021-10-20T16:06:31+00:00\" \/>\n<meta property=\"og:image\" content=\"https:\/\/huszpo-konferencija.com\/wp-content\/uploads\/2013\/07\/oikon-1.jpg\" \/>\n<meta name=\"twitter:card\" content=\"summary_large_image\" \/>\n<meta name=\"twitter:site\" content=\"@huszpo\" \/>\n<meta name=\"twitter:label1\" content=\"Est. reading time\" \/>\n\t<meta name=\"twitter:data1\" content=\"5 minutes\" \/>\n<script type=\"application\/ld+json\" class=\"yoast-schema-graph\">{\"@context\":\"https:\/\/schema.org\",\"@graph\":[{\"@type\":\"WebPage\",\"@id\":\"https:\/\/huszpo-konferencija.com\/en\/sponzori\/sponzori-2013\/\",\"url\":\"https:\/\/huszpo-konferencija.com\/en\/sponzori\/sponzori-2013\/\",\"name\":\"Sponzori 2013 - Konferencija Okoli\u0161ne procjene i Europski zeleni plan &#039;22\",\"isPartOf\":{\"@id\":\"https:\/\/huszpo-konferencija.com\/#website\"},\"primaryImageOfPage\":{\"@id\":\"https:\/\/huszpo-konferencija.com\/en\/sponzori\/sponzori-2013\/#primaryimage\"},\"image\":{\"@id\":\"https:\/\/huszpo-konferencija.com\/en\/sponzori\/sponzori-2013\/#primaryimage\"},\"thumbnailUrl\":\"https:\/\/huszpo-konferencija.com\/wp-content\/uploads\/2013\/07\/oikon-1.jpg\",\"datePublished\":\"2021-10-06T12:34:29+00:00\",\"dateModified\":\"2021-10-20T16:06:31+00:00\",\"breadcrumb\":{\"@id\":\"https:\/\/huszpo-konferencija.com\/en\/sponzori\/sponzori-2013\/#breadcrumb\"},\"inLanguage\":\"en-US\",\"potentialAction\":[{\"@type\":\"ReadAction\",\"target\":[\"https:\/\/huszpo-konferencija.com\/en\/sponzori\/sponzori-2013\/\"]}]},{\"@type\":\"ImageObject\",\"inLanguage\":\"en-US\",\"@id\":\"https:\/\/huszpo-konferencija.com\/en\/sponzori\/sponzori-2013\/#primaryimage\",\"url\":\"https:\/\/huszpo-konferencija.com\/wp-content\/uploads\/2013\/07\/oikon-1.jpg\",\"contentUrl\":\"https:\/\/huszpo-konferencija.com\/wp-content\/uploads\/2013\/07\/oikon-1.jpg\"},{\"@type\":\"BreadcrumbList\",\"@id\":\"https:\/\/huszpo-konferencija.com\/en\/sponzori\/sponzori-2013\/#breadcrumb\",\"itemListElement\":[{\"@type\":\"ListItem\",\"position\":1,\"name\":\"Naslovna\",\"item\":\"https:\/\/huszpo-konferencija.com\/\"},{\"@type\":\"ListItem\",\"position\":2,\"name\":\"Sponzori\",\"item\":\"https:\/\/huszpo-konferencija.com\/sponzori\/\"},{\"@type\":\"ListItem\",\"position\":3,\"name\":\"Sponzori 2013\"}]},{\"@type\":\"WebSite\",\"@id\":\"https:\/\/huszpo-konferencija.com\/#website\",\"url\":\"https:\/\/huszpo-konferencija.com\/\",\"name\":\"Konferencija Okoli\u0161ne procjene i Europski zeleni plan\",\"description\":\"Konferencija Okoli\u0161ne procjene i Europski zeleni plan &#039;22\",\"publisher\":{\"@id\":\"https:\/\/huszpo-konferencija.com\/#organization\"},\"potentialAction\":[{\"@type\":\"SearchAction\",\"target\":{\"@type\":\"EntryPoint\",\"urlTemplate\":\"https:\/\/huszpo-konferencija.com\/?s={search_term_string}\"},\"query-input\":{\"@type\":\"PropertyValueSpecification\",\"valueRequired\":true,\"valueName\":\"search_term_string\"}}],\"inLanguage\":\"en-US\"},{\"@type\":\"Organization\",\"@id\":\"https:\/\/huszpo-konferencija.com\/#organization\",\"name\":\"HUSZPO\",\"url\":\"https:\/\/huszpo-konferencija.com\/\",\"logo\":{\"@type\":\"ImageObject\",\"inLanguage\":\"en-US\",\"@id\":\"https:\/\/huszpo-konferencija.com\/#\/schema\/logo\/image\/\",\"url\":\"https:\/\/huszpo-konferencija.com\/wp-content\/uploads\/2021\/10\/cropped-cropped-cropped-Logo.png\",\"contentUrl\":\"https:\/\/huszpo-konferencija.com\/wp-content\/uploads\/2021\/10\/cropped-cropped-cropped-Logo.png\",\"width\":512,\"height\":512,\"caption\":\"HUSZPO\"},\"image\":{\"@id\":\"https:\/\/huszpo-konferencija.com\/#\/schema\/logo\/image\/\"},\"sameAs\":[\"https:\/\/www.facebook.com\/HUSZPO-107221977694653\/\",\"https:\/\/x.com\/huszpo\",\"https:\/\/www.instagram.com\/huszpo\",\"https:\/\/www.linkedin.com\/in\/huszpo-hrvatska-udruga-stru\u010dnjaka-za\u0161tite-prirode-i-okoli\u0161a-2a52481b2\/?originalSubdomain=hr\"]}]}<\/script>\n<!-- \/ Yoast SEO plugin. -->","yoast_head_json":{"title":"Sponzori 2013 - Konferencija Okoli\u0161ne procjene i Europski zeleni plan &#039;22","robots":{"index":"index","follow":"follow","max-snippet":"max-snippet:-1","max-image-preview":"max-image-preview:large","max-video-preview":"max-video-preview:-1"},"canonical":"https:\/\/huszpo-konferencija.com\/en\/sponzori\/sponzori-2013\/","og_locale":"en_US","og_type":"article","og_title":"Sponzori 2013 - Konferencija Okoli\u0161ne procjene i Europski zeleni plan &#039;22","og_url":"https:\/\/huszpo-konferencija.com\/en\/sponzori\/sponzori-2013\/","og_site_name":"Konferencija Okoli\u0161ne procjene i Europski zeleni plan &#039;22","article_publisher":"https:\/\/www.facebook.com\/HUSZPO-107221977694653\/","article_modified_time":"2021-10-20T16:06:31+00:00","og_image":[{"url":"https:\/\/huszpo-konferencija.com\/wp-content\/uploads\/2013\/07\/oikon-1.jpg","type":"","width":"","height":""}],"twitter_card":"summary_large_image","twitter_site":"@huszpo","twitter_misc":{"Est. reading time":"5 minutes"},"schema":{"@context":"https:\/\/schema.org","@graph":[{"@type":"WebPage","@id":"https:\/\/huszpo-konferencija.com\/en\/sponzori\/sponzori-2013\/","url":"https:\/\/huszpo-konferencija.com\/en\/sponzori\/sponzori-2013\/","name":"Sponzori 2013 - Konferencija Okoli\u0161ne procjene i Europski zeleni plan &#039;22","isPartOf":{"@id":"https:\/\/huszpo-konferencija.com\/#website"},"primaryImageOfPage":{"@id":"https:\/\/huszpo-konferencija.com\/en\/sponzori\/sponzori-2013\/#primaryimage"},"image":{"@id":"https:\/\/huszpo-konferencija.com\/en\/sponzori\/sponzori-2013\/#primaryimage"},"thumbnailUrl":"https:\/\/huszpo-konferencija.com\/wp-content\/uploads\/2013\/07\/oikon-1.jpg","datePublished":"2021-10-06T12:34:29+00:00","dateModified":"2021-10-20T16:06:31+00:00","breadcrumb":{"@id":"https:\/\/huszpo-konferencija.com\/en\/sponzori\/sponzori-2013\/#breadcrumb"},"inLanguage":"en-US","potentialAction":[{"@type":"ReadAction","target":["https:\/\/huszpo-konferencija.com\/en\/sponzori\/sponzori-2013\/"]}]},{"@type":"ImageObject","inLanguage":"en-US","@id":"https:\/\/huszpo-konferencija.com\/en\/sponzori\/sponzori-2013\/#primaryimage","url":"https:\/\/huszpo-konferencija.com\/wp-content\/uploads\/2013\/07\/oikon-1.jpg","contentUrl":"https:\/\/huszpo-konferencija.com\/wp-content\/uploads\/2013\/07\/oikon-1.jpg"},{"@type":"BreadcrumbList","@id":"https:\/\/huszpo-konferencija.com\/en\/sponzori\/sponzori-2013\/#breadcrumb","itemListElement":[{"@type":"ListItem","position":1,"name":"Naslovna","item":"https:\/\/huszpo-konferencija.com\/"},{"@type":"ListItem","position":2,"name":"Sponzori","item":"https:\/\/huszpo-konferencija.com\/sponzori\/"},{"@type":"ListItem","position":3,"name":"Sponzori 2013"}]},{"@type":"WebSite","@id":"https:\/\/huszpo-konferencija.com\/#website","url":"https:\/\/huszpo-konferencija.com\/","name":"Konferencija Okoli\u0161ne procjene i Europski zeleni plan","description":"Konferencija Okoli\u0161ne procjene i Europski zeleni plan &#039;22","publisher":{"@id":"https:\/\/huszpo-konferencija.com\/#organization"},"potentialAction":[{"@type":"SearchAction","target":{"@type":"EntryPoint","urlTemplate":"https:\/\/huszpo-konferencija.com\/?s={search_term_string}"},"query-input":{"@type":"PropertyValueSpecification","valueRequired":true,"valueName":"search_term_string"}}],"inLanguage":"en-US"},{"@type":"Organization","@id":"https:\/\/huszpo-konferencija.com\/#organization","name":"HUSZPO","url":"https:\/\/huszpo-konferencija.com\/","logo":{"@type":"ImageObject","inLanguage":"en-US","@id":"https:\/\/huszpo-konferencija.com\/#\/schema\/logo\/image\/","url":"https:\/\/huszpo-konferencija.com\/wp-content\/uploads\/2021\/10\/cropped-cropped-cropped-Logo.png","contentUrl":"https:\/\/huszpo-konferencija.com\/wp-content\/uploads\/2021\/10\/cropped-cropped-cropped-Logo.png","width":512,"height":512,"caption":"HUSZPO"},"image":{"@id":"https:\/\/huszpo-konferencija.com\/#\/schema\/logo\/image\/"},"sameAs":["https:\/\/www.facebook.com\/HUSZPO-107221977694653\/","https:\/\/x.com\/huszpo","https:\/\/www.instagram.com\/huszpo","https:\/\/www.linkedin.com\/in\/huszpo-hrvatska-udruga-stru\u010dnjaka-za\u0161tite-prirode-i-okoli\u0161a-2a52481b2\/?originalSubdomain=hr"]}]}},"uagb_featured_image_src":{"full":false,"thumbnail":false,"medium":false,"medium_large":false,"large":false,"gs-tiny":false,"xl":false,"xxl":false,"xxxl":false,"xxxxl":false,"xxxxxl":false,"1536x1536":false,"2048x2048":false,"trp-custom-language-flag":false,"neve-blog":false},"uagb_author_info":{"display_name":"1filip2kuna","author_link":"https:\/\/huszpo-konferencija.com\/en\/author\/1filip2kuna\/"},"uagb_comment_info":0,"uagb_excerpt":null,"_links":{"self":[{"href":"https:\/\/huszpo-konferencija.com\/en\/wp-json\/wp\/v2\/pages\/4332","targetHints":{"allow":["GET"]}}],"collection":[{"href":"https:\/\/huszpo-konferencija.com\/en\/wp-json\/wp\/v2\/pages"}],"about":[{"href":"https:\/\/huszpo-konferencija.com\/en\/wp-json\/wp\/v2\/types\/page"}],"author":[{"embeddable":true,"href":"https:\/\/huszpo-konferencija.com\/en\/wp-json\/wp\/v2\/users\/8"}],"replies":[{"embeddable":true,"href":"https:\/\/huszpo-konferencija.com\/en\/wp-json\/wp\/v2\/comments?post=4332"}],"version-history":[{"count":15,"href":"https:\/\/huszpo-konferencija.com\/en\/wp-json\/wp\/v2\/pages\/4332\/revisions"}],"predecessor-version":[{"id":5225,"href":"https:\/\/huszpo-konferencija.com\/en\/wp-json\/wp\/v2\/pages\/4332\/revisions\/5225"}],"up":[{"embeddable":true,"href":"https:\/\/huszpo-konferencija.com\/en\/wp-json\/wp\/v2\/pages\/215"}],"wp:attachment":[{"href":"https:\/\/huszpo-konferencija.com\/en\/wp-json\/wp\/v2\/media?parent=4332"}],"curies":[{"name":"wp","href":"https:\/\/api.w.org\/{rel}","templated":true}]}}