{"id":3209,"date":"2019-10-14T21:47:53","date_gmt":"2019-10-14T21:47:53","guid":{"rendered":"https:\/\/www.huszpo-konferencija.com\/?page_id=3209"},"modified":"2021-10-19T10:26:55","modified_gmt":"2021-10-19T10:26:55","slug":"objava-radova-s-trece-regionalne-konferencije-o-puo-u-casopisu-inzenjerstvo-okolisa","status":"publish","type":"page","link":"https:\/\/huszpo-konferencija.com\/en\/objava-radova-s-trece-regionalne-konferencije-o-puo-u-casopisu-inzenjerstvo-okolisa\/","title":{"rendered":"Publishing of full papers from Third Regional Conference on EIA in Environmental Engineering Journal"},"content":{"rendered":"<p><span style=\"color: #000000;\">Selected <strong>papers <\/strong><strong>have been published in Environmental Engineering journal<\/strong>.<\/span><\/p>\n<p><span style=\"color: #000000;\">Following papers have been published:<\/span><\/p>\n<p><span style=\"color: #000000;\"><em>Konrad Ki\u0161: Unrecognised Conflicts Between the Utilization of Natural Resources and NATURA 2000: Easement of Forests and Forest Land for the Raising of Perennial Crops - Case Study Dubrovnik-Neretva County<\/em><\/span><\/p>\n<p><span style=\"color: #000000;\"><em>Aleksandra Ani\u0107 Vu\u010dini\u0107, Lana Kri\u0161to, Ivana Melnjak, Lucija Radeti\u0107: The role of environmental impact assessment in rehabilitation and conversion of exploitation fields<\/em><\/span><\/p>\n<p><span style=\"color: #000000;\"><em>Goran Lon\u010dar, Domagoj Vranje\u0161, Ivana Toma\u0161evi\u0107, Katarina \u010covi\u0107, Ivana Buj, Goran Da\u0161i\u0107, Lovorka Korica: Possibilities of mitigating water regulation and flood protection structures impact on riparian ecosystems<\/em><\/span><\/p>\n<p><span style=\"color: #000000;\"><em>Valerija Butorac, Goran Lon\u010dar, Martina Cvitkovi\u0107, Domagoj Vranje\u0161: Geoecological evaluation within environment impact assessment studies\u2013Example of: Hydropower plants Kosinj and Senj 2<\/em><\/span><\/p>\n<p><span style=\"color: #000000;\">Papers, and as well entire journal are available\u00a0<a href=\"http:\/\/www.gfv.unizg.hr\/modules\/m_gfv\/datoteke\/CIO_vol_4_no_2.pdf\" target=\"_blank\" rel=\"noopener\">click here<\/a>.<\/span><\/p>","protected":false},"excerpt":{"rendered":"<p>Odabrani radovi objavljeni su u \u010dasopisu In\u017eenjerstvo okoli\u0161a. Objavljeni su slijede\u0107i radovi: Konrad Ki\u0161: NEPREPOZNATI KONFLIKTI IZME\u0110U \u0160UMARSTVA, POLJOPRIVREDE I EKOLO\u0160KE MRE\u017dE: OSNIVANJE PRAVA SLU\u017dNOSTI NA \u0160UMI I \u0160UMSKOM ZEMLJI\u0160TU RADI PODIZANJA VI\u0160EGODI\u0160NJIH NASADA &#8211; ANALIZA SLU\u010cAJA DUBROVA\u010cKO-NERETVANSKA \u017dUPANIJA Aleksandra Ani\u0107 Vu\u010dini\u0107, Lana Kri\u0161to, Ivana Melnjak, Lucija Radeti\u0107: ULOGA PROCJENE UTJECAJA ZAHVATA NA OKOLI\u0160 U&hellip;&nbsp;<a href=\"https:\/\/huszpo-konferencija.com\/en\/objava-radova-s-trece-regionalne-konferencije-o-puo-u-casopisu-inzenjerstvo-okolisa\/\" rel=\"bookmark\">Read More &raquo;<span class=\"screen-reader-text\">Publishing of full papers from Third Regional Conference on EIA in Environmental Engineering Journal<\/span><\/a><\/p>","protected":false},"author":7,"featured_media":0,"parent":0,"menu_order":0,"comment_status":"closed","ping_status":"closed","template":"","meta":{"_uag_custom_page_level_css":"","neve_meta_sidebar":"","neve_meta_container":"","neve_meta_enable_content_width":"","neve_meta_content_width":0,"neve_meta_title_alignment":"","neve_meta_author_avatar":"","neve_post_elements_order":"","neve_meta_disable_header":"","neve_meta_disable_footer":"","neve_meta_disable_title":"","_themeisle_gutenberg_block_has_review":false,"footnotes":""},"class_list":["post-3209","page","type-page","status-publish","hentry"],"yoast_head":"<!-- This site is optimized with the Yoast SEO plugin v24.2 - https:\/\/yoast.com\/wordpress\/plugins\/seo\/ -->\n<title>Objava radova s Tre\u0107e regionalne konferencije o PUO u \u010dasopisu In\u017eenjerstvo okoli\u0161a - Konferencija Okoli\u0161ne procjene i Europski zeleni plan &#039;22<\/title>\n<meta name=\"robots\" content=\"index, follow, max-snippet:-1, max-image-preview:large, max-video-preview:-1\" \/>\n<link rel=\"canonical\" href=\"https:\/\/huszpo-konferencija.com\/en\/objava-radova-s-trece-regionalne-konferencije-o-puo-u-casopisu-inzenjerstvo-okolisa\/\" \/>\n<meta property=\"og:locale\" content=\"en_US\" \/>\n<meta property=\"og:type\" content=\"article\" \/>\n<meta property=\"og:title\" content=\"Objava radova s Tre\u0107e regionalne konferencije o PUO u \u010dasopisu In\u017eenjerstvo okoli\u0161a - Konferencija Okoli\u0161ne procjene i Europski zeleni plan &#039;22\" \/>\n<meta property=\"og:description\" content=\"Odabrani radovi objavljeni su u \u010dasopisu In\u017eenjerstvo okoli\u0161a. Objavljeni su slijede\u0107i radovi: Konrad Ki\u0161: NEPREPOZNATI KONFLIKTI IZME\u0110U \u0160UMARSTVA, POLJOPRIVREDE I EKOLO\u0160KE MRE\u017dE: OSNIVANJE PRAVA SLU\u017dNOSTI NA \u0160UMI I \u0160UMSKOM ZEMLJI\u0160TU RADI PODIZANJA VI\u0160EGODI\u0160NJIH NASADA &#8211; ANALIZA SLU\u010cAJA DUBROVA\u010cKO-NERETVANSKA \u017dUPANIJA Aleksandra Ani\u0107 Vu\u010dini\u0107, Lana Kri\u0161to, Ivana Melnjak, Lucija Radeti\u0107: ULOGA PROCJENE UTJECAJA ZAHVATA NA OKOLI\u0160 U&hellip;&nbsp;Read More &raquo;Objava radova s Tre\u0107e regionalne konferencije o PUO u \u010dasopisu In\u017eenjerstvo okoli\u0161a\" \/>\n<meta property=\"og:url\" content=\"https:\/\/huszpo-konferencija.com\/en\/objava-radova-s-trece-regionalne-konferencije-o-puo-u-casopisu-inzenjerstvo-okolisa\/\" \/>\n<meta property=\"og:site_name\" content=\"Konferencija Okoli\u0161ne procjene i Europski zeleni plan &#039;22\" \/>\n<meta property=\"article:publisher\" content=\"https:\/\/www.facebook.com\/HUSZPO-107221977694653\/\" \/>\n<meta property=\"article:modified_time\" content=\"2021-10-19T10:26:55+00:00\" \/>\n<meta name=\"twitter:card\" content=\"summary_large_image\" \/>\n<meta name=\"twitter:site\" content=\"@huszpo\" \/>\n<meta name=\"twitter:label1\" content=\"Est. reading time\" \/>\n\t<meta name=\"twitter:data1\" content=\"1 minute\" \/>\n<script type=\"application\/ld+json\" class=\"yoast-schema-graph\">{\"@context\":\"https:\/\/schema.org\",\"@graph\":[{\"@type\":\"WebPage\",\"@id\":\"https:\/\/huszpo-konferencija.com\/objava-radova-s-trece-regionalne-konferencije-o-puo-u-casopisu-inzenjerstvo-okolisa\/\",\"url\":\"https:\/\/huszpo-konferencija.com\/objava-radova-s-trece-regionalne-konferencije-o-puo-u-casopisu-inzenjerstvo-okolisa\/\",\"name\":\"Objava radova s Tre\u0107e regionalne konferencije o PUO u \u010dasopisu In\u017eenjerstvo okoli\u0161a - Konferencija Okoli\u0161ne procjene i Europski zeleni plan &#039;22\",\"isPartOf\":{\"@id\":\"https:\/\/huszpo-konferencija.com\/#website\"},\"datePublished\":\"2019-10-14T21:47:53+00:00\",\"dateModified\":\"2021-10-19T10:26:55+00:00\",\"breadcrumb\":{\"@id\":\"https:\/\/huszpo-konferencija.com\/objava-radova-s-trece-regionalne-konferencije-o-puo-u-casopisu-inzenjerstvo-okolisa\/#breadcrumb\"},\"inLanguage\":\"en-US\",\"potentialAction\":[{\"@type\":\"ReadAction\",\"target\":[\"https:\/\/huszpo-konferencija.com\/objava-radova-s-trece-regionalne-konferencije-o-puo-u-casopisu-inzenjerstvo-okolisa\/\"]}]},{\"@type\":\"BreadcrumbList\",\"@id\":\"https:\/\/huszpo-konferencija.com\/objava-radova-s-trece-regionalne-konferencije-o-puo-u-casopisu-inzenjerstvo-okolisa\/#breadcrumb\",\"itemListElement\":[{\"@type\":\"ListItem\",\"position\":1,\"name\":\"Naslovna\",\"item\":\"https:\/\/huszpo-konferencija.com\/\"},{\"@type\":\"ListItem\",\"position\":2,\"name\":\"Objava radova s Tre\u0107e regionalne konferencije o PUO u \u010dasopisu In\u017eenjerstvo okoli\u0161a\"}]},{\"@type\":\"WebSite\",\"@id\":\"https:\/\/huszpo-konferencija.com\/#website\",\"url\":\"https:\/\/huszpo-konferencija.com\/\",\"name\":\"Konferencija Okoli\u0161ne procjene i Europski zeleni plan\",\"description\":\"Konferencija Okoli\u0161ne procjene i Europski zeleni plan &#039;22\",\"publisher\":{\"@id\":\"https:\/\/huszpo-konferencija.com\/#organization\"},\"potentialAction\":[{\"@type\":\"SearchAction\",\"target\":{\"@type\":\"EntryPoint\",\"urlTemplate\":\"https:\/\/huszpo-konferencija.com\/?s={search_term_string}\"},\"query-input\":{\"@type\":\"PropertyValueSpecification\",\"valueRequired\":true,\"valueName\":\"search_term_string\"}}],\"inLanguage\":\"en-US\"},{\"@type\":\"Organization\",\"@id\":\"https:\/\/huszpo-konferencija.com\/#organization\",\"name\":\"HUSZPO\",\"url\":\"https:\/\/huszpo-konferencija.com\/\",\"logo\":{\"@type\":\"ImageObject\",\"inLanguage\":\"en-US\",\"@id\":\"https:\/\/huszpo-konferencija.com\/#\/schema\/logo\/image\/\",\"url\":\"https:\/\/huszpo-konferencija.com\/wp-content\/uploads\/2021\/10\/cropped-cropped-cropped-Logo.png\",\"contentUrl\":\"https:\/\/huszpo-konferencija.com\/wp-content\/uploads\/2021\/10\/cropped-cropped-cropped-Logo.png\",\"width\":512,\"height\":512,\"caption\":\"HUSZPO\"},\"image\":{\"@id\":\"https:\/\/huszpo-konferencija.com\/#\/schema\/logo\/image\/\"},\"sameAs\":[\"https:\/\/www.facebook.com\/HUSZPO-107221977694653\/\",\"https:\/\/x.com\/huszpo\",\"https:\/\/www.instagram.com\/huszpo\",\"https:\/\/www.linkedin.com\/in\/huszpo-hrvatska-udruga-stru\u010dnjaka-za\u0161tite-prirode-i-okoli\u0161a-2a52481b2\/?originalSubdomain=hr\"]}]}<\/script>\n<!-- \/ Yoast SEO plugin. -->","yoast_head_json":{"title":"Objava radova s Tre\u0107e regionalne konferencije o PUO u \u010dasopisu In\u017eenjerstvo okoli\u0161a - Konferencija Okoli\u0161ne procjene i Europski zeleni plan &#039;22","robots":{"index":"index","follow":"follow","max-snippet":"max-snippet:-1","max-image-preview":"max-image-preview:large","max-video-preview":"max-video-preview:-1"},"canonical":"https:\/\/huszpo-konferencija.com\/en\/objava-radova-s-trece-regionalne-konferencije-o-puo-u-casopisu-inzenjerstvo-okolisa\/","og_locale":"en_US","og_type":"article","og_title":"Objava radova s Tre\u0107e regionalne konferencije o PUO u \u010dasopisu In\u017eenjerstvo okoli\u0161a - Konferencija Okoli\u0161ne procjene i Europski zeleni plan &#039;22","og_description":"Odabrani radovi objavljeni su u \u010dasopisu In\u017eenjerstvo okoli\u0161a. Objavljeni su slijede\u0107i radovi: Konrad Ki\u0161: NEPREPOZNATI KONFLIKTI IZME\u0110U \u0160UMARSTVA, POLJOPRIVREDE I EKOLO\u0160KE MRE\u017dE: OSNIVANJE PRAVA SLU\u017dNOSTI NA \u0160UMI I \u0160UMSKOM ZEMLJI\u0160TU RADI PODIZANJA VI\u0160EGODI\u0160NJIH NASADA &#8211; ANALIZA SLU\u010cAJA DUBROVA\u010cKO-NERETVANSKA \u017dUPANIJA Aleksandra Ani\u0107 Vu\u010dini\u0107, Lana Kri\u0161to, Ivana Melnjak, Lucija Radeti\u0107: ULOGA PROCJENE UTJECAJA ZAHVATA NA OKOLI\u0160 U&hellip;&nbsp;Read More &raquo;Objava radova s Tre\u0107e regionalne konferencije o PUO u \u010dasopisu In\u017eenjerstvo okoli\u0161a","og_url":"https:\/\/huszpo-konferencija.com\/en\/objava-radova-s-trece-regionalne-konferencije-o-puo-u-casopisu-inzenjerstvo-okolisa\/","og_site_name":"Konferencija Okoli\u0161ne procjene i Europski zeleni plan &#039;22","article_publisher":"https:\/\/www.facebook.com\/HUSZPO-107221977694653\/","article_modified_time":"2021-10-19T10:26:55+00:00","twitter_card":"summary_large_image","twitter_site":"@huszpo","twitter_misc":{"Est. reading time":"1 minute"},"schema":{"@context":"https:\/\/schema.org","@graph":[{"@type":"WebPage","@id":"https:\/\/huszpo-konferencija.com\/objava-radova-s-trece-regionalne-konferencije-o-puo-u-casopisu-inzenjerstvo-okolisa\/","url":"https:\/\/huszpo-konferencija.com\/objava-radova-s-trece-regionalne-konferencije-o-puo-u-casopisu-inzenjerstvo-okolisa\/","name":"Objava radova s Tre\u0107e regionalne konferencije o PUO u \u010dasopisu In\u017eenjerstvo okoli\u0161a - Konferencija Okoli\u0161ne procjene i Europski zeleni plan &#039;22","isPartOf":{"@id":"https:\/\/huszpo-konferencija.com\/#website"},"datePublished":"2019-10-14T21:47:53+00:00","dateModified":"2021-10-19T10:26:55+00:00","breadcrumb":{"@id":"https:\/\/huszpo-konferencija.com\/objava-radova-s-trece-regionalne-konferencije-o-puo-u-casopisu-inzenjerstvo-okolisa\/#breadcrumb"},"inLanguage":"en-US","potentialAction":[{"@type":"ReadAction","target":["https:\/\/huszpo-konferencija.com\/objava-radova-s-trece-regionalne-konferencije-o-puo-u-casopisu-inzenjerstvo-okolisa\/"]}]},{"@type":"BreadcrumbList","@id":"https:\/\/huszpo-konferencija.com\/objava-radova-s-trece-regionalne-konferencije-o-puo-u-casopisu-inzenjerstvo-okolisa\/#breadcrumb","itemListElement":[{"@type":"ListItem","position":1,"name":"Naslovna","item":"https:\/\/huszpo-konferencija.com\/"},{"@type":"ListItem","position":2,"name":"Objava radova s Tre\u0107e regionalne konferencije o PUO u \u010dasopisu In\u017eenjerstvo okoli\u0161a"}]},{"@type":"WebSite","@id":"https:\/\/huszpo-konferencija.com\/#website","url":"https:\/\/huszpo-konferencija.com\/","name":"Konferencija Okoli\u0161ne procjene i Europski zeleni plan","description":"Konferencija Okoli\u0161ne procjene i Europski zeleni plan &#039;22","publisher":{"@id":"https:\/\/huszpo-konferencija.com\/#organization"},"potentialAction":[{"@type":"SearchAction","target":{"@type":"EntryPoint","urlTemplate":"https:\/\/huszpo-konferencija.com\/?s={search_term_string}"},"query-input":{"@type":"PropertyValueSpecification","valueRequired":true,"valueName":"search_term_string"}}],"inLanguage":"en-US"},{"@type":"Organization","@id":"https:\/\/huszpo-konferencija.com\/#organization","name":"HUSZPO","url":"https:\/\/huszpo-konferencija.com\/","logo":{"@type":"ImageObject","inLanguage":"en-US","@id":"https:\/\/huszpo-konferencija.com\/#\/schema\/logo\/image\/","url":"https:\/\/huszpo-konferencija.com\/wp-content\/uploads\/2021\/10\/cropped-cropped-cropped-Logo.png","contentUrl":"https:\/\/huszpo-konferencija.com\/wp-content\/uploads\/2021\/10\/cropped-cropped-cropped-Logo.png","width":512,"height":512,"caption":"HUSZPO"},"image":{"@id":"https:\/\/huszpo-konferencija.com\/#\/schema\/logo\/image\/"},"sameAs":["https:\/\/www.facebook.com\/HUSZPO-107221977694653\/","https:\/\/x.com\/huszpo","https:\/\/www.instagram.com\/huszpo","https:\/\/www.linkedin.com\/in\/huszpo-hrvatska-udruga-stru\u010dnjaka-za\u0161tite-prirode-i-okoli\u0161a-2a52481b2\/?originalSubdomain=hr"]}]}},"uagb_featured_image_src":{"full":false,"thumbnail":false,"medium":false,"medium_large":false,"large":false,"gs-tiny":false,"xl":false,"xxl":false,"xxxl":false,"xxxxl":false,"xxxxxl":false,"1536x1536":false,"2048x2048":false,"trp-custom-language-flag":false,"neve-blog":false},"uagb_author_info":{"display_name":"super_admin","author_link":"https:\/\/huszpo-konferencija.com\/en\/author\/super_admin\/"},"uagb_comment_info":0,"uagb_excerpt":"Odabrani radovi objavljeni su u \u010dasopisu In\u017eenjerstvo okoli\u0161a. Objavljeni su slijede\u0107i radovi: Konrad Ki\u0161: NEPREPOZNATI KONFLIKTI IZME\u0110U \u0160UMARSTVA, POLJOPRIVREDE I EKOLO\u0160KE MRE\u017dE: OSNIVANJE PRAVA SLU\u017dNOSTI NA \u0160UMI I \u0160UMSKOM ZEMLJI\u0160TU RADI PODIZANJA VI\u0160EGODI\u0160NJIH NASADA &#8211; ANALIZA SLU\u010cAJA DUBROVA\u010cKO-NERETVANSKA \u017dUPANIJA Aleksandra Ani\u0107 Vu\u010dini\u0107, Lana Kri\u0161to, Ivana Melnjak, Lucija Radeti\u0107: ULOGA PROCJENE UTJECAJA ZAHVATA NA OKOLI\u0160 U&hellip;&nbsp;Read&hellip;","_links":{"self":[{"href":"https:\/\/huszpo-konferencija.com\/en\/wp-json\/wp\/v2\/pages\/3209","targetHints":{"allow":["GET"]}}],"collection":[{"href":"https:\/\/huszpo-konferencija.com\/en\/wp-json\/wp\/v2\/pages"}],"about":[{"href":"https:\/\/huszpo-konferencija.com\/en\/wp-json\/wp\/v2\/types\/page"}],"author":[{"embeddable":true,"href":"https:\/\/huszpo-konferencija.com\/en\/wp-json\/wp\/v2\/users\/7"}],"replies":[{"embeddable":true,"href":"https:\/\/huszpo-konferencija.com\/en\/wp-json\/wp\/v2\/comments?post=3209"}],"version-history":[{"count":4,"href":"https:\/\/huszpo-konferencija.com\/en\/wp-json\/wp\/v2\/pages\/3209\/revisions"}],"predecessor-version":[{"id":4500,"href":"https:\/\/huszpo-konferencija.com\/en\/wp-json\/wp\/v2\/pages\/3209\/revisions\/4500"}],"wp:attachment":[{"href":"https:\/\/huszpo-konferencija.com\/en\/wp-json\/wp\/v2\/media?parent=3209"}],"curies":[{"name":"wp","href":"https:\/\/api.w.org\/{rel}","templated":true}]}}