{"id":2700,"date":"2018-10-15T08:52:20","date_gmt":"2018-10-15T08:52:20","guid":{"rendered":"http:\/\/www.huszpo-konferencija.com\/?page_id=2700"},"modified":"2021-10-06T00:49:07","modified_gmt":"2021-10-06T00:49:07","slug":"odbori-2017","status":"publish","type":"page","link":"https:\/\/huszpo-konferencija.com\/en\/odbori-2017\/","title":{"rendered":"Odbori 2017"},"content":{"rendered":"<h3 class=\"wp-block-heading\">Predsjednica Stru\u010dno-organizacijskog odbora:<\/h3>\n\n\n\n<p>Marta Brki\u0107<\/p>\n\n\n\n<h3 class=\"wp-block-heading\">Members:<\/h3>\n\n\n\n<p>Tomislav \u0106urko<br>Maja Jerman Vrani\u0107<br>\u017deljko Koren<br>Ivan Martini\u0107<br>Nenad Mikuli\u0107<br>Ilija \u0160mitran<br>Domagoj Vranje\u0161<\/p>\n\n\n\n<h3 class=\"wp-block-heading\">President of the Scientific Committee:<\/h3>\n\n\n\n<p>dr. sc. Nenad Mikuli\u0107<\/p>\n\n\n\n<h3 class=\"wp-block-heading\">Members of the Scientific Committee:<\/h3>\n\n\n\n<p>izv. prof. dr. sc. Aleksandra Ani\u0107 Vu\u010dini\u0107, Hrvatska<br>mr. sc. Vasilije Bu\u0161kovi\u0107, Crna Gora<br>prof. dr. sc. Nevenko Herceg, Bosna i Hercegovina<br>prof. dr. sc. Stjepan Husnjak, Hrvatska<br>prof. dr. sc. Mihone Kerolli Mustafa, Kosovo<br>prof. dr. sc. Tarik Kupusovi\u0107, Bosna i Hercegovina<br>prof. dr. sc. Ivan Martini\u0107, Hrvatska<br>prof. dr. sc. Andjelka Mihajlov, Srbija<br>dr. sc. Alan \u0160timac, Hrvatska<br>prof. dr. sc. Ranko \u017dugaj, Hrvatska<\/p>\n\n\n\n<h3 class=\"wp-block-heading\">Members of the Advisory Committee:<\/h3>\n\n\n\n<p>Tea Aulavuo, Konvencija o procjeni utjecaja na okoli\u0161 preko dr\u017eavnih granica (Espoo), UNECE<br>Mate Bandur, Bosna i Hercegovina<br>Brankica Cmiljanovi\u0107 , voditeljica Direkcije za harmonizaciju s EU regulativama i horizontalnom legislativom, Ministarstvo odr\u017eivog razvoja i turizma, Crna Gora<br>Ji\u0159\u00ed Dus\u00edk, savjetnik u za\u0161titi okoli\u0161a, \u010ce\u0161ka<br>Ivana Gudelj, ravnateljica Hrvatske agencije za okoli\u0161 i prirodu, Hrvatska<br>Matja\u017e Harmel, savjetnik u za\u0161titi okoli\u0161a, Slovenija<br>Mihone Kerolli Mustafa, Kosovo<br>Vesna Kolar Planin\u0161i\u010d, voditeljica Sektora za strate\u0161ku procjenu utjecaja na okoli\u0161, Ministarstvo okoli\u0161a i prostora, Slovenija<br>Vjera Krstelj, predsjednica Hrvatskog in\u017eenjerskog saveza, Hrvatska<br>Anamarija Matak, pomo\u0107nica ministra, Ministarstvo za\u0161tite okoli\u0161a i energetike, Hrvatska<br>An\u0111elka Mihajlov, savjetnica u za\u0161titi okoli\u0161a, Srbija<br>Marla Orenstein, predsjednica IAIA (International Association for Impact Assessment), Kanada<br>Martin Smutny, savjetnik u za\u0161titi okoli\u0161a, \u010ce\u0161ka<br>Aleksandar Vesi\u0107, pomo\u0107nik ministra, direktor Sektora za planiranje i upravljanje u \u017eivotnoj sredini, Ministarstvo poljoprivrede i za\u0161tite \u017eivotne sredine, Srbija<\/p>\n\n\n\n<h3 class=\"wp-block-heading\">\u010clanovi Tehni\u010dkog odbora:<\/h3>\n\n\n\n<p>Najla Bakovi\u0107<br>Jelena Fressl<br>Ivan Juratek<br>Tajana Uzelac Obradovi\u0107<\/p>","protected":false},"excerpt":{"rendered":"<p>Predsjednica Stru\u010dno-organizacijskog odbora: Marta Brki\u0107 \u010clanovi: Tomislav \u0106urkoMaja Jerman Vrani\u0107\u017deljko KorenIvan Martini\u0107Nenad Mikuli\u0107Ilija \u0160mitranDomagoj Vranje\u0161 Predsjednik Znanstvenog odbora: dr. sc. Nenad Mikuli\u0107 \u010clanovi Znanstvenog odbora: izv. prof. dr. sc. Aleksandra Ani\u0107 Vu\u010dini\u0107, Hrvatskamr. sc. Vasilije Bu\u0161kovi\u0107, Crna Goraprof. dr. sc. Nevenko Herceg, Bosna i Hercegovinaprof. dr. sc. Stjepan Husnjak, Hrvatskaprof. dr. sc. Mihone Kerolli Mustafa,&hellip;&nbsp;<a href=\"https:\/\/huszpo-konferencija.com\/en\/odbori-2017\/\" rel=\"bookmark\">Read More &raquo;<span class=\"screen-reader-text\">Odbori 2017<\/span><\/a><\/p>","protected":false},"author":6,"featured_media":0,"parent":0,"menu_order":0,"comment_status":"closed","ping_status":"closed","template":"","meta":{"_uag_custom_page_level_css":"","neve_meta_sidebar":"","neve_meta_container":"","neve_meta_enable_content_width":"","neve_meta_content_width":0,"neve_meta_title_alignment":"","neve_meta_author_avatar":"","neve_post_elements_order":"","neve_meta_disable_header":"","neve_meta_disable_footer":"","neve_meta_disable_title":"","_themeisle_gutenberg_block_has_review":false,"footnotes":""},"class_list":["post-2700","page","type-page","status-publish","hentry"],"yoast_head":"<!-- This site is optimized with the Yoast SEO plugin v24.2 - https:\/\/yoast.com\/wordpress\/plugins\/seo\/ -->\n<title>Odbori 2017 - Konferencija Okoli\u0161ne procjene i Europski zeleni plan &#039;22<\/title>\n<meta name=\"robots\" content=\"index, follow, max-snippet:-1, max-image-preview:large, max-video-preview:-1\" \/>\n<link rel=\"canonical\" href=\"https:\/\/huszpo-konferencija.com\/en\/odbori-2017\/\" \/>\n<meta property=\"og:locale\" content=\"en_US\" \/>\n<meta property=\"og:type\" content=\"article\" \/>\n<meta property=\"og:title\" content=\"Odbori 2017 - Konferencija Okoli\u0161ne procjene i Europski zeleni plan &#039;22\" \/>\n<meta property=\"og:description\" content=\"Predsjednica Stru\u010dno-organizacijskog odbora: Marta Brki\u0107 \u010clanovi: Tomislav \u0106urkoMaja Jerman Vrani\u0107\u017deljko KorenIvan Martini\u0107Nenad Mikuli\u0107Ilija \u0160mitranDomagoj Vranje\u0161 Predsjednik Znanstvenog odbora: dr. sc. Nenad Mikuli\u0107 \u010clanovi Znanstvenog odbora: izv. prof. dr. sc. Aleksandra Ani\u0107 Vu\u010dini\u0107, Hrvatskamr. sc. Vasilije Bu\u0161kovi\u0107, Crna Goraprof. dr. sc. Nevenko Herceg, Bosna i Hercegovinaprof. dr. sc. Stjepan Husnjak, Hrvatskaprof. dr. sc. Mihone Kerolli Mustafa,&hellip;&nbsp;Read More &raquo;Odbori 2017\" \/>\n<meta property=\"og:url\" content=\"https:\/\/huszpo-konferencija.com\/en\/odbori-2017\/\" \/>\n<meta property=\"og:site_name\" content=\"Konferencija Okoli\u0161ne procjene i Europski zeleni plan &#039;22\" \/>\n<meta property=\"article:publisher\" content=\"https:\/\/www.facebook.com\/HUSZPO-107221977694653\/\" \/>\n<meta property=\"article:modified_time\" content=\"2021-10-06T00:49:07+00:00\" \/>\n<meta name=\"twitter:card\" content=\"summary_large_image\" \/>\n<meta name=\"twitter:site\" content=\"@huszpo\" \/>\n<meta name=\"twitter:label1\" content=\"Est. reading time\" \/>\n\t<meta name=\"twitter:data1\" content=\"2 minutes\" \/>\n<script type=\"application\/ld+json\" class=\"yoast-schema-graph\">{\"@context\":\"https:\/\/schema.org\",\"@graph\":[{\"@type\":\"WebPage\",\"@id\":\"https:\/\/huszpo-konferencija.com\/odbori-2017\/\",\"url\":\"https:\/\/huszpo-konferencija.com\/odbori-2017\/\",\"name\":\"Odbori 2017 - Konferencija Okoli\u0161ne procjene i Europski zeleni plan &#039;22\",\"isPartOf\":{\"@id\":\"https:\/\/huszpo-konferencija.com\/#website\"},\"datePublished\":\"2018-10-15T08:52:20+00:00\",\"dateModified\":\"2021-10-06T00:49:07+00:00\",\"breadcrumb\":{\"@id\":\"https:\/\/huszpo-konferencija.com\/odbori-2017\/#breadcrumb\"},\"inLanguage\":\"en-US\",\"potentialAction\":[{\"@type\":\"ReadAction\",\"target\":[\"https:\/\/huszpo-konferencija.com\/odbori-2017\/\"]}]},{\"@type\":\"BreadcrumbList\",\"@id\":\"https:\/\/huszpo-konferencija.com\/odbori-2017\/#breadcrumb\",\"itemListElement\":[{\"@type\":\"ListItem\",\"position\":1,\"name\":\"Naslovna\",\"item\":\"https:\/\/huszpo-konferencija.com\/\"},{\"@type\":\"ListItem\",\"position\":2,\"name\":\"Odbori 2017\"}]},{\"@type\":\"WebSite\",\"@id\":\"https:\/\/huszpo-konferencija.com\/#website\",\"url\":\"https:\/\/huszpo-konferencija.com\/\",\"name\":\"Konferencija Okoli\u0161ne procjene i Europski zeleni plan\",\"description\":\"Konferencija Okoli\u0161ne procjene i Europski zeleni plan &#039;22\",\"publisher\":{\"@id\":\"https:\/\/huszpo-konferencija.com\/#organization\"},\"potentialAction\":[{\"@type\":\"SearchAction\",\"target\":{\"@type\":\"EntryPoint\",\"urlTemplate\":\"https:\/\/huszpo-konferencija.com\/?s={search_term_string}\"},\"query-input\":{\"@type\":\"PropertyValueSpecification\",\"valueRequired\":true,\"valueName\":\"search_term_string\"}}],\"inLanguage\":\"en-US\"},{\"@type\":\"Organization\",\"@id\":\"https:\/\/huszpo-konferencija.com\/#organization\",\"name\":\"HUSZPO\",\"url\":\"https:\/\/huszpo-konferencija.com\/\",\"logo\":{\"@type\":\"ImageObject\",\"inLanguage\":\"en-US\",\"@id\":\"https:\/\/huszpo-konferencija.com\/#\/schema\/logo\/image\/\",\"url\":\"https:\/\/huszpo-konferencija.com\/wp-content\/uploads\/2021\/10\/cropped-cropped-cropped-Logo.png\",\"contentUrl\":\"https:\/\/huszpo-konferencija.com\/wp-content\/uploads\/2021\/10\/cropped-cropped-cropped-Logo.png\",\"width\":512,\"height\":512,\"caption\":\"HUSZPO\"},\"image\":{\"@id\":\"https:\/\/huszpo-konferencija.com\/#\/schema\/logo\/image\/\"},\"sameAs\":[\"https:\/\/www.facebook.com\/HUSZPO-107221977694653\/\",\"https:\/\/x.com\/huszpo\",\"https:\/\/www.instagram.com\/huszpo\",\"https:\/\/www.linkedin.com\/in\/huszpo-hrvatska-udruga-stru\u010dnjaka-za\u0161tite-prirode-i-okoli\u0161a-2a52481b2\/?originalSubdomain=hr\"]}]}<\/script>\n<!-- \/ Yoast SEO plugin. -->","yoast_head_json":{"title":"Odbori 2017 - Konferencija Okoli\u0161ne procjene i Europski zeleni plan &#039;22","robots":{"index":"index","follow":"follow","max-snippet":"max-snippet:-1","max-image-preview":"max-image-preview:large","max-video-preview":"max-video-preview:-1"},"canonical":"https:\/\/huszpo-konferencija.com\/en\/odbori-2017\/","og_locale":"en_US","og_type":"article","og_title":"Odbori 2017 - Konferencija Okoli\u0161ne procjene i Europski zeleni plan &#039;22","og_description":"Predsjednica Stru\u010dno-organizacijskog odbora: Marta Brki\u0107 \u010clanovi: Tomislav \u0106urkoMaja Jerman Vrani\u0107\u017deljko KorenIvan Martini\u0107Nenad Mikuli\u0107Ilija \u0160mitranDomagoj Vranje\u0161 Predsjednik Znanstvenog odbora: dr. sc. Nenad Mikuli\u0107 \u010clanovi Znanstvenog odbora: izv. prof. dr. sc. Aleksandra Ani\u0107 Vu\u010dini\u0107, Hrvatskamr. sc. Vasilije Bu\u0161kovi\u0107, Crna Goraprof. dr. sc. Nevenko Herceg, Bosna i Hercegovinaprof. dr. sc. Stjepan Husnjak, Hrvatskaprof. dr. sc. Mihone Kerolli Mustafa,&hellip;&nbsp;Read More &raquo;Odbori 2017","og_url":"https:\/\/huszpo-konferencija.com\/en\/odbori-2017\/","og_site_name":"Konferencija Okoli\u0161ne procjene i Europski zeleni plan &#039;22","article_publisher":"https:\/\/www.facebook.com\/HUSZPO-107221977694653\/","article_modified_time":"2021-10-06T00:49:07+00:00","twitter_card":"summary_large_image","twitter_site":"@huszpo","twitter_misc":{"Est. reading time":"2 minutes"},"schema":{"@context":"https:\/\/schema.org","@graph":[{"@type":"WebPage","@id":"https:\/\/huszpo-konferencija.com\/odbori-2017\/","url":"https:\/\/huszpo-konferencija.com\/odbori-2017\/","name":"Odbori 2017 - Konferencija Okoli\u0161ne procjene i Europski zeleni plan &#039;22","isPartOf":{"@id":"https:\/\/huszpo-konferencija.com\/#website"},"datePublished":"2018-10-15T08:52:20+00:00","dateModified":"2021-10-06T00:49:07+00:00","breadcrumb":{"@id":"https:\/\/huszpo-konferencija.com\/odbori-2017\/#breadcrumb"},"inLanguage":"en-US","potentialAction":[{"@type":"ReadAction","target":["https:\/\/huszpo-konferencija.com\/odbori-2017\/"]}]},{"@type":"BreadcrumbList","@id":"https:\/\/huszpo-konferencija.com\/odbori-2017\/#breadcrumb","itemListElement":[{"@type":"ListItem","position":1,"name":"Naslovna","item":"https:\/\/huszpo-konferencija.com\/"},{"@type":"ListItem","position":2,"name":"Odbori 2017"}]},{"@type":"WebSite","@id":"https:\/\/huszpo-konferencija.com\/#website","url":"https:\/\/huszpo-konferencija.com\/","name":"Konferencija Okoli\u0161ne procjene i Europski zeleni plan","description":"Konferencija Okoli\u0161ne procjene i Europski zeleni plan &#039;22","publisher":{"@id":"https:\/\/huszpo-konferencija.com\/#organization"},"potentialAction":[{"@type":"SearchAction","target":{"@type":"EntryPoint","urlTemplate":"https:\/\/huszpo-konferencija.com\/?s={search_term_string}"},"query-input":{"@type":"PropertyValueSpecification","valueRequired":true,"valueName":"search_term_string"}}],"inLanguage":"en-US"},{"@type":"Organization","@id":"https:\/\/huszpo-konferencija.com\/#organization","name":"HUSZPO","url":"https:\/\/huszpo-konferencija.com\/","logo":{"@type":"ImageObject","inLanguage":"en-US","@id":"https:\/\/huszpo-konferencija.com\/#\/schema\/logo\/image\/","url":"https:\/\/huszpo-konferencija.com\/wp-content\/uploads\/2021\/10\/cropped-cropped-cropped-Logo.png","contentUrl":"https:\/\/huszpo-konferencija.com\/wp-content\/uploads\/2021\/10\/cropped-cropped-cropped-Logo.png","width":512,"height":512,"caption":"HUSZPO"},"image":{"@id":"https:\/\/huszpo-konferencija.com\/#\/schema\/logo\/image\/"},"sameAs":["https:\/\/www.facebook.com\/HUSZPO-107221977694653\/","https:\/\/x.com\/huszpo","https:\/\/www.instagram.com\/huszpo","https:\/\/www.linkedin.com\/in\/huszpo-hrvatska-udruga-stru\u010dnjaka-za\u0161tite-prirode-i-okoli\u0161a-2a52481b2\/?originalSubdomain=hr"]}]}},"uagb_featured_image_src":{"full":false,"thumbnail":false,"medium":false,"medium_large":false,"large":false,"gs-tiny":false,"xl":false,"xxl":false,"xxxl":false,"xxxxl":false,"xxxxxl":false,"1536x1536":false,"2048x2048":false,"trp-custom-language-flag":false,"neve-blog":false},"uagb_author_info":{"display_name":"Jelena Fressl","author_link":"https:\/\/huszpo-konferencija.com\/en\/author\/jelena-fressldvokut-ecro-hr\/"},"uagb_comment_info":0,"uagb_excerpt":"Predsjednica Stru\u010dno-organizacijskog odbora: Marta Brki\u0107 \u010clanovi: Tomislav \u0106urkoMaja Jerman Vrani\u0107\u017deljko KorenIvan Martini\u0107Nenad Mikuli\u0107Ilija \u0160mitranDomagoj Vranje\u0161 Predsjednik Znanstvenog odbora: dr. sc. Nenad Mikuli\u0107 \u010clanovi Znanstvenog odbora: izv. prof. dr. sc. Aleksandra Ani\u0107 Vu\u010dini\u0107, Hrvatskamr. sc. Vasilije Bu\u0161kovi\u0107, Crna Goraprof. dr. sc. Nevenko Herceg, Bosna i Hercegovinaprof. dr. sc. Stjepan Husnjak, Hrvatskaprof. dr. sc. Mihone Kerolli Mustafa,&hellip;&nbsp;Read&hellip;","_links":{"self":[{"href":"https:\/\/huszpo-konferencija.com\/en\/wp-json\/wp\/v2\/pages\/2700","targetHints":{"allow":["GET"]}}],"collection":[{"href":"https:\/\/huszpo-konferencija.com\/en\/wp-json\/wp\/v2\/pages"}],"about":[{"href":"https:\/\/huszpo-konferencija.com\/en\/wp-json\/wp\/v2\/types\/page"}],"author":[{"embeddable":true,"href":"https:\/\/huszpo-konferencija.com\/en\/wp-json\/wp\/v2\/users\/6"}],"replies":[{"embeddable":true,"href":"https:\/\/huszpo-konferencija.com\/en\/wp-json\/wp\/v2\/comments?post=2700"}],"version-history":[{"count":3,"href":"https:\/\/huszpo-konferencija.com\/en\/wp-json\/wp\/v2\/pages\/2700\/revisions"}],"predecessor-version":[{"id":4268,"href":"https:\/\/huszpo-konferencija.com\/en\/wp-json\/wp\/v2\/pages\/2700\/revisions\/4268"}],"wp:attachment":[{"href":"https:\/\/huszpo-konferencija.com\/en\/wp-json\/wp\/v2\/media?parent=2700"}],"curies":[{"name":"wp","href":"https:\/\/api.w.org\/{rel}","templated":true}]}}