{"id":1200,"date":"2016-07-11T13:41:09","date_gmt":"2016-07-11T13:41:09","guid":{"rendered":"http:\/\/www.huszpo-konferencija.com\/?page_id=1200"},"modified":"2021-10-20T15:52:21","modified_gmt":"2021-10-20T15:52:21","slug":"sponzori-2019","status":"publish","type":"page","link":"https:\/\/huszpo-konferencija.com\/en\/sponzori\/sponzori-2019\/","title":{"rendered":"Sponsors 2019"},"content":{"rendered":"<p class=\"has-text-align-center\">&nbsp;<\/p>\n\n\n\n<figure class=\"wp-block-gallery columns-4  ticss-0a14e67e wp-block-gallery-1 is-layout-flex wp-block-gallery-is-layout-flex\"><ul class=\"blocks-gallery-grid\"><li class=\"blocks-gallery-item\"><figure><img loading=\"lazy\" decoding=\"async\" width=\"190\" height=\"230\" src=\"https:\/\/huszpo-konferencija.com\/wp-content\/uploads\/2013\/07\/oikon-1.jpg\" alt=\"\" data-id=\"3085\" class=\"wp-image-3085\"\/><\/figure><\/li><li class=\"blocks-gallery-item\"><figure><img loading=\"lazy\" decoding=\"async\" width=\"190\" height=\"230\" src=\"https:\/\/huszpo-konferencija.com\/wp-content\/uploads\/2013\/07\/vitaprojekt.jpg\" alt=\"\" data-id=\"3086\" class=\"wp-image-3086\"\/><\/figure><\/li><li class=\"blocks-gallery-item\"><figure><img loading=\"lazy\" decoding=\"async\" width=\"190\" height=\"230\" src=\"https:\/\/huszpo-konferencija.com\/wp-content\/uploads\/2013\/07\/cemex.jpg\" alt=\"\" data-id=\"3087\" class=\"wp-image-3087\"\/><\/figure><\/li><li class=\"blocks-gallery-item\"><figure><img loading=\"lazy\" decoding=\"async\" width=\"190\" height=\"230\" src=\"https:\/\/huszpo-konferencija.com\/wp-content\/uploads\/2013\/07\/hgk_hr.jpg\" alt=\"\" data-id=\"3101\" class=\"wp-image-3101\"\/><\/figure><\/li><li class=\"blocks-gallery-item\"><figure><img loading=\"lazy\" decoding=\"async\" width=\"190\" height=\"230\" src=\"https:\/\/huszpo-konferencija.com\/wp-content\/uploads\/2013\/07\/dvokut_ecro.jpg\" alt=\"\" data-id=\"3089\" class=\"wp-image-3089\"\/><\/figure><\/li><li class=\"blocks-gallery-item\"><figure><img loading=\"lazy\" decoding=\"async\" width=\"190\" height=\"230\" src=\"https:\/\/huszpo-konferencija.com\/wp-content\/uploads\/2013\/07\/ekonerg.jpg\" alt=\"\" data-id=\"3090\" class=\"wp-image-3090\"\/><\/figure><\/li><li class=\"blocks-gallery-item\"><figure><img loading=\"lazy\" decoding=\"async\" width=\"190\" height=\"230\" src=\"https:\/\/huszpo-konferencija.com\/wp-content\/uploads\/2013\/07\/zeleni_servis.jpg\" alt=\"\" data-id=\"3091\" class=\"wp-image-3091\"\/><\/figure><\/li><li class=\"blocks-gallery-item\"><figure><img loading=\"lazy\" decoding=\"async\" width=\"190\" height=\"230\" src=\"https:\/\/huszpo-konferencija.com\/wp-content\/uploads\/2013\/07\/ires_ekologija.jpg\" alt=\"\" data-id=\"3092\" class=\"wp-image-3092\"\/><\/figure><\/li><li class=\"blocks-gallery-item\"><figure><img loading=\"lazy\" decoding=\"async\" width=\"190\" height=\"230\" src=\"https:\/\/huszpo-konferencija.com\/wp-content\/uploads\/2013\/07\/ind_eko.jpg\" alt=\"\" data-id=\"3095\" class=\"wp-image-3095\"\/><\/figure><\/li><li class=\"blocks-gallery-item\"><figure><img loading=\"lazy\" decoding=\"async\" width=\"190\" height=\"230\" src=\"https:\/\/huszpo-konferencija.com\/wp-content\/uploads\/2013\/07\/vpb.jpg\" alt=\"\" data-id=\"3097\" class=\"wp-image-3097\"\/><\/figure><\/li><li class=\"blocks-gallery-item\"><figure><img loading=\"lazy\" decoding=\"async\" width=\"190\" height=\"230\" src=\"https:\/\/huszpo-konferencija.com\/wp-content\/uploads\/2013\/07\/geonatura.jpg\" alt=\"\" data-id=\"3094\" class=\"wp-image-3094\"\/><\/figure><\/li><li class=\"blocks-gallery-item\"><figure><img loading=\"lazy\" decoding=\"async\" width=\"190\" height=\"230\" src=\"https:\/\/huszpo-konferencija.com\/wp-content\/uploads\/2013\/07\/zelena_infrastruktura.jpg\" alt=\"\" data-id=\"3093\" class=\"wp-image-3093\"\/><\/figure><\/li><li class=\"blocks-gallery-item\"><figure><img loading=\"lazy\" decoding=\"async\" width=\"190\" height=\"230\" src=\"https:\/\/huszpo-konferencija.com\/wp-content\/uploads\/2013\/07\/fidon.jpg\" alt=\"\" data-id=\"3160\" class=\"wp-image-3160\"\/><\/figure><\/li><li class=\"blocks-gallery-item\"><figure><img loading=\"lazy\" decoding=\"async\" width=\"190\" height=\"230\" src=\"https:\/\/huszpo-konferencija.com\/wp-content\/uploads\/2013\/07\/zavita.jpg\" alt=\"\" data-id=\"3098\" class=\"wp-image-3098\"\/><\/figure><\/li><li class=\"blocks-gallery-item\"><figure><img loading=\"lazy\" decoding=\"async\" width=\"190\" height=\"230\" src=\"https:\/\/huszpo-konferencija.com\/wp-content\/uploads\/2013\/07\/ekoinvest.jpg\" alt=\"\" data-id=\"3096\" class=\"wp-image-3096\"\/><\/figure><\/li><li class=\"blocks-gallery-item\"><figure><img loading=\"lazy\" decoding=\"async\" width=\"190\" height=\"230\" src=\"https:\/\/huszpo-konferencija.com\/wp-content\/uploads\/2013\/07\/acciona.jpg\" alt=\"\" data-id=\"3162\" class=\"wp-image-3162\"\/><\/figure><\/li><li class=\"blocks-gallery-item\"><figure><img loading=\"lazy\" decoding=\"async\" width=\"190\" height=\"230\" src=\"https:\/\/huszpo-konferencija.com\/wp-content\/uploads\/2013\/07\/FZOEU.jpg\" alt=\"\" data-id=\"3164\" class=\"wp-image-3164\"\/><\/figure><\/li><li class=\"blocks-gallery-item\"><figure><img loading=\"lazy\" decoding=\"async\" width=\"190\" height=\"230\" src=\"https:\/\/huszpo-konferencija.com\/wp-content\/uploads\/2013\/07\/IPZ-Uniprojekt-MCF.jpg\" alt=\"\" data-id=\"3166\" class=\"wp-image-3166\"\/><\/figure><\/li><li class=\"blocks-gallery-item\"><figure><img decoding=\"async\" src=\"https:\/\/huszpo-konferencija.com\/wp-content\/uploads\/2013\/07\/ecoina.jpg\" alt=\"\" data-id=\"3163\" class=\"wp-image-3163\"\/><\/figure><\/li><li class=\"blocks-gallery-item\"><figure><img loading=\"lazy\" decoding=\"async\" width=\"190\" height=\"230\" src=\"https:\/\/huszpo-konferencija.com\/wp-content\/uploads\/2013\/07\/MARINA-KA\u0160TELA.jpg\" alt=\"\" data-id=\"3168\" class=\"wp-image-3168\"\/><\/figure><\/li><li class=\"blocks-gallery-item\"><figure><img loading=\"lazy\" decoding=\"async\" width=\"190\" height=\"230\" src=\"https:\/\/huszpo-konferencija.com\/wp-content\/uploads\/2013\/07\/HEP1.jpg\" alt=\"\" data-id=\"3177\" class=\"wp-image-3177\"\/><\/figure><\/li><li class=\"blocks-gallery-item\"><figure><img loading=\"lazy\" decoding=\"async\" width=\"190\" height=\"230\" src=\"https:\/\/huszpo-konferencija.com\/wp-content\/uploads\/2013\/07\/ELEKTROPROJEKT.jpg\" alt=\"\" data-id=\"3165\" class=\"wp-image-3165\"\/><\/figure><\/li><li class=\"blocks-gallery-item\"><figure><img loading=\"lazy\" decoding=\"async\" width=\"190\" height=\"230\" src=\"https:\/\/huszpo-konferencija.com\/wp-content\/uploads\/2013\/07\/PORZANA-ENG.jpg\" alt=\"\" data-id=\"3174\" class=\"wp-image-3174\"\/><\/figure><\/li><li class=\"blocks-gallery-item\"><figure><img loading=\"lazy\" decoding=\"async\" width=\"190\" height=\"230\" src=\"https:\/\/huszpo-konferencija.com\/wp-content\/uploads\/2013\/07\/illyrian.jpg\" alt=\"\" data-id=\"3178\" class=\"wp-image-3178\"\/><\/figure><\/li><li class=\"blocks-gallery-item\"><figure><img loading=\"lazy\" decoding=\"async\" width=\"190\" height=\"230\" src=\"https:\/\/huszpo-konferencija.com\/wp-content\/uploads\/2013\/07\/KONCAR.jpg\" alt=\"\" data-id=\"3183\" class=\"wp-image-3183\"\/><\/figure><\/li><li class=\"blocks-gallery-item\"><figure><img loading=\"lazy\" decoding=\"async\" width=\"190\" height=\"230\" src=\"https:\/\/huszpo-konferencija.com\/wp-content\/uploads\/2013\/07\/CION.jpg\" alt=\"\" data-id=\"3184\" class=\"wp-image-3184\"\/><\/figure><\/li><li class=\"blocks-gallery-item\"><figure><img loading=\"lazy\" decoding=\"async\" width=\"190\" height=\"230\" src=\"https:\/\/huszpo-konferencija.com\/wp-content\/uploads\/2013\/07\/GEOPROJEKT.jpg\" alt=\"\" data-id=\"3185\" class=\"wp-image-3185\"\/><\/figure><\/li><li class=\"blocks-gallery-item\"><figure><img loading=\"lazy\" decoding=\"async\" width=\"190\" height=\"230\" src=\"https:\/\/huszpo-konferencija.com\/wp-content\/uploads\/2013\/07\/UIH.jpg\" alt=\"\" data-id=\"3170\" class=\"wp-image-3170\"\/><\/figure><\/li><\/ul><\/figure>\n\n\n\n<h2 class=\"wp-block-heading\">DONORS<\/h2>\n\n\n\n<p><a href=\"https:\/\/www.np-krka.hr\/\">Public Institution National Park Krka<\/a> <br><a href=\"https:\/\/zaklada-hazu.hr\/\">Foundation of the Croatian Academy of Sciences and Arts<\/a><br><a href=\"https:\/\/www.voda.hr\/\">Croatian Waters<\/a> <br><a href=\"https:\/\/mzo.gov.hr\/\">Ministry of Science and Education<\/a><\/p>","protected":false},"excerpt":{"rendered":"<p>&nbsp; DONATORI Javna ustanova Nacionalni park Krka Zaklada Hrvatske akademije znanosti i umjetnostiHrvatske vode Ministarstvo znanosti i obrazovanja<\/p>","protected":false},"author":2,"featured_media":0,"parent":215,"menu_order":0,"comment_status":"closed","ping_status":"closed","template":"","meta":{"_uag_custom_page_level_css":"","neve_meta_sidebar":"","neve_meta_container":"","neve_meta_enable_content_width":"","neve_meta_content_width":0,"neve_meta_title_alignment":"","neve_meta_author_avatar":"","neve_post_elements_order":"","neve_meta_disable_header":"","neve_meta_disable_footer":"","neve_meta_disable_title":"","_themeisle_gutenberg_block_has_review":false,"footnotes":""},"class_list":["post-1200","page","type-page","status-publish","hentry"],"yoast_head":"<!-- This site is optimized with the Yoast SEO plugin v24.2 - https:\/\/yoast.com\/wordpress\/plugins\/seo\/ -->\n<title>Sponzori 2019 - Konferencija Okoli\u0161ne procjene i Europski zeleni plan &#039;22<\/title>\n<meta name=\"robots\" content=\"index, follow, max-snippet:-1, max-image-preview:large, max-video-preview:-1\" \/>\n<link rel=\"canonical\" href=\"https:\/\/huszpo-konferencija.com\/en\/sponzori\/sponzori-2019\/\" \/>\n<meta property=\"og:locale\" content=\"en_US\" \/>\n<meta property=\"og:type\" content=\"article\" \/>\n<meta property=\"og:title\" content=\"Sponzori 2019 - Konferencija Okoli\u0161ne procjene i Europski zeleni plan &#039;22\" \/>\n<meta property=\"og:description\" content=\"&nbsp; DONATORI Javna ustanova Nacionalni park Krka Zaklada Hrvatske akademije znanosti i umjetnostiHrvatske vode Ministarstvo znanosti i obrazovanja\" \/>\n<meta property=\"og:url\" content=\"https:\/\/huszpo-konferencija.com\/en\/sponzori\/sponzori-2019\/\" \/>\n<meta property=\"og:site_name\" content=\"Konferencija Okoli\u0161ne procjene i Europski zeleni plan &#039;22\" \/>\n<meta property=\"article:publisher\" content=\"https:\/\/www.facebook.com\/HUSZPO-107221977694653\/\" \/>\n<meta property=\"article:modified_time\" content=\"2021-10-20T15:52:21+00:00\" \/>\n<meta property=\"og:image\" content=\"https:\/\/huszpo-konferencija.com\/wp-content\/uploads\/2013\/07\/oikon-1.jpg\" \/>\n<meta name=\"twitter:card\" content=\"summary_large_image\" \/>\n<meta name=\"twitter:site\" content=\"@huszpo\" \/>\n<meta name=\"twitter:label1\" content=\"Est. reading time\" \/>\n\t<meta name=\"twitter:data1\" content=\"6 minutes\" \/>\n<script type=\"application\/ld+json\" class=\"yoast-schema-graph\">{\"@context\":\"https:\/\/schema.org\",\"@graph\":[{\"@type\":\"WebPage\",\"@id\":\"https:\/\/huszpo-konferencija.com\/en\/sponzori\/sponzori-2019\/\",\"url\":\"https:\/\/huszpo-konferencija.com\/en\/sponzori\/sponzori-2019\/\",\"name\":\"Sponzori 2019 - Konferencija Okoli\u0161ne procjene i Europski zeleni plan &#039;22\",\"isPartOf\":{\"@id\":\"https:\/\/huszpo-konferencija.com\/#website\"},\"primaryImageOfPage\":{\"@id\":\"https:\/\/huszpo-konferencija.com\/en\/sponzori\/sponzori-2019\/#primaryimage\"},\"image\":{\"@id\":\"https:\/\/huszpo-konferencija.com\/en\/sponzori\/sponzori-2019\/#primaryimage\"},\"thumbnailUrl\":\"https:\/\/huszpo-konferencija.com\/wp-content\/uploads\/2013\/07\/oikon-1.jpg\",\"datePublished\":\"2016-07-11T13:41:09+00:00\",\"dateModified\":\"2021-10-20T15:52:21+00:00\",\"breadcrumb\":{\"@id\":\"https:\/\/huszpo-konferencija.com\/en\/sponzori\/sponzori-2019\/#breadcrumb\"},\"inLanguage\":\"en-US\",\"potentialAction\":[{\"@type\":\"ReadAction\",\"target\":[\"https:\/\/huszpo-konferencija.com\/en\/sponzori\/sponzori-2019\/\"]}]},{\"@type\":\"ImageObject\",\"inLanguage\":\"en-US\",\"@id\":\"https:\/\/huszpo-konferencija.com\/en\/sponzori\/sponzori-2019\/#primaryimage\",\"url\":\"https:\/\/huszpo-konferencija.com\/wp-content\/uploads\/2013\/07\/oikon-1.jpg\",\"contentUrl\":\"https:\/\/huszpo-konferencija.com\/wp-content\/uploads\/2013\/07\/oikon-1.jpg\"},{\"@type\":\"BreadcrumbList\",\"@id\":\"https:\/\/huszpo-konferencija.com\/en\/sponzori\/sponzori-2019\/#breadcrumb\",\"itemListElement\":[{\"@type\":\"ListItem\",\"position\":1,\"name\":\"Naslovna\",\"item\":\"https:\/\/huszpo-konferencija.com\/\"},{\"@type\":\"ListItem\",\"position\":2,\"name\":\"Sponzori\",\"item\":\"https:\/\/huszpo-konferencija.com\/sponzori\/\"},{\"@type\":\"ListItem\",\"position\":3,\"name\":\"Sponzori 2019\"}]},{\"@type\":\"WebSite\",\"@id\":\"https:\/\/huszpo-konferencija.com\/#website\",\"url\":\"https:\/\/huszpo-konferencija.com\/\",\"name\":\"Konferencija Okoli\u0161ne procjene i Europski zeleni plan\",\"description\":\"Konferencija Okoli\u0161ne procjene i Europski zeleni plan &#039;22\",\"publisher\":{\"@id\":\"https:\/\/huszpo-konferencija.com\/#organization\"},\"potentialAction\":[{\"@type\":\"SearchAction\",\"target\":{\"@type\":\"EntryPoint\",\"urlTemplate\":\"https:\/\/huszpo-konferencija.com\/?s={search_term_string}\"},\"query-input\":{\"@type\":\"PropertyValueSpecification\",\"valueRequired\":true,\"valueName\":\"search_term_string\"}}],\"inLanguage\":\"en-US\"},{\"@type\":\"Organization\",\"@id\":\"https:\/\/huszpo-konferencija.com\/#organization\",\"name\":\"HUSZPO\",\"url\":\"https:\/\/huszpo-konferencija.com\/\",\"logo\":{\"@type\":\"ImageObject\",\"inLanguage\":\"en-US\",\"@id\":\"https:\/\/huszpo-konferencija.com\/#\/schema\/logo\/image\/\",\"url\":\"https:\/\/huszpo-konferencija.com\/wp-content\/uploads\/2021\/10\/cropped-cropped-cropped-Logo.png\",\"contentUrl\":\"https:\/\/huszpo-konferencija.com\/wp-content\/uploads\/2021\/10\/cropped-cropped-cropped-Logo.png\",\"width\":512,\"height\":512,\"caption\":\"HUSZPO\"},\"image\":{\"@id\":\"https:\/\/huszpo-konferencija.com\/#\/schema\/logo\/image\/\"},\"sameAs\":[\"https:\/\/www.facebook.com\/HUSZPO-107221977694653\/\",\"https:\/\/x.com\/huszpo\",\"https:\/\/www.instagram.com\/huszpo\",\"https:\/\/www.linkedin.com\/in\/huszpo-hrvatska-udruga-stru\u010dnjaka-za\u0161tite-prirode-i-okoli\u0161a-2a52481b2\/?originalSubdomain=hr\"]}]}<\/script>\n<!-- \/ Yoast SEO plugin. -->","yoast_head_json":{"title":"Sponzori 2019 - Konferencija Okoli\u0161ne procjene i Europski zeleni plan &#039;22","robots":{"index":"index","follow":"follow","max-snippet":"max-snippet:-1","max-image-preview":"max-image-preview:large","max-video-preview":"max-video-preview:-1"},"canonical":"https:\/\/huszpo-konferencija.com\/en\/sponzori\/sponzori-2019\/","og_locale":"en_US","og_type":"article","og_title":"Sponzori 2019 - Konferencija Okoli\u0161ne procjene i Europski zeleni plan &#039;22","og_description":"&nbsp; DONATORI Javna ustanova Nacionalni park Krka Zaklada Hrvatske akademije znanosti i umjetnostiHrvatske vode Ministarstvo znanosti i obrazovanja","og_url":"https:\/\/huszpo-konferencija.com\/en\/sponzori\/sponzori-2019\/","og_site_name":"Konferencija Okoli\u0161ne procjene i Europski zeleni plan &#039;22","article_publisher":"https:\/\/www.facebook.com\/HUSZPO-107221977694653\/","article_modified_time":"2021-10-20T15:52:21+00:00","og_image":[{"url":"https:\/\/huszpo-konferencija.com\/wp-content\/uploads\/2013\/07\/oikon-1.jpg","type":"","width":"","height":""}],"twitter_card":"summary_large_image","twitter_site":"@huszpo","twitter_misc":{"Est. reading time":"6 minutes"},"schema":{"@context":"https:\/\/schema.org","@graph":[{"@type":"WebPage","@id":"https:\/\/huszpo-konferencija.com\/en\/sponzori\/sponzori-2019\/","url":"https:\/\/huszpo-konferencija.com\/en\/sponzori\/sponzori-2019\/","name":"Sponzori 2019 - Konferencija Okoli\u0161ne procjene i Europski zeleni plan &#039;22","isPartOf":{"@id":"https:\/\/huszpo-konferencija.com\/#website"},"primaryImageOfPage":{"@id":"https:\/\/huszpo-konferencija.com\/en\/sponzori\/sponzori-2019\/#primaryimage"},"image":{"@id":"https:\/\/huszpo-konferencija.com\/en\/sponzori\/sponzori-2019\/#primaryimage"},"thumbnailUrl":"https:\/\/huszpo-konferencija.com\/wp-content\/uploads\/2013\/07\/oikon-1.jpg","datePublished":"2016-07-11T13:41:09+00:00","dateModified":"2021-10-20T15:52:21+00:00","breadcrumb":{"@id":"https:\/\/huszpo-konferencija.com\/en\/sponzori\/sponzori-2019\/#breadcrumb"},"inLanguage":"en-US","potentialAction":[{"@type":"ReadAction","target":["https:\/\/huszpo-konferencija.com\/en\/sponzori\/sponzori-2019\/"]}]},{"@type":"ImageObject","inLanguage":"en-US","@id":"https:\/\/huszpo-konferencija.com\/en\/sponzori\/sponzori-2019\/#primaryimage","url":"https:\/\/huszpo-konferencija.com\/wp-content\/uploads\/2013\/07\/oikon-1.jpg","contentUrl":"https:\/\/huszpo-konferencija.com\/wp-content\/uploads\/2013\/07\/oikon-1.jpg"},{"@type":"BreadcrumbList","@id":"https:\/\/huszpo-konferencija.com\/en\/sponzori\/sponzori-2019\/#breadcrumb","itemListElement":[{"@type":"ListItem","position":1,"name":"Naslovna","item":"https:\/\/huszpo-konferencija.com\/"},{"@type":"ListItem","position":2,"name":"Sponzori","item":"https:\/\/huszpo-konferencija.com\/sponzori\/"},{"@type":"ListItem","position":3,"name":"Sponzori 2019"}]},{"@type":"WebSite","@id":"https:\/\/huszpo-konferencija.com\/#website","url":"https:\/\/huszpo-konferencija.com\/","name":"Konferencija Okoli\u0161ne procjene i Europski zeleni plan","description":"Konferencija Okoli\u0161ne procjene i Europski zeleni plan &#039;22","publisher":{"@id":"https:\/\/huszpo-konferencija.com\/#organization"},"potentialAction":[{"@type":"SearchAction","target":{"@type":"EntryPoint","urlTemplate":"https:\/\/huszpo-konferencija.com\/?s={search_term_string}"},"query-input":{"@type":"PropertyValueSpecification","valueRequired":true,"valueName":"search_term_string"}}],"inLanguage":"en-US"},{"@type":"Organization","@id":"https:\/\/huszpo-konferencija.com\/#organization","name":"HUSZPO","url":"https:\/\/huszpo-konferencija.com\/","logo":{"@type":"ImageObject","inLanguage":"en-US","@id":"https:\/\/huszpo-konferencija.com\/#\/schema\/logo\/image\/","url":"https:\/\/huszpo-konferencija.com\/wp-content\/uploads\/2021\/10\/cropped-cropped-cropped-Logo.png","contentUrl":"https:\/\/huszpo-konferencija.com\/wp-content\/uploads\/2021\/10\/cropped-cropped-cropped-Logo.png","width":512,"height":512,"caption":"HUSZPO"},"image":{"@id":"https:\/\/huszpo-konferencija.com\/#\/schema\/logo\/image\/"},"sameAs":["https:\/\/www.facebook.com\/HUSZPO-107221977694653\/","https:\/\/x.com\/huszpo","https:\/\/www.instagram.com\/huszpo","https:\/\/www.linkedin.com\/in\/huszpo-hrvatska-udruga-stru\u010dnjaka-za\u0161tite-prirode-i-okoli\u0161a-2a52481b2\/?originalSubdomain=hr"]}]}},"uagb_featured_image_src":{"full":false,"thumbnail":false,"medium":false,"medium_large":false,"large":false,"gs-tiny":false,"xl":false,"xxl":false,"xxxl":false,"xxxxl":false,"xxxxxl":false,"1536x1536":false,"2048x2048":false,"trp-custom-language-flag":false,"neve-blog":false},"uagb_author_info":{"display_name":"Tajana Uzelac","author_link":"https:\/\/huszpo-konferencija.com\/en\/author\/tajana_uzelac\/"},"uagb_comment_info":0,"uagb_excerpt":"&nbsp; DONATORI Javna ustanova Nacionalni park Krka Zaklada Hrvatske akademije znanosti i umjetnostiHrvatske vode Ministarstvo znanosti i obrazovanja","_links":{"self":[{"href":"https:\/\/huszpo-konferencija.com\/en\/wp-json\/wp\/v2\/pages\/1200","targetHints":{"allow":["GET"]}}],"collection":[{"href":"https:\/\/huszpo-konferencija.com\/en\/wp-json\/wp\/v2\/pages"}],"about":[{"href":"https:\/\/huszpo-konferencija.com\/en\/wp-json\/wp\/v2\/types\/page"}],"author":[{"embeddable":true,"href":"https:\/\/huszpo-konferencija.com\/en\/wp-json\/wp\/v2\/users\/2"}],"replies":[{"embeddable":true,"href":"https:\/\/huszpo-konferencija.com\/en\/wp-json\/wp\/v2\/comments?post=1200"}],"version-history":[{"count":50,"href":"https:\/\/huszpo-konferencija.com\/en\/wp-json\/wp\/v2\/pages\/1200\/revisions"}],"predecessor-version":[{"id":4513,"href":"https:\/\/huszpo-konferencija.com\/en\/wp-json\/wp\/v2\/pages\/1200\/revisions\/4513"}],"up":[{"embeddable":true,"href":"https:\/\/huszpo-konferencija.com\/en\/wp-json\/wp\/v2\/pages\/215"}],"wp:attachment":[{"href":"https:\/\/huszpo-konferencija.com\/en\/wp-json\/wp\/v2\/media?parent=1200"}],"curies":[{"name":"wp","href":"https:\/\/api.w.org\/{rel}","templated":true}]}}