{"id":1141,"date":"2016-07-11T09:01:48","date_gmt":"2016-07-11T09:01:48","guid":{"rendered":"http:\/\/www.huszpo-konferencija.com\/?page_id=1141"},"modified":"2021-10-06T00:54:29","modified_gmt":"2021-10-06T00:54:29","slug":"zbornik-radova-regionalna-konferencija-o-procjeni-utjecaja-na-okolis","status":"publish","type":"page","link":"https:\/\/huszpo-konferencija.com\/en\/zbornik-radova-regionalna-konferencija-o-procjeni-utjecaja-na-okolis\/","title":{"rendered":"Proceedings<br \/>Regionalna konferencija o procjeni utjecaja na okoli\u0161"},"content":{"rendered":"<p><em>Title:<\/em><br>Zbornik radova \/ Proceedings<br>Regionalna konferencija o procjeni utjecaja na okoli\u0161 \/ Regional Conference on Environmental Impact Assessment<\/p>\n\n\n\n<p>ISSN 2459-5896<\/p>\n\n\n\n<p><em>Nakladnik<\/em>:<br>Hrvatska udruga stru\u010dnjaka za\u0161tite prirode i okoli\u0161a<\/p>\n\n\n\n<p>Contact<em>:&nbsp;<\/em><br>Adresa<em>: <\/em>Berislavi\u0107eva 6, 10 000 Zagreb, Hrvatska<br>Adresa elektronske po\u0161te:<em>&nbsp;<\/em><a href=\"mailto:huszpo@huszpo.hr\">huszpo@huszpo.hr<\/a><\/p>\n\n\n\n<p><em>Urednici<\/em>:<br>Oleg Antoni\u0107<br>Marta Brki\u0107<br>Nenad Mikuli\u0107<\/p>\n\n\n\n<p><em>Prvi put objavljeno<\/em>:<br>2014.<\/p>\n\n\n\n<p><em>U\u010destalost&nbsp;objavljivanja<\/em>:<br>dvogodi\u0161nja publikacija<\/p>\n\n\n\n<p><span style=\"text-decoration: underline;\"><strong>Prva regionalna konferencija o procjeni utjecaja na okoli\u0161, rujan 2013., Zadar<\/strong><\/span><\/p>\n\n\n\n<p>Zbornik radova \/ Proceedings:<\/p>\n\n\n\n<ul class=\"wp-block-list\"><li>Section 1 -&nbsp;<a href=\"http:\/\/www.huszpo-konferencija.com\/wp-content\/uploads\/2014\/06\/sekcija-1_section1.pdf\" target=\"_blank\" rel=\"noopener\">Strategic Impact Assessment<\/a><\/li><li>Section 2 -&nbsp;<a href=\"http:\/\/www.huszpo-konferencija.com\/wp-content\/uploads\/2014\/06\/sekcija-2_section2.pdf\" target=\"_blank\" rel=\"noopener\">Environmental Impact Assessment<\/a><\/li><li>Section 3 -&nbsp;<a href=\"http:\/\/www.huszpo-konferencija.com\/wp-content\/uploads\/2014\/06\/sekcija-3_section-3.pdf\" target=\"_blank\" rel=\"noopener\">Natura 2000 - Appropriate Assessment<\/a><\/li><li>Section 4 -&nbsp;<a href=\"http:\/\/www.huszpo-konferencija.com\/wp-content\/uploads\/2014\/06\/sekcija-4_section-4.pdf\" target=\"_blank\" rel=\"noopener\">Public Participation<\/a><\/li><li>Section 5 -&nbsp;<a href=\"http:\/\/www.huszpo-konferencija.com\/wp-content\/uploads\/2014\/06\/sekcija-5_section-5.pdf\" target=\"_blank\" rel=\"noopener\">Environmental Protection and Project Financing<\/a><\/li><\/ul>\n\n\n\n<p><em>Objavljeno<\/em>:<br>2014.<\/p>\n\n\n\n<p><span style=\"text-decoration: underline;\"><strong>Druga regionalna konferencija o procjeni utjecaja na okoli\u0161, rujan 2015., Novi Vinodolski<\/strong><\/span><\/p>\n\n\n\n<p><a href=\"http:\/\/www.huszpo-konferencija.com\/wp-content\/uploads\/2016\/07\/ZBORNIK-RADOVA_PROCEEDINGS-2015.pdf\">Zbornik radova \/ Proceedings<\/a><\/p>\n\n\n\n<p><em>Objavljeno<\/em>:<br>2016.<\/p>\n\n\n\n<p><strong>Tre\u0107a regionalna konferencija o procjeni utjecaja na okoli\u0161, rujan 2017., Vodice<\/strong><\/p>\n\n\n\n<p><a href=\"http:\/\/www.huszpo-konferencija.com\/wp-content\/uploads\/2018\/06\/ZBORNIK-RADOVA_PROCEEDINGS-2017.pdf\">Zbornik radova \/ Proceedings<\/a><\/p>\n\n\n\n<p><em>Objavljeno<\/em>:<br>2018.<\/p>\n\n\n\n<p><strong>\u010cetvrta regionalna konferencija o procjeni utjecaja na okoli\u0161, rujan 2019., Vodice<\/strong><\/p>\n\n\n\n<p><a href=\"https:\/\/www.huszpo-konferencija.com\/wp-content\/uploads\/2016\/07\/ZBORNIK-RADOVA-2019._WEB-1.pdf\">Zbornik radova \/ Proceedings<\/a><\/p>\n\n\n\n<p><em>Objavljeno:<\/em><br>2020.<\/p>","protected":false},"excerpt":{"rendered":"<p>Naslov:Zbornik radova \/ ProceedingsRegionalna konferencija o procjeni utjecaja na okoli\u0161 \/ Regional Conference on Environmental Impact Assessment ISSN 2459-5896 Nakladnik:Hrvatska udruga stru\u010dnjaka za\u0161tite prirode i okoli\u0161a Kontakt:&nbsp;Adresa: Berislavi\u0107eva 6, 10 000 Zagreb, HrvatskaAdresa elektronske po\u0161te:&nbsp;huszpo@huszpo.hr Urednici:Oleg Antoni\u0107Marta Brki\u0107Nenad Mikuli\u0107 Prvi put objavljeno:2014. U\u010destalost&nbsp;objavljivanja:dvogodi\u0161nja publikacija Prva regionalna konferencija o procjeni utjecaja na okoli\u0161, rujan 2013., Zadar&hellip;&nbsp;<a href=\"https:\/\/huszpo-konferencija.com\/en\/zbornik-radova-regionalna-konferencija-o-procjeni-utjecaja-na-okolis\/\" rel=\"bookmark\">Read More &raquo;<span class=\"screen-reader-text\">Proceedings<br \/>Regionalna konferencija o procjeni utjecaja na okoli\u0161<\/span><\/a><\/p>","protected":false},"author":2,"featured_media":0,"parent":0,"menu_order":0,"comment_status":"closed","ping_status":"closed","template":"","meta":{"_uag_custom_page_level_css":"","neve_meta_sidebar":"","neve_meta_container":"","neve_meta_enable_content_width":"","neve_meta_content_width":0,"neve_meta_title_alignment":"","neve_meta_author_avatar":"","neve_post_elements_order":"","neve_meta_disable_header":"","neve_meta_disable_footer":"","neve_meta_disable_title":"","_themeisle_gutenberg_block_has_review":false,"footnotes":""},"class_list":["post-1141","page","type-page","status-publish","hentry"],"yoast_head":"<!-- This site is optimized with the Yoast SEO plugin v24.2 - https:\/\/yoast.com\/wordpress\/plugins\/seo\/ -->\n<title>Zbornik radovaRegionalna konferencija o procjeni utjecaja na okoli\u0161 - Konferencija Okoli\u0161ne procjene i Europski zeleni plan &#039;22<\/title>\n<meta name=\"robots\" content=\"index, follow, max-snippet:-1, max-image-preview:large, max-video-preview:-1\" \/>\n<link rel=\"canonical\" href=\"https:\/\/huszpo-konferencija.com\/en\/zbornik-radova-regionalna-konferencija-o-procjeni-utjecaja-na-okolis\/\" \/>\n<meta property=\"og:locale\" content=\"en_US\" \/>\n<meta property=\"og:type\" content=\"article\" \/>\n<meta property=\"og:title\" content=\"Zbornik radovaRegionalna konferencija o procjeni utjecaja na okoli\u0161 - Konferencija Okoli\u0161ne procjene i Europski zeleni plan &#039;22\" \/>\n<meta property=\"og:description\" content=\"Naslov:Zbornik radova \/ ProceedingsRegionalna konferencija o procjeni utjecaja na okoli\u0161 \/ Regional Conference on Environmental Impact Assessment ISSN 2459-5896 Nakladnik:Hrvatska udruga stru\u010dnjaka za\u0161tite prirode i okoli\u0161a Kontakt:&nbsp;Adresa: Berislavi\u0107eva 6, 10 000 Zagreb, HrvatskaAdresa elektronske po\u0161te:&nbsp;huszpo@huszpo.hr Urednici:Oleg Antoni\u0107Marta Brki\u0107Nenad Mikuli\u0107 Prvi put objavljeno:2014. U\u010destalost&nbsp;objavljivanja:dvogodi\u0161nja publikacija Prva regionalna konferencija o procjeni utjecaja na okoli\u0161, rujan 2013., Zadar&hellip;&nbsp;Read More &raquo;Zbornik radovaRegionalna konferencija o procjeni utjecaja na okoli\u0161\" \/>\n<meta property=\"og:url\" content=\"https:\/\/huszpo-konferencija.com\/en\/zbornik-radova-regionalna-konferencija-o-procjeni-utjecaja-na-okolis\/\" \/>\n<meta property=\"og:site_name\" content=\"Konferencija Okoli\u0161ne procjene i Europski zeleni plan &#039;22\" \/>\n<meta property=\"article:publisher\" content=\"https:\/\/www.facebook.com\/HUSZPO-107221977694653\/\" \/>\n<meta property=\"article:modified_time\" content=\"2021-10-06T00:54:29+00:00\" \/>\n<meta name=\"twitter:card\" content=\"summary_large_image\" \/>\n<meta name=\"twitter:site\" content=\"@huszpo\" \/>\n<meta name=\"twitter:label1\" content=\"Est. reading time\" \/>\n\t<meta name=\"twitter:data1\" content=\"1 minute\" \/>\n<script type=\"application\/ld+json\" class=\"yoast-schema-graph\">{\"@context\":\"https:\/\/schema.org\",\"@graph\":[{\"@type\":\"WebPage\",\"@id\":\"https:\/\/huszpo-konferencija.com\/en\/zbornik-radova-regionalna-konferencija-o-procjeni-utjecaja-na-okolis\/\",\"url\":\"https:\/\/huszpo-konferencija.com\/en\/zbornik-radova-regionalna-konferencija-o-procjeni-utjecaja-na-okolis\/\",\"name\":\"Zbornik radova Regionalna konferencija o procjeni utjecaja na okoli\u0161 - Konferencija Okoli\u0161ne procjene i Europski zeleni plan &#039;22\",\"isPartOf\":{\"@id\":\"https:\/\/huszpo-konferencija.com\/#website\"},\"datePublished\":\"2016-07-11T09:01:48+00:00\",\"dateModified\":\"2021-10-06T00:54:29+00:00\",\"breadcrumb\":{\"@id\":\"https:\/\/huszpo-konferencija.com\/en\/zbornik-radova-regionalna-konferencija-o-procjeni-utjecaja-na-okolis\/#breadcrumb\"},\"inLanguage\":\"en-US\",\"potentialAction\":[{\"@type\":\"ReadAction\",\"target\":[\"https:\/\/huszpo-konferencija.com\/en\/zbornik-radova-regionalna-konferencija-o-procjeni-utjecaja-na-okolis\/\"]}]},{\"@type\":\"BreadcrumbList\",\"@id\":\"https:\/\/huszpo-konferencija.com\/en\/zbornik-radova-regionalna-konferencija-o-procjeni-utjecaja-na-okolis\/#breadcrumb\",\"itemListElement\":[{\"@type\":\"ListItem\",\"position\":1,\"name\":\"Naslovna\",\"item\":\"https:\/\/huszpo-konferencija.com\/\"},{\"@type\":\"ListItem\",\"position\":2,\"name\":\"Zbornik radovaRegionalna konferencija o procjeni utjecaja na okoli\u0161\"}]},{\"@type\":\"WebSite\",\"@id\":\"https:\/\/huszpo-konferencija.com\/#website\",\"url\":\"https:\/\/huszpo-konferencija.com\/\",\"name\":\"Konferencija Okoli\u0161ne procjene i Europski zeleni plan\",\"description\":\"Konferencija Okoli\u0161ne procjene i Europski zeleni plan &#039;22\",\"publisher\":{\"@id\":\"https:\/\/huszpo-konferencija.com\/#organization\"},\"potentialAction\":[{\"@type\":\"SearchAction\",\"target\":{\"@type\":\"EntryPoint\",\"urlTemplate\":\"https:\/\/huszpo-konferencija.com\/?s={search_term_string}\"},\"query-input\":{\"@type\":\"PropertyValueSpecification\",\"valueRequired\":true,\"valueName\":\"search_term_string\"}}],\"inLanguage\":\"en-US\"},{\"@type\":\"Organization\",\"@id\":\"https:\/\/huszpo-konferencija.com\/#organization\",\"name\":\"HUSZPO\",\"url\":\"https:\/\/huszpo-konferencija.com\/\",\"logo\":{\"@type\":\"ImageObject\",\"inLanguage\":\"en-US\",\"@id\":\"https:\/\/huszpo-konferencija.com\/#\/schema\/logo\/image\/\",\"url\":\"https:\/\/huszpo-konferencija.com\/wp-content\/uploads\/2021\/10\/cropped-cropped-cropped-Logo.png\",\"contentUrl\":\"https:\/\/huszpo-konferencija.com\/wp-content\/uploads\/2021\/10\/cropped-cropped-cropped-Logo.png\",\"width\":512,\"height\":512,\"caption\":\"HUSZPO\"},\"image\":{\"@id\":\"https:\/\/huszpo-konferencija.com\/#\/schema\/logo\/image\/\"},\"sameAs\":[\"https:\/\/www.facebook.com\/HUSZPO-107221977694653\/\",\"https:\/\/x.com\/huszpo\",\"https:\/\/www.instagram.com\/huszpo\",\"https:\/\/www.linkedin.com\/in\/huszpo-hrvatska-udruga-stru\u010dnjaka-za\u0161tite-prirode-i-okoli\u0161a-2a52481b2\/?originalSubdomain=hr\"]}]}<\/script>\n<!-- \/ Yoast SEO plugin. -->","yoast_head_json":{"title":"Zbornik radovaRegionalna konferencija o procjeni utjecaja na okoli\u0161 - Konferencija Okoli\u0161ne procjene i Europski zeleni plan &#039;22","robots":{"index":"index","follow":"follow","max-snippet":"max-snippet:-1","max-image-preview":"max-image-preview:large","max-video-preview":"max-video-preview:-1"},"canonical":"https:\/\/huszpo-konferencija.com\/en\/zbornik-radova-regionalna-konferencija-o-procjeni-utjecaja-na-okolis\/","og_locale":"en_US","og_type":"article","og_title":"Zbornik radovaRegionalna konferencija o procjeni utjecaja na okoli\u0161 - Konferencija Okoli\u0161ne procjene i Europski zeleni plan &#039;22","og_description":"Naslov:Zbornik radova \/ ProceedingsRegionalna konferencija o procjeni utjecaja na okoli\u0161 \/ Regional Conference on Environmental Impact Assessment ISSN 2459-5896 Nakladnik:Hrvatska udruga stru\u010dnjaka za\u0161tite prirode i okoli\u0161a Kontakt:&nbsp;Adresa: Berislavi\u0107eva 6, 10 000 Zagreb, HrvatskaAdresa elektronske po\u0161te:&nbsp;huszpo@huszpo.hr Urednici:Oleg Antoni\u0107Marta Brki\u0107Nenad Mikuli\u0107 Prvi put objavljeno:2014. U\u010destalost&nbsp;objavljivanja:dvogodi\u0161nja publikacija Prva regionalna konferencija o procjeni utjecaja na okoli\u0161, rujan 2013., Zadar&hellip;&nbsp;Read More &raquo;Zbornik radovaRegionalna konferencija o procjeni utjecaja na okoli\u0161","og_url":"https:\/\/huszpo-konferencija.com\/en\/zbornik-radova-regionalna-konferencija-o-procjeni-utjecaja-na-okolis\/","og_site_name":"Konferencija Okoli\u0161ne procjene i Europski zeleni plan &#039;22","article_publisher":"https:\/\/www.facebook.com\/HUSZPO-107221977694653\/","article_modified_time":"2021-10-06T00:54:29+00:00","twitter_card":"summary_large_image","twitter_site":"@huszpo","twitter_misc":{"Est. reading time":"1 minute"},"schema":{"@context":"https:\/\/schema.org","@graph":[{"@type":"WebPage","@id":"https:\/\/huszpo-konferencija.com\/en\/zbornik-radova-regionalna-konferencija-o-procjeni-utjecaja-na-okolis\/","url":"https:\/\/huszpo-konferencija.com\/en\/zbornik-radova-regionalna-konferencija-o-procjeni-utjecaja-na-okolis\/","name":"Zbornik radova Regionalna konferencija o procjeni utjecaja na okoli\u0161 - Konferencija Okoli\u0161ne procjene i Europski zeleni plan &#039;22","isPartOf":{"@id":"https:\/\/huszpo-konferencija.com\/#website"},"datePublished":"2016-07-11T09:01:48+00:00","dateModified":"2021-10-06T00:54:29+00:00","breadcrumb":{"@id":"https:\/\/huszpo-konferencija.com\/en\/zbornik-radova-regionalna-konferencija-o-procjeni-utjecaja-na-okolis\/#breadcrumb"},"inLanguage":"en-US","potentialAction":[{"@type":"ReadAction","target":["https:\/\/huszpo-konferencija.com\/en\/zbornik-radova-regionalna-konferencija-o-procjeni-utjecaja-na-okolis\/"]}]},{"@type":"BreadcrumbList","@id":"https:\/\/huszpo-konferencija.com\/en\/zbornik-radova-regionalna-konferencija-o-procjeni-utjecaja-na-okolis\/#breadcrumb","itemListElement":[{"@type":"ListItem","position":1,"name":"Naslovna","item":"https:\/\/huszpo-konferencija.com\/"},{"@type":"ListItem","position":2,"name":"Zbornik radovaRegionalna konferencija o procjeni utjecaja na okoli\u0161"}]},{"@type":"WebSite","@id":"https:\/\/huszpo-konferencija.com\/#website","url":"https:\/\/huszpo-konferencija.com\/","name":"Konferencija Okoli\u0161ne procjene i Europski zeleni plan","description":"Konferencija Okoli\u0161ne procjene i Europski zeleni plan &#039;22","publisher":{"@id":"https:\/\/huszpo-konferencija.com\/#organization"},"potentialAction":[{"@type":"SearchAction","target":{"@type":"EntryPoint","urlTemplate":"https:\/\/huszpo-konferencija.com\/?s={search_term_string}"},"query-input":{"@type":"PropertyValueSpecification","valueRequired":true,"valueName":"search_term_string"}}],"inLanguage":"en-US"},{"@type":"Organization","@id":"https:\/\/huszpo-konferencija.com\/#organization","name":"HUSZPO","url":"https:\/\/huszpo-konferencija.com\/","logo":{"@type":"ImageObject","inLanguage":"en-US","@id":"https:\/\/huszpo-konferencija.com\/#\/schema\/logo\/image\/","url":"https:\/\/huszpo-konferencija.com\/wp-content\/uploads\/2021\/10\/cropped-cropped-cropped-Logo.png","contentUrl":"https:\/\/huszpo-konferencija.com\/wp-content\/uploads\/2021\/10\/cropped-cropped-cropped-Logo.png","width":512,"height":512,"caption":"HUSZPO"},"image":{"@id":"https:\/\/huszpo-konferencija.com\/#\/schema\/logo\/image\/"},"sameAs":["https:\/\/www.facebook.com\/HUSZPO-107221977694653\/","https:\/\/x.com\/huszpo","https:\/\/www.instagram.com\/huszpo","https:\/\/www.linkedin.com\/in\/huszpo-hrvatska-udruga-stru\u010dnjaka-za\u0161tite-prirode-i-okoli\u0161a-2a52481b2\/?originalSubdomain=hr"]}]}},"uagb_featured_image_src":{"full":false,"thumbnail":false,"medium":false,"medium_large":false,"large":false,"gs-tiny":false,"xl":false,"xxl":false,"xxxl":false,"xxxxl":false,"xxxxxl":false,"1536x1536":false,"2048x2048":false,"trp-custom-language-flag":false,"neve-blog":false},"uagb_author_info":{"display_name":"Tajana Uzelac","author_link":"https:\/\/huszpo-konferencija.com\/en\/author\/tajana_uzelac\/"},"uagb_comment_info":0,"uagb_excerpt":"Naslov:Zbornik radova \/ ProceedingsRegionalna konferencija o procjeni utjecaja na okoli\u0161 \/ Regional Conference on Environmental Impact Assessment ISSN 2459-5896 Nakladnik:Hrvatska udruga stru\u010dnjaka za\u0161tite prirode i okoli\u0161a Kontakt:&nbsp;Adresa: Berislavi\u0107eva 6, 10 000 Zagreb, HrvatskaAdresa elektronske po\u0161te:&nbsp;huszpo@huszpo.hr Urednici:Oleg Antoni\u0107Marta Brki\u0107Nenad Mikuli\u0107 Prvi put objavljeno:2014. U\u010destalost&nbsp;objavljivanja:dvogodi\u0161nja publikacija Prva regionalna konferencija o procjeni utjecaja na okoli\u0161, rujan 2013., Zadar&hellip;&nbsp;Read&hellip;","_links":{"self":[{"href":"https:\/\/huszpo-konferencija.com\/en\/wp-json\/wp\/v2\/pages\/1141","targetHints":{"allow":["GET"]}}],"collection":[{"href":"https:\/\/huszpo-konferencija.com\/en\/wp-json\/wp\/v2\/pages"}],"about":[{"href":"https:\/\/huszpo-konferencija.com\/en\/wp-json\/wp\/v2\/types\/page"}],"author":[{"embeddable":true,"href":"https:\/\/huszpo-konferencija.com\/en\/wp-json\/wp\/v2\/users\/2"}],"replies":[{"embeddable":true,"href":"https:\/\/huszpo-konferencija.com\/en\/wp-json\/wp\/v2\/comments?post=1141"}],"version-history":[{"count":47,"href":"https:\/\/huszpo-konferencija.com\/en\/wp-json\/wp\/v2\/pages\/1141\/revisions"}],"predecessor-version":[{"id":4274,"href":"https:\/\/huszpo-konferencija.com\/en\/wp-json\/wp\/v2\/pages\/1141\/revisions\/4274"}],"wp:attachment":[{"href":"https:\/\/huszpo-konferencija.com\/en\/wp-json\/wp\/v2\/media?parent=1141"}],"curies":[{"name":"wp","href":"https:\/\/api.w.org\/{rel}","templated":true}]}}