{"id":971,"date":"2015-11-03T12:51:05","date_gmt":"2015-11-03T12:51:05","guid":{"rendered":"http:\/\/www.huszpo-konferencija.com\/?page_id=971"},"modified":"2025-09-27T19:44:52","modified_gmt":"2025-09-27T17:44:52","slug":"registracija","status":"publish","type":"page","link":"http:\/\/huszpo-konferencija.com\/en\/registracija\/","title":{"rendered":"Registration"},"content":{"rendered":"<p><span style=\"color: #000000;\">You can register until September<strong> September 25, 2025.<\/strong><\/span><\/p>\n\n\n\n<p><\/p>\n\n\n\n<h3 class=\"wp-block-heading\" id=\"kotizacija\"><span style=\"color: #000000;\"><strong>REGISTRATION FEE<\/strong><\/span><\/h3>\n\n\n\n<p>Registration fee is: 400.00 EUR + VAT<br>Kotizacija za ranu prijavu (uz uplatu do 15. srpnja 2025.) iznosi: 350,00 EUR + PDV.<\/p>\n\n\n\n<p><span style=\"color: #000000;\"><strong>Applicants from foreign countries (making foreign payments) should make sure they cover the cost of the bank transaction.<\/strong><\/span> <\/p>\n\n\n\n<p><strong>Fee includes:<\/strong><\/p>\n\n\n\n<ul class=\"wp-block-list has-neve-text-color-color has-text-color\">\n<li><span style=\"color: #000000;\">participation at the Conference<\/span><\/li>\n\n\n\n<li>conference package<\/li>\n\n\n\n<li><span style=\"color: #000000;\">electronic Proceedings<\/span><\/li>\n\n\n\n<li><span style=\"color: #000000;\">printed issue of Book of Abstracts<\/span><\/li>\n\n\n\n<li><span style=\"color: #000000;\">Welcome drink on October 8, 2025.<\/span><\/li>\n\n\n\n<li><span style=\"color: #000000;\">Coffee breaks on October 9 and 10, 2025.<\/span><\/li>\n\n\n\n<li><span style=\"color: #000000;\">Lunches on October 9 and 10, 2025.<\/span><\/li>\n\n\n\n<li><span style=\"color: #000000;\">Gala dinner on October 9, 2025.<\/span><\/li>\n<\/ul>\n\n\n\n<p><strong><strong>Participants cover the costs of travel to the conference site and accommodation (overnight stay plus breakfast) during the conference and any other costs that are not covered by the registration fee.<\/strong><\/strong><\/p>\n\n\n\n<h3 class=\"wp-block-heading\" id=\"nacin-placanja\"><span style=\"color: #000000;\"><strong>Payment instructions<\/strong><\/span><\/h3>\n\n\n\n<p><span style=\"color: #000000;\">The fee should be paid <strong>after the registration and receipt of the offer\/invoice<\/strong> but before the beginning of the Conference, to the account of the Croatian Association of Experts in Nature and Environmental Protection, noting the name and surname of the participant<\/span>.<\/p>\n\n\n\n<p><span style=\"color: #000000;\">Institutions\/companies paying fees for multiple participants, need to send a list of participants whose fees have to be paid to email: <a href=\"mailto:konferencija@huszpo.hr\">rsfia@huszpo.hr<\/a>.<\/span><\/p>\n\n\n\n<h3 class=\"wp-block-heading\" id=\"prijava-sudjelovanja\">REGISTRATION<\/h3>\n\n\n\n<div class=\"wp-block-uagb-buttons uagb-buttons__outer-wrap uagb-btn__default-btn uagb-btn-tablet__default-btn uagb-btn-mobile__default-btn uagb-block-8e62c181\"><div class=\"uagb-buttons__wrap uagb-buttons-layout-wrap\">\n<div class=\"wp-block-uagb-buttons-child uagb-buttons__outer-wrap uagb-block-27db91f1 wp-block-button\"><div class=\"uagb-button__wrapper\"><a class=\"uagb-buttons-repeater wp-block-button__link\" aria-label=\"\" href=\"https:\/\/eventrsfia.eu\/\" rel=\"follow noopener\" target=\"_self\" role=\"button\"><div class=\"uagb-button__link\">Registraciju izvr\u0161ite direktno putem <strong>eventrsfia.eu<\/strong> ili se javite na mail rsfia@huszpo.hr<\/div><\/a><\/div><\/div>\n<\/div><\/div>\n\n\n\n<p><strong>General terms and conditions for participation in the conference can be downloaded <a href=\"https:\/\/huszpo-konferencija.com\/wp-content\/uploads\/2025\/02\/OPCI-UVJETI-SUDJELOVANJA-KONFERENCIJA_HUSZPO_25.pdf\" target=\"_blank\" rel=\"noreferrer noopener\">click here<\/a>.<\/strong><\/p>\n\n\n\n<h3 class=\"wp-block-heading\" id=\"rezervacija-smjestaja\"><span style=\"color: #000000;\"><strong>ACCOMMODATION RESERVATION<\/strong><\/span><\/h3>\n\n\n\n<p>Accommodation for participants at special rates is provided in&nbsp;<strong>Hotel Ambasador 5* and Hotel Imperial 4*&nbsp;<\/strong>from&nbsp;<strong>08.-10.10.2025.,&nbsp;<\/strong>a sudionici individualno rezerviraju smje\u0161taj direktno putem promo k\u00f4da&nbsp;\u201c<strong>\"HUSZPO\"<\/strong>&nbsp;on the website&nbsp;<a href=\"https:\/\/lsems.gravityzone.bitdefender.com\/scan\/d3d3LmxpYnVybmlhLmhy\/B0C3C4A5031E18AA25EC8B993986588EEF7A185AB1BBDEA62E0825ED0767C548?c=1&amp;i=1&amp;docs=1\" target=\"_blank\" rel=\"noreferrer noopener\">www.liburnia.hr<\/a>&nbsp;; after selecting the room type and dates, the promo code is entered:<strong>&nbsp;\"HUSZPO\"<\/strong>or directly by clicking on the following link (without entering the promo code!): <br>Link na ponude rezervacija:<br><a href=\"https:\/\/booking.liburnia.hr\/book.php?page=cross_selling&amp;companyid=225&amp;checkin=2025-10-08&amp;checkout=2025-10-10&amp;partnerid=21883&amp;ibecurrency=EUR&amp;crcid=9d9b77d8e36bf4dd78d5395bd7a32b62\" target=\"_blank\" rel=\"noreferrer noopener\">Liburnia Hotels &amp; Villas<\/a><\/p>\n\n\n\n<div class=\"wp-block-buttons is-layout-flex wp-block-buttons-is-layout-flex\"><\/div>\n\n\n\n<p><a href=\"https:\/\/huszpo-konferencija.com\/wp-content\/uploads\/2025\/06\/Logisticke_upute_konferencija_Opatija_2025.pdf\">Logistic information_airports<\/a><br><\/p>\n\n\n\n<p><\/p>","protected":false},"excerpt":{"rendered":"<p>Za sudjelovanje se mo\u017eete prijaviti do 25. rujna 2025. KOTIZACIJA Kotizacija iznosi: 400,00 EUR + PDV.Kotizacija za ranu prijavu (uz uplatu do 15. srpnja 2025.) iznosi: 350,00 EUR + PDV. Kod uplate iz inozemstva sudionik je du\u017ean pokriti tro\u0161kove bankovnog prometa. Kotizacija uklju\u010duje: Sudionici sami pokrivaju tro\u0161kove prijevoza i smje\u0161taja (no\u0107enja s doru\u010dkom) tijekom konferencije&hellip;&nbsp;<a href=\"http:\/\/huszpo-konferencija.com\/en\/registracija\/\" rel=\"bookmark\">Read More &raquo;<span class=\"screen-reader-text\">Registration<\/span><\/a><\/p>","protected":false},"author":2,"featured_media":0,"parent":0,"menu_order":0,"comment_status":"closed","ping_status":"closed","template":"","meta":{"_uag_custom_page_level_css":"","neve_meta_sidebar":"","neve_meta_container":"","neve_meta_enable_content_width":"","neve_meta_content_width":0,"neve_meta_title_alignment":"","neve_meta_author_avatar":"","neve_post_elements_order":"","neve_meta_disable_header":"","neve_meta_disable_footer":"","neve_meta_disable_title":"","_themeisle_gutenberg_block_has_review":false,"footnotes":""},"class_list":["post-971","page","type-page","status-publish","hentry"],"yoast_head":"<!-- This site is optimized with the Yoast SEO plugin v24.2 - https:\/\/yoast.com\/wordpress\/plugins\/seo\/ -->\n<title>Registracija - Konferencija Okoli\u0161ne procjene i Europski zeleni plan &#039;22<\/title>\n<meta name=\"robots\" content=\"index, follow, max-snippet:-1, max-image-preview:large, max-video-preview:-1\" \/>\n<link rel=\"canonical\" href=\"https:\/\/huszpo-konferencija.com\/en\/registracija\/\" \/>\n<meta property=\"og:locale\" content=\"en_US\" \/>\n<meta property=\"og:type\" content=\"article\" \/>\n<meta property=\"og:title\" content=\"Registracija - Konferencija Okoli\u0161ne procjene i Europski zeleni plan &#039;22\" \/>\n<meta property=\"og:description\" content=\"Za sudjelovanje se mo\u017eete prijaviti do 25. rujna 2025. KOTIZACIJA Kotizacija iznosi: 400,00 EUR + PDV.Kotizacija za ranu prijavu (uz uplatu do 15. srpnja 2025.) iznosi: 350,00 EUR + PDV. Kod uplate iz inozemstva sudionik je du\u017ean pokriti tro\u0161kove bankovnog prometa. Kotizacija uklju\u010duje: Sudionici sami pokrivaju tro\u0161kove prijevoza i smje\u0161taja (no\u0107enja s doru\u010dkom) tijekom konferencije&hellip;&nbsp;Read More &raquo;Registracija\" \/>\n<meta property=\"og:url\" content=\"https:\/\/huszpo-konferencija.com\/en\/registracija\/\" \/>\n<meta property=\"og:site_name\" content=\"Konferencija Okoli\u0161ne procjene i Europski zeleni plan &#039;22\" \/>\n<meta property=\"article:publisher\" content=\"https:\/\/www.facebook.com\/HUSZPO-107221977694653\/\" \/>\n<meta property=\"article:modified_time\" content=\"2025-09-27T17:44:52+00:00\" \/>\n<meta name=\"twitter:card\" content=\"summary_large_image\" \/>\n<meta name=\"twitter:site\" content=\"@huszpo\" \/>\n<meta name=\"twitter:label1\" content=\"Est. reading time\" \/>\n\t<meta name=\"twitter:data1\" content=\"2 minutes\" \/>\n<script type=\"application\/ld+json\" class=\"yoast-schema-graph\">{\"@context\":\"https:\/\/schema.org\",\"@graph\":[{\"@type\":\"WebPage\",\"@id\":\"https:\/\/huszpo-konferencija.com\/registracija\/\",\"url\":\"https:\/\/huszpo-konferencija.com\/registracija\/\",\"name\":\"Registracija - Konferencija Okoli\u0161ne procjene i Europski zeleni plan &#039;22\",\"isPartOf\":{\"@id\":\"https:\/\/huszpo-konferencija.com\/#website\"},\"datePublished\":\"2015-11-03T12:51:05+00:00\",\"dateModified\":\"2025-09-27T17:44:52+00:00\",\"breadcrumb\":{\"@id\":\"https:\/\/huszpo-konferencija.com\/registracija\/#breadcrumb\"},\"inLanguage\":\"en-US\",\"potentialAction\":[{\"@type\":\"ReadAction\",\"target\":[\"https:\/\/huszpo-konferencija.com\/registracija\/\"]}]},{\"@type\":\"BreadcrumbList\",\"@id\":\"https:\/\/huszpo-konferencija.com\/registracija\/#breadcrumb\",\"itemListElement\":[{\"@type\":\"ListItem\",\"position\":1,\"name\":\"Naslovna\",\"item\":\"https:\/\/huszpo-konferencija.com\/\"},{\"@type\":\"ListItem\",\"position\":2,\"name\":\"Registracija\"}]},{\"@type\":\"WebSite\",\"@id\":\"https:\/\/huszpo-konferencija.com\/#website\",\"url\":\"https:\/\/huszpo-konferencija.com\/\",\"name\":\"Konferencija Okoli\u0161ne procjene i Europski zeleni plan\",\"description\":\"Konferencija Okoli\u0161ne procjene i Europski zeleni plan &#039;22\",\"publisher\":{\"@id\":\"https:\/\/huszpo-konferencija.com\/#organization\"},\"potentialAction\":[{\"@type\":\"SearchAction\",\"target\":{\"@type\":\"EntryPoint\",\"urlTemplate\":\"https:\/\/huszpo-konferencija.com\/?s={search_term_string}\"},\"query-input\":{\"@type\":\"PropertyValueSpecification\",\"valueRequired\":true,\"valueName\":\"search_term_string\"}}],\"inLanguage\":\"en-US\"},{\"@type\":\"Organization\",\"@id\":\"https:\/\/huszpo-konferencija.com\/#organization\",\"name\":\"HUSZPO\",\"url\":\"https:\/\/huszpo-konferencija.com\/\",\"logo\":{\"@type\":\"ImageObject\",\"inLanguage\":\"en-US\",\"@id\":\"https:\/\/huszpo-konferencija.com\/#\/schema\/logo\/image\/\",\"url\":\"https:\/\/huszpo-konferencija.com\/wp-content\/uploads\/2021\/10\/cropped-cropped-cropped-Logo.png\",\"contentUrl\":\"https:\/\/huszpo-konferencija.com\/wp-content\/uploads\/2021\/10\/cropped-cropped-cropped-Logo.png\",\"width\":512,\"height\":512,\"caption\":\"HUSZPO\"},\"image\":{\"@id\":\"https:\/\/huszpo-konferencija.com\/#\/schema\/logo\/image\/\"},\"sameAs\":[\"https:\/\/www.facebook.com\/HUSZPO-107221977694653\/\",\"https:\/\/x.com\/huszpo\",\"https:\/\/www.instagram.com\/huszpo\",\"https:\/\/www.linkedin.com\/in\/huszpo-hrvatska-udruga-stru\u010dnjaka-za\u0161tite-prirode-i-okoli\u0161a-2a52481b2\/?originalSubdomain=hr\"]}]}<\/script>\n<!-- \/ Yoast SEO plugin. -->","yoast_head_json":{"title":"Registracija - Konferencija Okoli\u0161ne procjene i Europski zeleni plan &#039;22","robots":{"index":"index","follow":"follow","max-snippet":"max-snippet:-1","max-image-preview":"max-image-preview:large","max-video-preview":"max-video-preview:-1"},"canonical":"https:\/\/huszpo-konferencija.com\/en\/registracija\/","og_locale":"en_US","og_type":"article","og_title":"Registracija - Konferencija Okoli\u0161ne procjene i Europski zeleni plan &#039;22","og_description":"Za sudjelovanje se mo\u017eete prijaviti do 25. rujna 2025. KOTIZACIJA Kotizacija iznosi: 400,00 EUR + PDV.Kotizacija za ranu prijavu (uz uplatu do 15. srpnja 2025.) iznosi: 350,00 EUR + PDV. Kod uplate iz inozemstva sudionik je du\u017ean pokriti tro\u0161kove bankovnog prometa. Kotizacija uklju\u010duje: Sudionici sami pokrivaju tro\u0161kove prijevoza i smje\u0161taja (no\u0107enja s doru\u010dkom) tijekom konferencije&hellip;&nbsp;Read More &raquo;Registracija","og_url":"https:\/\/huszpo-konferencija.com\/en\/registracija\/","og_site_name":"Konferencija Okoli\u0161ne procjene i Europski zeleni plan &#039;22","article_publisher":"https:\/\/www.facebook.com\/HUSZPO-107221977694653\/","article_modified_time":"2025-09-27T17:44:52+00:00","twitter_card":"summary_large_image","twitter_site":"@huszpo","twitter_misc":{"Est. reading time":"2 minutes"},"schema":{"@context":"https:\/\/schema.org","@graph":[{"@type":"WebPage","@id":"https:\/\/huszpo-konferencija.com\/registracija\/","url":"https:\/\/huszpo-konferencija.com\/registracija\/","name":"Registracija - Konferencija Okoli\u0161ne procjene i Europski zeleni plan &#039;22","isPartOf":{"@id":"https:\/\/huszpo-konferencija.com\/#website"},"datePublished":"2015-11-03T12:51:05+00:00","dateModified":"2025-09-27T17:44:52+00:00","breadcrumb":{"@id":"https:\/\/huszpo-konferencija.com\/registracija\/#breadcrumb"},"inLanguage":"en-US","potentialAction":[{"@type":"ReadAction","target":["https:\/\/huszpo-konferencija.com\/registracija\/"]}]},{"@type":"BreadcrumbList","@id":"https:\/\/huszpo-konferencija.com\/registracija\/#breadcrumb","itemListElement":[{"@type":"ListItem","position":1,"name":"Naslovna","item":"https:\/\/huszpo-konferencija.com\/"},{"@type":"ListItem","position":2,"name":"Registracija"}]},{"@type":"WebSite","@id":"https:\/\/huszpo-konferencija.com\/#website","url":"https:\/\/huszpo-konferencija.com\/","name":"Konferencija Okoli\u0161ne procjene i Europski zeleni plan","description":"Konferencija Okoli\u0161ne procjene i Europski zeleni plan &#039;22","publisher":{"@id":"https:\/\/huszpo-konferencija.com\/#organization"},"potentialAction":[{"@type":"SearchAction","target":{"@type":"EntryPoint","urlTemplate":"https:\/\/huszpo-konferencija.com\/?s={search_term_string}"},"query-input":{"@type":"PropertyValueSpecification","valueRequired":true,"valueName":"search_term_string"}}],"inLanguage":"en-US"},{"@type":"Organization","@id":"https:\/\/huszpo-konferencija.com\/#organization","name":"HUSZPO","url":"https:\/\/huszpo-konferencija.com\/","logo":{"@type":"ImageObject","inLanguage":"en-US","@id":"https:\/\/huszpo-konferencija.com\/#\/schema\/logo\/image\/","url":"https:\/\/huszpo-konferencija.com\/wp-content\/uploads\/2021\/10\/cropped-cropped-cropped-Logo.png","contentUrl":"https:\/\/huszpo-konferencija.com\/wp-content\/uploads\/2021\/10\/cropped-cropped-cropped-Logo.png","width":512,"height":512,"caption":"HUSZPO"},"image":{"@id":"https:\/\/huszpo-konferencija.com\/#\/schema\/logo\/image\/"},"sameAs":["https:\/\/www.facebook.com\/HUSZPO-107221977694653\/","https:\/\/x.com\/huszpo","https:\/\/www.instagram.com\/huszpo","https:\/\/www.linkedin.com\/in\/huszpo-hrvatska-udruga-stru\u010dnjaka-za\u0161tite-prirode-i-okoli\u0161a-2a52481b2\/?originalSubdomain=hr"]}]}},"uagb_featured_image_src":{"full":false,"thumbnail":false,"medium":false,"medium_large":false,"large":false,"gs-tiny":false,"xl":false,"xxl":false,"xxxl":false,"xxxxl":false,"xxxxxl":false,"1536x1536":false,"2048x2048":false,"trp-custom-language-flag":false,"neve-blog":false},"uagb_author_info":{"display_name":"Tajana Uzelac","author_link":"http:\/\/huszpo-konferencija.com\/en\/author\/tajana_uzelac\/"},"uagb_comment_info":0,"uagb_excerpt":"Za sudjelovanje se mo\u017eete prijaviti do 25. rujna 2025. KOTIZACIJA Kotizacija iznosi: 400,00 EUR + PDV.Kotizacija za ranu prijavu (uz uplatu do 15. srpnja 2025.) iznosi: 350,00 EUR + PDV. Kod uplate iz inozemstva sudionik je du\u017ean pokriti tro\u0161kove bankovnog prometa. Kotizacija uklju\u010duje: Sudionici sami pokrivaju tro\u0161kove prijevoza i smje\u0161taja (no\u0107enja s doru\u010dkom) tijekom konferencije&hellip;&nbsp;Read&hellip;","_links":{"self":[{"href":"http:\/\/huszpo-konferencija.com\/en\/wp-json\/wp\/v2\/pages\/971","targetHints":{"allow":["GET"]}}],"collection":[{"href":"http:\/\/huszpo-konferencija.com\/en\/wp-json\/wp\/v2\/pages"}],"about":[{"href":"http:\/\/huszpo-konferencija.com\/en\/wp-json\/wp\/v2\/types\/page"}],"author":[{"embeddable":true,"href":"http:\/\/huszpo-konferencija.com\/en\/wp-json\/wp\/v2\/users\/2"}],"replies":[{"embeddable":true,"href":"http:\/\/huszpo-konferencija.com\/en\/wp-json\/wp\/v2\/comments?post=971"}],"version-history":[{"count":75,"href":"http:\/\/huszpo-konferencija.com\/en\/wp-json\/wp\/v2\/pages\/971\/revisions"}],"predecessor-version":[{"id":5741,"href":"http:\/\/huszpo-konferencija.com\/en\/wp-json\/wp\/v2\/pages\/971\/revisions\/5741"}],"wp:attachment":[{"href":"http:\/\/huszpo-konferencija.com\/en\/wp-json\/wp\/v2\/media?parent=971"}],"curies":[{"name":"wp","href":"https:\/\/api.w.org\/{rel}","templated":true}]}}