{"id":8,"date":"2013-01-19T17:48:10","date_gmt":"2013-01-19T17:48:10","guid":{"rendered":"http:\/\/www.konferencija.local\/?page_id=8"},"modified":"2025-09-27T19:43:23","modified_gmt":"2025-09-27T17:43:23","slug":"o-konferenciji","status":"publish","type":"page","link":"http:\/\/huszpo-konferencija.com\/en\/o-konferenciji\/","title":{"rendered":"About the Conference"},"content":{"rendered":"<p><strong><span style=\"color: #000000;\">The conference with the topic on environmental \n impact assesment <\/span><\/strong><span style=\"color: #000000;\">is an event organised by&nbsp;<strong>HUSZPO<\/strong>, do sada odr\u017eano pet puta u razli\u010ditim gradovima Hrvatske.&nbsp;<\/span><\/p>\n\n\n\n<p><span style=\"color: #000000;\">HUSZPO is a non-governmental and non-profit organization, established in 2004 by respected legal entities and individuals, all practitioners in the fields of environmental and nature protection. Nowadays, the Association membership consists of about 40 companies and individual expert members. The purpose of the Association is to advance professional knowledge and services in environmental and nature protection, harmonize and promote professional interests, promote professional ethics and strengthen cooperation with similar national and international organizations and associations.<\/span><\/p>\n\n\n\n<p><span style=\"color: #000000;\">The First Regional Conference was held under the auspices of the Ministry of Environmental and Nature Protection in September 2013, in Zadar.&nbsp;<\/span><span style=\"color: #000000;\">You can find out more about it at:<\/span><span style=\"color: #000000;\">&nbsp;<\/span><a href=\"http:\/\/huszpo-konferencija.com\/en\/konferencija-2013\/\" target=\"_blank\" rel=\"noopener\">Conference 2013, Zadar<\/a><\/p>\n\n\n\n<p><span style=\"color: #000000;\">The Second Conference was held under the auspices of the President of the Republic of Croatia, the Ministry of Environmental and Nature Protection and the Environmental Protection and Energy Efficiency Fund of the Republic of Croatia, in September 2015, in Novi Vinodolski. You can find out more about it at:&nbsp;<a href=\"http:\/\/huszpo-konferencija.com\/en\/konferencija-2015\/\" target=\"_blank\" rel=\"noopener\">Conference 2015, Novi Vinodolski<\/a><\/span><\/p>\n\n\n\n<p><span style=\"color: #000000;\">The Third Regional Conference was held in September 2017, in Vodice, under the auspices of the under the auspices of the President of the Republic of Croatia Kolinda Grabar-Kitarovi\u0107, the Ministry of Environment and Energy of the Republic of Croatia, the Ministry of the Sea, Transport and Infrastructure of the Republic of Croatia, the Ministry of Regional Development and EU Funds of the Republic of Croatia, the Ministry of Economy, Entrepreneurship and Crafts, the Croatian Agency for Environment and Nature and the Croatian Business Chamber. Conference Partner was UNECE (United Nations Economic Commission for Europe). You can find out more about it at:&nbsp;<a href=\"http:\/\/huszpo-konferencija.com\/en\/konferencija-2017\/\" target=\"_blank\" rel=\"noopener\">Conference 2017, Vodice<\/a>.<\/span><\/p>\n\n\n\n<p><span style=\"color: #000000;\">At the opening ceremony of the Third Regional Conference a short film on the idea of the conference has been shown which can be seen<\/span> <a href=\"https:\/\/www.youtube.com\/watch?v=FVCwzQV7jzM&amp;feature=youtu.be\" target=\"_blank\" rel=\"noopener\">click here<\/a>. <span style=\"color: #000000;\">Papers published in Environmental Engineering journal can be found <a href=\"http:\/\/huszpo-konferencija.com\/en\/objava-radova-s-trece-regionalne-konferencije-o-puo-u-casopisu-inzenjerstvo-okolisa\/\">click here<\/a><\/span><\/p>\n\n\n\n<p><span style=\"color: #000000;\">Fourth Regional Conference on Environmental Impact Assessment was held in Vodice, from September 18th to 21st, 2019 under the auspices of the President of the Republic of Croatia Kolinda Grabar-Kitarovi\u0107, the Ministry of Environment and Energy of the Republic of Croatia, the Ministry of Economy, Entrepreneurship and Crafts of the Republic of Croatia, the Ministry of Agriculture of the Republic of Croatia, the Ministry of the Sea, Transport and Infrastructure of the Republic of Croatia, the Ministry of Construction and Physical Planning of the Republic of Croatia and the Croatian Chamber of the Economy.<\/span><\/p>\n\n\n\n<p><span style=\"color: #000000;\">You can read more about the conference at:<\/span> <a href=\"http:\/\/huszpo-konferencija.com\/en\/konferencija-2019\/\">Conference 2019, Vodice<\/a>.<span style=\"color: #000000;\">&nbsp;A short film on the conference can be seen<\/span> <a href=\"https:\/\/www.youtube.com\/watch?v=xHuwUNRj88E\" target=\"_blank\" rel=\"noopener lightbox-video-0\">click here<\/a>.<\/p>\n\n\n\n<p>Peta Europska i regionalna konferencija Okoli\u0161ne procjene i Europski zeleni \u201822 odr\u017eala se u Vodicama, 14.-17. rujna 2022, u hotelu Olympia Sky. Konferenciju je organizirala Hrvatska udruga stru\u010dnjaka za\u0161tite prirode i okoli\u0161a (HUSZPO), \u010dlanica Hrvatskog in\u017eenjerskog saveza. Konferencija je pod pokroviteljstvom Ministarstva gospodarstva i odr\u017eivog razvoja RH te Ministarstva regionalnog razvoja i EU fondova RH. Partneri konferencije su: Europska Investicijska Banka (EIB), Hrvatska gospodarska komora (HGK), Obnovljivi izvori energije Hrvatske (OIE HRVATSKA), Hrvatski poslovni svijet za odr\u017eivi razvoj (HR PSOR), Hrvatska udruga poslodavaca (HUP).<\/p>\n\n\n\n<p>You can find out more about it at: <a href=\"https:\/\/huszpo-konferencija.com\/en\/konferencija-2022\/\">Konferencija 2022, Vodice. <\/a><\/p>\n\n\n\n<p>The first Symposium was held on October 3 and 4, 2024, in Dubrovnik, titled: \u201cSustainable Finance: from setting up the rules to impact, verification, and reporting.\u201d All details and information about the Symposium are available at rsfia.eu.<\/p>\n\n\n\n<p><span style=\"color: #000000;\">All conferences were extremely successful. At each, more than a 100 expert presentations were given and several round tables with diverse topic held. Each conference had more than 300 participants \u2013 practitioners, scientists, public authority representatives, representatives of the local and regional governments, non-governmental organizations, public relations experts, members of the media and investors from Croatia, the region and beyond.<\/span><\/p>\n\n\n\n<p><span style=\"color: #000000;\">The guiding idea behind the Conferences is to gather stakeholders from different environmental and nature protection procedures and enable them to share their knowledge, experiences and views through constructive and democratic dialogue.<\/span><\/p>\n\n\n\n<p>The sixth conference will take place in Opatija at Hotel Ambasador in October 2025. This year\u2019s conference is a result of the Symposium on the Linkages Between Sustainable Finance and Environmental Procedures, held on October 3-4, 2024, in Dubrovnik.<\/p>\n\n\n\n<p><span style=\"color: #000000;\">Considering the interdisciplinary nature, the thematic framework of the conference \u201cEU Taxonomy and Impact Assessment: From Policy to Practice\u201d includes:<\/span><br><span class=\"highlight\">EU Taxonomy<br>DNSH<br>ESG reporting<br>Environmental Impact Assessment<br>Nature impact assessment<br>Social impact assessment<\/span><br><br><a href=\"https:\/\/huszpo-konferencija.com\/wp-content\/uploads\/2025\/09\/HUSZPO_25_Opatija_Agenda_ENG.pdf\">Conference 2025 Agenda <\/a><\/p>\n\n\n\n<p><br>We invite you to join us at the conference, which has become a platform for collaboration and the exchange of experiences among experts from different countries.<\/p>\n\n\n\n<p><span style=\"color: #000000;\">HUSZPO<\/span><\/p>\n\n\n\n<p><\/p>","protected":false},"excerpt":{"rendered":"<p>Konferencija s temom procjena utjecaja na okoli\u0161 je doga\u0111anje u organizaciji&nbsp;HUSZPO, do sada odr\u017eano pet puta u razli\u010ditim gradovima Hrvatske.&nbsp; HUSZPO je nevladina organizacija osnovana 2004. godine od strane renomiranih pravnih i fizi\u010dkih osoba koje se profesionalno bave za\u0161titom prirode i okoli\u0161a u Hrvatskoj. Udruga trenutno okuplja oko 40 dru\u0161tava i individualnih \u010dlanova, a ciljevi&hellip;&nbsp;<a href=\"http:\/\/huszpo-konferencija.com\/en\/o-konferenciji\/\" rel=\"bookmark\">Read More &raquo;<span class=\"screen-reader-text\">About the Conference<\/span><\/a><\/p>","protected":false},"author":2,"featured_media":3908,"parent":0,"menu_order":0,"comment_status":"closed","ping_status":"closed","template":"","meta":{"_uag_custom_page_level_css":"","neve_meta_sidebar":"","neve_meta_container":"","neve_meta_enable_content_width":"","neve_meta_content_width":0,"neve_meta_title_alignment":"","neve_meta_author_avatar":"","neve_post_elements_order":"","neve_meta_disable_header":"","neve_meta_disable_footer":"","neve_meta_disable_title":"","_themeisle_gutenberg_block_has_review":false,"footnotes":""},"class_list":["post-8","page","type-page","status-publish","has-post-thumbnail","hentry"],"yoast_head":"<!-- This site is optimized with the Yoast SEO plugin v24.2 - https:\/\/yoast.com\/wordpress\/plugins\/seo\/ -->\n<title>Konferencija: procjena utjecaja na okoli\u0161 - HUSZPO<\/title>\n<meta name=\"description\" content=\"Konferencija s temom procjena utjecaja na okoli\u0161 je doga\u0111anje u organizaciji\u00a0HUSZPO, odr\u017eana je \u010detiri puta u razli\u010ditim gradovima Hrvatske.\u00a0\" \/>\n<meta name=\"robots\" content=\"index, follow, max-snippet:-1, max-image-preview:large, max-video-preview:-1\" \/>\n<link rel=\"canonical\" href=\"https:\/\/huszpo-konferencija.com\/en\/o-konferenciji\/\" \/>\n<meta property=\"og:locale\" content=\"en_US\" \/>\n<meta property=\"og:type\" content=\"article\" \/>\n<meta property=\"og:title\" content=\"Konferencija: procjena utjecaja na okoli\u0161 - HUSZPO\" \/>\n<meta property=\"og:description\" content=\"Konferencija s temom procjena utjecaja na okoli\u0161 je doga\u0111anje u organizaciji\u00a0HUSZPO, odr\u017eana je \u010detiri puta u razli\u010ditim gradovima Hrvatske.\u00a0\" \/>\n<meta property=\"og:url\" content=\"https:\/\/huszpo-konferencija.com\/en\/o-konferenciji\/\" \/>\n<meta property=\"og:site_name\" content=\"Konferencija Okoli\u0161ne procjene i Europski zeleni plan &#039;22\" \/>\n<meta property=\"article:publisher\" content=\"https:\/\/www.facebook.com\/HUSZPO-107221977694653\/\" \/>\n<meta property=\"article:modified_time\" content=\"2025-09-27T17:43:23+00:00\" \/>\n<meta property=\"og:image\" content=\"https:\/\/huszpo-konferencija.com\/wp-content\/uploads\/2019\/08\/cropped-HUSZPOlogo-1.jpg\" \/>\n\t<meta property=\"og:image:width\" content=\"250\" \/>\n\t<meta property=\"og:image:height\" content=\"59\" \/>\n\t<meta property=\"og:image:type\" content=\"image\/jpeg\" \/>\n<meta name=\"twitter:card\" content=\"summary_large_image\" \/>\n<meta name=\"twitter:site\" content=\"@huszpo\" \/>\n<meta name=\"twitter:label1\" content=\"Est. reading time\" \/>\n\t<meta name=\"twitter:data1\" content=\"4 minutes\" \/>\n<script type=\"application\/ld+json\" class=\"yoast-schema-graph\">{\"@context\":\"https:\/\/schema.org\",\"@graph\":[{\"@type\":\"WebPage\",\"@id\":\"https:\/\/huszpo-konferencija.com\/o-konferenciji\/\",\"url\":\"https:\/\/huszpo-konferencija.com\/o-konferenciji\/\",\"name\":\"Konferencija: procjena utjecaja na okoli\u0161 - HUSZPO\",\"isPartOf\":{\"@id\":\"https:\/\/huszpo-konferencija.com\/#website\"},\"primaryImageOfPage\":{\"@id\":\"https:\/\/huszpo-konferencija.com\/o-konferenciji\/#primaryimage\"},\"image\":{\"@id\":\"https:\/\/huszpo-konferencija.com\/o-konferenciji\/#primaryimage\"},\"thumbnailUrl\":\"https:\/\/huszpo-konferencija.com\/wp-content\/uploads\/2019\/08\/cropped-HUSZPOlogo-1.jpg\",\"datePublished\":\"2013-01-19T17:48:10+00:00\",\"dateModified\":\"2025-09-27T17:43:23+00:00\",\"description\":\"Konferencija s temom procjena utjecaja na okoli\u0161 je doga\u0111anje u organizaciji\u00a0HUSZPO, odr\u017eana je \u010detiri puta u razli\u010ditim gradovima Hrvatske.\u00a0\",\"breadcrumb\":{\"@id\":\"https:\/\/huszpo-konferencija.com\/o-konferenciji\/#breadcrumb\"},\"inLanguage\":\"en-US\",\"potentialAction\":[{\"@type\":\"ReadAction\",\"target\":[\"https:\/\/huszpo-konferencija.com\/o-konferenciji\/\"]}]},{\"@type\":\"ImageObject\",\"inLanguage\":\"en-US\",\"@id\":\"https:\/\/huszpo-konferencija.com\/o-konferenciji\/#primaryimage\",\"url\":\"https:\/\/huszpo-konferencija.com\/wp-content\/uploads\/2019\/08\/cropped-HUSZPOlogo-1.jpg\",\"contentUrl\":\"https:\/\/huszpo-konferencija.com\/wp-content\/uploads\/2019\/08\/cropped-HUSZPOlogo-1.jpg\",\"width\":250,\"height\":59},{\"@type\":\"BreadcrumbList\",\"@id\":\"https:\/\/huszpo-konferencija.com\/o-konferenciji\/#breadcrumb\",\"itemListElement\":[{\"@type\":\"ListItem\",\"position\":1,\"name\":\"Naslovna\",\"item\":\"https:\/\/huszpo-konferencija.com\/\"},{\"@type\":\"ListItem\",\"position\":2,\"name\":\"O konferenciji\"}]},{\"@type\":\"WebSite\",\"@id\":\"https:\/\/huszpo-konferencija.com\/#website\",\"url\":\"https:\/\/huszpo-konferencija.com\/\",\"name\":\"Konferencija Okoli\u0161ne procjene i Europski zeleni plan\",\"description\":\"Konferencija Okoli\u0161ne procjene i Europski zeleni plan &#039;22\",\"publisher\":{\"@id\":\"https:\/\/huszpo-konferencija.com\/#organization\"},\"potentialAction\":[{\"@type\":\"SearchAction\",\"target\":{\"@type\":\"EntryPoint\",\"urlTemplate\":\"https:\/\/huszpo-konferencija.com\/?s={search_term_string}\"},\"query-input\":{\"@type\":\"PropertyValueSpecification\",\"valueRequired\":true,\"valueName\":\"search_term_string\"}}],\"inLanguage\":\"en-US\"},{\"@type\":\"Organization\",\"@id\":\"https:\/\/huszpo-konferencija.com\/#organization\",\"name\":\"HUSZPO\",\"url\":\"https:\/\/huszpo-konferencija.com\/\",\"logo\":{\"@type\":\"ImageObject\",\"inLanguage\":\"en-US\",\"@id\":\"https:\/\/huszpo-konferencija.com\/#\/schema\/logo\/image\/\",\"url\":\"https:\/\/huszpo-konferencija.com\/wp-content\/uploads\/2021\/10\/cropped-cropped-cropped-Logo.png\",\"contentUrl\":\"https:\/\/huszpo-konferencija.com\/wp-content\/uploads\/2021\/10\/cropped-cropped-cropped-Logo.png\",\"width\":512,\"height\":512,\"caption\":\"HUSZPO\"},\"image\":{\"@id\":\"https:\/\/huszpo-konferencija.com\/#\/schema\/logo\/image\/\"},\"sameAs\":[\"https:\/\/www.facebook.com\/HUSZPO-107221977694653\/\",\"https:\/\/x.com\/huszpo\",\"https:\/\/www.instagram.com\/huszpo\",\"https:\/\/www.linkedin.com\/in\/huszpo-hrvatska-udruga-stru\u010dnjaka-za\u0161tite-prirode-i-okoli\u0161a-2a52481b2\/?originalSubdomain=hr\"]}]}<\/script>\n<!-- \/ Yoast SEO plugin. -->","yoast_head_json":{"title":"Konferencija: procjena utjecaja na okoli\u0161 - HUSZPO","description":"Konferencija s temom procjena utjecaja na okoli\u0161 je doga\u0111anje u organizaciji\u00a0HUSZPO, odr\u017eana je \u010detiri puta u razli\u010ditim gradovima Hrvatske.\u00a0","robots":{"index":"index","follow":"follow","max-snippet":"max-snippet:-1","max-image-preview":"max-image-preview:large","max-video-preview":"max-video-preview:-1"},"canonical":"https:\/\/huszpo-konferencija.com\/en\/o-konferenciji\/","og_locale":"en_US","og_type":"article","og_title":"Konferencija: procjena utjecaja na okoli\u0161 - HUSZPO","og_description":"Konferencija s temom procjena utjecaja na okoli\u0161 je doga\u0111anje u organizaciji\u00a0HUSZPO, odr\u017eana je \u010detiri puta u razli\u010ditim gradovima Hrvatske.\u00a0","og_url":"https:\/\/huszpo-konferencija.com\/en\/o-konferenciji\/","og_site_name":"Konferencija Okoli\u0161ne procjene i Europski zeleni plan &#039;22","article_publisher":"https:\/\/www.facebook.com\/HUSZPO-107221977694653\/","article_modified_time":"2025-09-27T17:43:23+00:00","og_image":[{"width":250,"height":59,"url":"https:\/\/huszpo-konferencija.com\/wp-content\/uploads\/2019\/08\/cropped-HUSZPOlogo-1.jpg","type":"image\/jpeg"}],"twitter_card":"summary_large_image","twitter_site":"@huszpo","twitter_misc":{"Est. reading time":"4 minutes"},"schema":{"@context":"https:\/\/schema.org","@graph":[{"@type":"WebPage","@id":"https:\/\/huszpo-konferencija.com\/o-konferenciji\/","url":"https:\/\/huszpo-konferencija.com\/o-konferenciji\/","name":"Konferencija: procjena utjecaja na okoli\u0161 - HUSZPO","isPartOf":{"@id":"https:\/\/huszpo-konferencija.com\/#website"},"primaryImageOfPage":{"@id":"https:\/\/huszpo-konferencija.com\/o-konferenciji\/#primaryimage"},"image":{"@id":"https:\/\/huszpo-konferencija.com\/o-konferenciji\/#primaryimage"},"thumbnailUrl":"https:\/\/huszpo-konferencija.com\/wp-content\/uploads\/2019\/08\/cropped-HUSZPOlogo-1.jpg","datePublished":"2013-01-19T17:48:10+00:00","dateModified":"2025-09-27T17:43:23+00:00","description":"Konferencija s temom procjena utjecaja na okoli\u0161 je doga\u0111anje u organizaciji\u00a0HUSZPO, odr\u017eana je \u010detiri puta u razli\u010ditim gradovima Hrvatske.\u00a0","breadcrumb":{"@id":"https:\/\/huszpo-konferencija.com\/o-konferenciji\/#breadcrumb"},"inLanguage":"en-US","potentialAction":[{"@type":"ReadAction","target":["https:\/\/huszpo-konferencija.com\/o-konferenciji\/"]}]},{"@type":"ImageObject","inLanguage":"en-US","@id":"https:\/\/huszpo-konferencija.com\/o-konferenciji\/#primaryimage","url":"https:\/\/huszpo-konferencija.com\/wp-content\/uploads\/2019\/08\/cropped-HUSZPOlogo-1.jpg","contentUrl":"https:\/\/huszpo-konferencija.com\/wp-content\/uploads\/2019\/08\/cropped-HUSZPOlogo-1.jpg","width":250,"height":59},{"@type":"BreadcrumbList","@id":"https:\/\/huszpo-konferencija.com\/o-konferenciji\/#breadcrumb","itemListElement":[{"@type":"ListItem","position":1,"name":"Naslovna","item":"https:\/\/huszpo-konferencija.com\/"},{"@type":"ListItem","position":2,"name":"O konferenciji"}]},{"@type":"WebSite","@id":"https:\/\/huszpo-konferencija.com\/#website","url":"https:\/\/huszpo-konferencija.com\/","name":"Konferencija Okoli\u0161ne procjene i Europski zeleni plan","description":"Konferencija Okoli\u0161ne procjene i Europski zeleni plan &#039;22","publisher":{"@id":"https:\/\/huszpo-konferencija.com\/#organization"},"potentialAction":[{"@type":"SearchAction","target":{"@type":"EntryPoint","urlTemplate":"https:\/\/huszpo-konferencija.com\/?s={search_term_string}"},"query-input":{"@type":"PropertyValueSpecification","valueRequired":true,"valueName":"search_term_string"}}],"inLanguage":"en-US"},{"@type":"Organization","@id":"https:\/\/huszpo-konferencija.com\/#organization","name":"HUSZPO","url":"https:\/\/huszpo-konferencija.com\/","logo":{"@type":"ImageObject","inLanguage":"en-US","@id":"https:\/\/huszpo-konferencija.com\/#\/schema\/logo\/image\/","url":"https:\/\/huszpo-konferencija.com\/wp-content\/uploads\/2021\/10\/cropped-cropped-cropped-Logo.png","contentUrl":"https:\/\/huszpo-konferencija.com\/wp-content\/uploads\/2021\/10\/cropped-cropped-cropped-Logo.png","width":512,"height":512,"caption":"HUSZPO"},"image":{"@id":"https:\/\/huszpo-konferencija.com\/#\/schema\/logo\/image\/"},"sameAs":["https:\/\/www.facebook.com\/HUSZPO-107221977694653\/","https:\/\/x.com\/huszpo","https:\/\/www.instagram.com\/huszpo","https:\/\/www.linkedin.com\/in\/huszpo-hrvatska-udruga-stru\u010dnjaka-za\u0161tite-prirode-i-okoli\u0161a-2a52481b2\/?originalSubdomain=hr"]}]}},"uagb_featured_image_src":{"full":["https:\/\/huszpo-konferencija.com\/wp-content\/uploads\/2019\/08\/cropped-HUSZPOlogo-1.jpg",250,59,false],"thumbnail":["https:\/\/huszpo-konferencija.com\/wp-content\/uploads\/2019\/08\/cropped-HUSZPOlogo-1-150x59.jpg",150,59,true],"medium":["https:\/\/huszpo-konferencija.com\/wp-content\/uploads\/2019\/08\/cropped-HUSZPOlogo-1.jpg",250,59,false],"medium_large":["https:\/\/huszpo-konferencija.com\/wp-content\/uploads\/2019\/08\/cropped-HUSZPOlogo-1.jpg",250,59,false],"large":["https:\/\/huszpo-konferencija.com\/wp-content\/uploads\/2019\/08\/cropped-HUSZPOlogo-1.jpg",250,59,false],"gs-tiny":["https:\/\/huszpo-konferencija.com\/wp-content\/uploads\/2019\/08\/cropped-HUSZPOlogo-1.jpg",50,12,false],"xl":["https:\/\/huszpo-konferencija.com\/wp-content\/uploads\/2019\/08\/cropped-HUSZPOlogo-1.jpg",250,59,false],"xxl":["https:\/\/huszpo-konferencija.com\/wp-content\/uploads\/2019\/08\/cropped-HUSZPOlogo-1.jpg",250,59,false],"xxxl":["https:\/\/huszpo-konferencija.com\/wp-content\/uploads\/2019\/08\/cropped-HUSZPOlogo-1.jpg",250,59,false],"xxxxl":["https:\/\/huszpo-konferencija.com\/wp-content\/uploads\/2019\/08\/cropped-HUSZPOlogo-1.jpg",250,59,false],"xxxxxl":["https:\/\/huszpo-konferencija.com\/wp-content\/uploads\/2019\/08\/cropped-HUSZPOlogo-1.jpg",250,59,false],"1536x1536":["https:\/\/huszpo-konferencija.com\/wp-content\/uploads\/2019\/08\/cropped-HUSZPOlogo-1.jpg",250,59,false],"2048x2048":["https:\/\/huszpo-konferencija.com\/wp-content\/uploads\/2019\/08\/cropped-HUSZPOlogo-1.jpg",250,59,false],"trp-custom-language-flag":["https:\/\/huszpo-konferencija.com\/wp-content\/uploads\/2019\/08\/cropped-HUSZPOlogo-1-18x4.jpg",18,4,true],"neve-blog":["https:\/\/huszpo-konferencija.com\/wp-content\/uploads\/2019\/08\/cropped-HUSZPOlogo-1.jpg",250,59,false]},"uagb_author_info":{"display_name":"Tajana Uzelac","author_link":"http:\/\/huszpo-konferencija.com\/en\/author\/tajana_uzelac\/"},"uagb_comment_info":0,"uagb_excerpt":"Konferencija s temom procjena utjecaja na okoli\u0161 je doga\u0111anje u organizaciji&nbsp;HUSZPO, do sada odr\u017eano pet puta u razli\u010ditim gradovima Hrvatske.&nbsp; HUSZPO je nevladina organizacija osnovana 2004. godine od strane renomiranih pravnih i fizi\u010dkih osoba koje se profesionalno bave za\u0161titom prirode i okoli\u0161a u Hrvatskoj. Udruga trenutno okuplja oko 40 dru\u0161tava i individualnih \u010dlanova, a ciljevi&hellip;&nbsp;Read&hellip;","_links":{"self":[{"href":"http:\/\/huszpo-konferencija.com\/en\/wp-json\/wp\/v2\/pages\/8","targetHints":{"allow":["GET"]}}],"collection":[{"href":"http:\/\/huszpo-konferencija.com\/en\/wp-json\/wp\/v2\/pages"}],"about":[{"href":"http:\/\/huszpo-konferencija.com\/en\/wp-json\/wp\/v2\/types\/page"}],"author":[{"embeddable":true,"href":"http:\/\/huszpo-konferencija.com\/en\/wp-json\/wp\/v2\/users\/2"}],"replies":[{"embeddable":true,"href":"http:\/\/huszpo-konferencija.com\/en\/wp-json\/wp\/v2\/comments?post=8"}],"version-history":[{"count":143,"href":"http:\/\/huszpo-konferencija.com\/en\/wp-json\/wp\/v2\/pages\/8\/revisions"}],"predecessor-version":[{"id":5782,"href":"http:\/\/huszpo-konferencija.com\/en\/wp-json\/wp\/v2\/pages\/8\/revisions\/5782"}],"wp:featuredmedia":[{"embeddable":true,"href":"http:\/\/huszpo-konferencija.com\/en\/wp-json\/wp\/v2\/media\/3908"}],"wp:attachment":[{"href":"http:\/\/huszpo-konferencija.com\/en\/wp-json\/wp\/v2\/media?parent=8"}],"curies":[{"name":"wp","href":"https:\/\/api.w.org\/{rel}","templated":true}]}}