{"id":33,"date":"2013-01-19T18:31:07","date_gmt":"2013-01-19T18:31:07","guid":{"rendered":"http:\/\/www.konferencija.local\/?page_id=33"},"modified":"2025-10-07T13:17:26","modified_gmt":"2025-10-07T11:17:26","slug":"upute_za_autore","status":"publish","type":"page","link":"http:\/\/huszpo-konferencija.com\/en\/upute_za_autore\/","title":{"rendered":"Author instructions"},"content":{"rendered":"<h2 class=\"wp-block-heading\" id=\"vazni-datumi\"><strong>Important dates<\/strong><\/h2>\n\n\n\n<p>Abstract submission <strong>until<\/strong> <strong>31 July 2025<\/strong><br>Notification of acceptance <strong>until<\/strong> <strong>15 August 2025<\/strong><br>Submission of presentations <strong>until 30 September 2025<\/strong> <br>Submission of papers for the Book of Abstracts \u2013 <strong>until 30 November 2025<\/strong> <sub>*Authors who wish to publish their paper in a journal are responsible for identifying and contacting the publisher independently.<\/sub><\/p>\n\n\n\n<p><\/p>\n\n\n\n<p><br><strong>The presentations should focus on one of the thematic sessions:<\/strong><br>A.\tEU Taxonomy<br>B.\tDNSH<br>C.\tESG reporting<br>D.\tEnvironmental Impact Assessment<br>E.\tNature impact assessment<br>F.\tSocial impact assessment<\/p>\n\n\n\n<p>The oral presentations should be no longer than 10 minutes (with additional 5 minutes for questions). <br>Poster presentations will be scheduled for a 1-2h session.<br>Presenting your work at the symposium requires at least one co-author to register and pay the Registration fee.<br>The abstracts will be published in the printed and electronic (web) Book of Abstracts.<\/p>\n\n\n\n<h2 class=\"wp-block-heading\">Instructions to submit your abstract<\/h2>\n\n\n\n<p><strong>Language:<\/strong> abstract may be written in English or author's native language (Latin characters) but with a complete translation to English<br><strong>Contents: <\/strong>The abstract should clearly summarize your topic\u2019s objective, key findings, and a concise conclusion.<br><strong>Keywords:<\/strong> Include up to 5 relevant keywords separated by commas.<br><strong>Length:<\/strong> The abstract is limited to 1500 characters, including spaces.<br><strong>Presentation type:<\/strong>Please indicate if you prefer oral presentation or poster<br><strong>Format: <\/strong>.doc\/x<br><strong>Document title: <\/strong>Preferred theme letter (see above theme tag letters A-F) and surname of first author: e.g. C_Mikulic.docx<br><strong>Template:<\/strong> Click the link below to download the template for preparing an abstract.<br><strong>Submission:<\/strong> By email to <strong>rsfia@huszpo.hr <\/strong>with subject line: <strong>Abstract submission<\/strong><\/p>\n\n\n\n<p><\/p>\n\n\n\n<p><\/p>\n\n\n\n<h3 class=\"wp-block-heading\" id=\"dokumenti-za-preuzimanje\"><strong>Download files<\/strong><\/h3>\n\n\n\n<p><strong><a href=\"https:\/\/huszpo-konferencija.com\/wp-content\/uploads\/2025\/05\/Upute-za-autore_2025.pdf\">Instructions to submit your abstract<\/a><\/strong><\/p>\n\n\n\n<p><a href=\"https:\/\/huszpo-konferencija.com\/wp-content\/uploads\/2025\/05\/Abstract_form_2025-2.docx\">Template for abstract submission<\/a><\/p>\n\n\n\n<p><a href=\"https:\/\/huszpo-konferencija.com\/wp-content\/uploads\/2025\/06\/Author-instructions_topics-1.pdf\">List of topics<\/a><\/p>","protected":false},"excerpt":{"rendered":"<p>Va\u017eni datumi Prijava sa\u017eetaka \u2013 do 31. srpnja 2025.Obavijest o prihva\u0107anju \u2013 do 15. kolovoza 2025.Predaja prezentacija \u2013 do 30. rujna 2025. Predaja radova za Zbornik sa\u017eetaka &#8211; do 30. studenog 2025. *Autori koji \u017eele objaviti svoj rad u \u010dasopisu sami su odgovorni za pronalazak i kontaktiranje izdava\u010da Prezentacije se trebaju napisati u sklopu na&hellip;&nbsp;<a href=\"http:\/\/huszpo-konferencija.com\/en\/upute_za_autore\/\" rel=\"bookmark\">Read More &raquo;<span class=\"screen-reader-text\">Author instructions<\/span><\/a><\/p>","protected":false},"author":6,"featured_media":0,"parent":0,"menu_order":0,"comment_status":"closed","ping_status":"closed","template":"","meta":{"_uag_custom_page_level_css":"","neve_meta_sidebar":"","neve_meta_container":"","neve_meta_enable_content_width":"","neve_meta_content_width":0,"neve_meta_title_alignment":"","neve_meta_author_avatar":"","neve_post_elements_order":"","neve_meta_disable_header":"","neve_meta_disable_footer":"","neve_meta_disable_title":"","_themeisle_gutenberg_block_has_review":false,"footnotes":""},"class_list":["post-33","page","type-page","status-publish","hentry"],"yoast_head":"<!-- This site is optimized with the Yoast SEO plugin v24.2 - https:\/\/yoast.com\/wordpress\/plugins\/seo\/ -->\n<title>Upute za autore - Konferencija Okoli\u0161ne procjene i Europski zeleni plan &#039;22<\/title>\n<meta name=\"robots\" content=\"index, follow, max-snippet:-1, max-image-preview:large, max-video-preview:-1\" \/>\n<link rel=\"canonical\" href=\"https:\/\/huszpo-konferencija.com\/en\/upute_za_autore\/\" \/>\n<meta property=\"og:locale\" content=\"en_US\" \/>\n<meta property=\"og:type\" content=\"article\" \/>\n<meta property=\"og:title\" content=\"Upute za autore - Konferencija Okoli\u0161ne procjene i Europski zeleni plan &#039;22\" \/>\n<meta property=\"og:description\" content=\"Va\u017eni datumi Prijava sa\u017eetaka \u2013 do 31. srpnja 2025.Obavijest o prihva\u0107anju \u2013 do 15. kolovoza 2025.Predaja prezentacija \u2013 do 30. rujna 2025. Predaja radova za Zbornik sa\u017eetaka &#8211; do 30. studenog 2025. *Autori koji \u017eele objaviti svoj rad u \u010dasopisu sami su odgovorni za pronalazak i kontaktiranje izdava\u010da Prezentacije se trebaju napisati u sklopu na&hellip;&nbsp;Read More &raquo;Upute za autore\" \/>\n<meta property=\"og:url\" content=\"https:\/\/huszpo-konferencija.com\/en\/upute_za_autore\/\" \/>\n<meta property=\"og:site_name\" content=\"Konferencija Okoli\u0161ne procjene i Europski zeleni plan &#039;22\" \/>\n<meta property=\"article:publisher\" content=\"https:\/\/www.facebook.com\/HUSZPO-107221977694653\/\" \/>\n<meta property=\"article:modified_time\" content=\"2025-10-07T11:17:26+00:00\" \/>\n<meta name=\"twitter:card\" content=\"summary_large_image\" \/>\n<meta name=\"twitter:site\" content=\"@huszpo\" \/>\n<meta name=\"twitter:label1\" content=\"Est. reading time\" \/>\n\t<meta name=\"twitter:data1\" content=\"2 minutes\" \/>\n<script type=\"application\/ld+json\" class=\"yoast-schema-graph\">{\"@context\":\"https:\/\/schema.org\",\"@graph\":[{\"@type\":\"WebPage\",\"@id\":\"https:\/\/huszpo-konferencija.com\/upute_za_autore\/\",\"url\":\"https:\/\/huszpo-konferencija.com\/upute_za_autore\/\",\"name\":\"Upute za autore - Konferencija Okoli\u0161ne procjene i Europski zeleni plan &#039;22\",\"isPartOf\":{\"@id\":\"https:\/\/huszpo-konferencija.com\/#website\"},\"datePublished\":\"2013-01-19T18:31:07+00:00\",\"dateModified\":\"2025-10-07T11:17:26+00:00\",\"breadcrumb\":{\"@id\":\"https:\/\/huszpo-konferencija.com\/upute_za_autore\/#breadcrumb\"},\"inLanguage\":\"en-US\",\"potentialAction\":[{\"@type\":\"ReadAction\",\"target\":[\"https:\/\/huszpo-konferencija.com\/upute_za_autore\/\"]}]},{\"@type\":\"BreadcrumbList\",\"@id\":\"https:\/\/huszpo-konferencija.com\/upute_za_autore\/#breadcrumb\",\"itemListElement\":[{\"@type\":\"ListItem\",\"position\":1,\"name\":\"Naslovna\",\"item\":\"https:\/\/huszpo-konferencija.com\/\"},{\"@type\":\"ListItem\",\"position\":2,\"name\":\"Upute za autore\"}]},{\"@type\":\"WebSite\",\"@id\":\"https:\/\/huszpo-konferencija.com\/#website\",\"url\":\"https:\/\/huszpo-konferencija.com\/\",\"name\":\"Konferencija Okoli\u0161ne procjene i Europski zeleni plan\",\"description\":\"Konferencija Okoli\u0161ne procjene i Europski zeleni plan &#039;22\",\"publisher\":{\"@id\":\"https:\/\/huszpo-konferencija.com\/#organization\"},\"potentialAction\":[{\"@type\":\"SearchAction\",\"target\":{\"@type\":\"EntryPoint\",\"urlTemplate\":\"https:\/\/huszpo-konferencija.com\/?s={search_term_string}\"},\"query-input\":{\"@type\":\"PropertyValueSpecification\",\"valueRequired\":true,\"valueName\":\"search_term_string\"}}],\"inLanguage\":\"en-US\"},{\"@type\":\"Organization\",\"@id\":\"https:\/\/huszpo-konferencija.com\/#organization\",\"name\":\"HUSZPO\",\"url\":\"https:\/\/huszpo-konferencija.com\/\",\"logo\":{\"@type\":\"ImageObject\",\"inLanguage\":\"en-US\",\"@id\":\"https:\/\/huszpo-konferencija.com\/#\/schema\/logo\/image\/\",\"url\":\"https:\/\/huszpo-konferencija.com\/wp-content\/uploads\/2021\/10\/cropped-cropped-cropped-Logo.png\",\"contentUrl\":\"https:\/\/huszpo-konferencija.com\/wp-content\/uploads\/2021\/10\/cropped-cropped-cropped-Logo.png\",\"width\":512,\"height\":512,\"caption\":\"HUSZPO\"},\"image\":{\"@id\":\"https:\/\/huszpo-konferencija.com\/#\/schema\/logo\/image\/\"},\"sameAs\":[\"https:\/\/www.facebook.com\/HUSZPO-107221977694653\/\",\"https:\/\/x.com\/huszpo\",\"https:\/\/www.instagram.com\/huszpo\",\"https:\/\/www.linkedin.com\/in\/huszpo-hrvatska-udruga-stru\u010dnjaka-za\u0161tite-prirode-i-okoli\u0161a-2a52481b2\/?originalSubdomain=hr\"]}]}<\/script>\n<!-- \/ Yoast SEO plugin. -->","yoast_head_json":{"title":"Upute za autore - Konferencija Okoli\u0161ne procjene i Europski zeleni plan &#039;22","robots":{"index":"index","follow":"follow","max-snippet":"max-snippet:-1","max-image-preview":"max-image-preview:large","max-video-preview":"max-video-preview:-1"},"canonical":"https:\/\/huszpo-konferencija.com\/en\/upute_za_autore\/","og_locale":"en_US","og_type":"article","og_title":"Upute za autore - Konferencija Okoli\u0161ne procjene i Europski zeleni plan &#039;22","og_description":"Va\u017eni datumi Prijava sa\u017eetaka \u2013 do 31. srpnja 2025.Obavijest o prihva\u0107anju \u2013 do 15. kolovoza 2025.Predaja prezentacija \u2013 do 30. rujna 2025. Predaja radova za Zbornik sa\u017eetaka &#8211; do 30. studenog 2025. *Autori koji \u017eele objaviti svoj rad u \u010dasopisu sami su odgovorni za pronalazak i kontaktiranje izdava\u010da Prezentacije se trebaju napisati u sklopu na&hellip;&nbsp;Read More &raquo;Upute za autore","og_url":"https:\/\/huszpo-konferencija.com\/en\/upute_za_autore\/","og_site_name":"Konferencija Okoli\u0161ne procjene i Europski zeleni plan &#039;22","article_publisher":"https:\/\/www.facebook.com\/HUSZPO-107221977694653\/","article_modified_time":"2025-10-07T11:17:26+00:00","twitter_card":"summary_large_image","twitter_site":"@huszpo","twitter_misc":{"Est. reading time":"2 minutes"},"schema":{"@context":"https:\/\/schema.org","@graph":[{"@type":"WebPage","@id":"https:\/\/huszpo-konferencija.com\/upute_za_autore\/","url":"https:\/\/huszpo-konferencija.com\/upute_za_autore\/","name":"Upute za autore - Konferencija Okoli\u0161ne procjene i Europski zeleni plan &#039;22","isPartOf":{"@id":"https:\/\/huszpo-konferencija.com\/#website"},"datePublished":"2013-01-19T18:31:07+00:00","dateModified":"2025-10-07T11:17:26+00:00","breadcrumb":{"@id":"https:\/\/huszpo-konferencija.com\/upute_za_autore\/#breadcrumb"},"inLanguage":"en-US","potentialAction":[{"@type":"ReadAction","target":["https:\/\/huszpo-konferencija.com\/upute_za_autore\/"]}]},{"@type":"BreadcrumbList","@id":"https:\/\/huszpo-konferencija.com\/upute_za_autore\/#breadcrumb","itemListElement":[{"@type":"ListItem","position":1,"name":"Naslovna","item":"https:\/\/huszpo-konferencija.com\/"},{"@type":"ListItem","position":2,"name":"Upute za autore"}]},{"@type":"WebSite","@id":"https:\/\/huszpo-konferencija.com\/#website","url":"https:\/\/huszpo-konferencija.com\/","name":"Konferencija Okoli\u0161ne procjene i Europski zeleni plan","description":"Konferencija Okoli\u0161ne procjene i Europski zeleni plan &#039;22","publisher":{"@id":"https:\/\/huszpo-konferencija.com\/#organization"},"potentialAction":[{"@type":"SearchAction","target":{"@type":"EntryPoint","urlTemplate":"https:\/\/huszpo-konferencija.com\/?s={search_term_string}"},"query-input":{"@type":"PropertyValueSpecification","valueRequired":true,"valueName":"search_term_string"}}],"inLanguage":"en-US"},{"@type":"Organization","@id":"https:\/\/huszpo-konferencija.com\/#organization","name":"HUSZPO","url":"https:\/\/huszpo-konferencija.com\/","logo":{"@type":"ImageObject","inLanguage":"en-US","@id":"https:\/\/huszpo-konferencija.com\/#\/schema\/logo\/image\/","url":"https:\/\/huszpo-konferencija.com\/wp-content\/uploads\/2021\/10\/cropped-cropped-cropped-Logo.png","contentUrl":"https:\/\/huszpo-konferencija.com\/wp-content\/uploads\/2021\/10\/cropped-cropped-cropped-Logo.png","width":512,"height":512,"caption":"HUSZPO"},"image":{"@id":"https:\/\/huszpo-konferencija.com\/#\/schema\/logo\/image\/"},"sameAs":["https:\/\/www.facebook.com\/HUSZPO-107221977694653\/","https:\/\/x.com\/huszpo","https:\/\/www.instagram.com\/huszpo","https:\/\/www.linkedin.com\/in\/huszpo-hrvatska-udruga-stru\u010dnjaka-za\u0161tite-prirode-i-okoli\u0161a-2a52481b2\/?originalSubdomain=hr"]}]}},"uagb_featured_image_src":{"full":false,"thumbnail":false,"medium":false,"medium_large":false,"large":false,"gs-tiny":false,"xl":false,"xxl":false,"xxxl":false,"xxxxl":false,"xxxxxl":false,"1536x1536":false,"2048x2048":false,"trp-custom-language-flag":false,"neve-blog":false},"uagb_author_info":{"display_name":"Jelena Fressl","author_link":"http:\/\/huszpo-konferencija.com\/en\/author\/jelena-fressldvokut-ecro-hr\/"},"uagb_comment_info":0,"uagb_excerpt":"Va\u017eni datumi Prijava sa\u017eetaka \u2013 do 31. srpnja 2025.Obavijest o prihva\u0107anju \u2013 do 15. kolovoza 2025.Predaja prezentacija \u2013 do 30. rujna 2025. Predaja radova za Zbornik sa\u017eetaka &#8211; do 30. studenog 2025. *Autori koji \u017eele objaviti svoj rad u \u010dasopisu sami su odgovorni za pronalazak i kontaktiranje izdava\u010da Prezentacije se trebaju napisati u sklopu na&hellip;&nbsp;Read&hellip;","_links":{"self":[{"href":"http:\/\/huszpo-konferencija.com\/en\/wp-json\/wp\/v2\/pages\/33","targetHints":{"allow":["GET"]}}],"collection":[{"href":"http:\/\/huszpo-konferencija.com\/en\/wp-json\/wp\/v2\/pages"}],"about":[{"href":"http:\/\/huszpo-konferencija.com\/en\/wp-json\/wp\/v2\/types\/page"}],"author":[{"embeddable":true,"href":"http:\/\/huszpo-konferencija.com\/en\/wp-json\/wp\/v2\/users\/6"}],"replies":[{"embeddable":true,"href":"http:\/\/huszpo-konferencija.com\/en\/wp-json\/wp\/v2\/comments?post=33"}],"version-history":[{"count":270,"href":"http:\/\/huszpo-konferencija.com\/en\/wp-json\/wp\/v2\/pages\/33\/revisions"}],"predecessor-version":[{"id":5818,"href":"http:\/\/huszpo-konferencija.com\/en\/wp-json\/wp\/v2\/pages\/33\/revisions\/5818"}],"wp:attachment":[{"href":"http:\/\/huszpo-konferencija.com\/en\/wp-json\/wp\/v2\/media?parent=33"}],"curies":[{"name":"wp","href":"https:\/\/api.w.org\/{rel}","templated":true}]}}