{"id":30,"date":"2013-01-19T18:23:51","date_gmt":"2013-01-19T18:23:51","guid":{"rendered":"http:\/\/www.konferencija.local\/?page_id=30"},"modified":"2025-09-22T14:56:24","modified_gmt":"2025-09-22T12:56:24","slug":"organizacijski-odbor","status":"publish","type":"page","link":"http:\/\/huszpo-konferencija.com\/en\/organizacijski-odbor\/","title":{"rendered":"Committees"},"content":{"rendered":"<p>U organizaciji konferencije <strong> Impact Assessment<\/strong> <strong>and<\/strong> <strong>EU Taxonomy: \u201cFrom Policy to Practice\u201d<\/strong> sudjeluju Organizacijski, Znanstveni i Savjetodavni odbor i Tehni\u010dki odbor te Tajni\u0161tvo.<\/p>\n\n\n\n<h2 class=\"wp-block-heading\" id=\"odbori-2022\">Odbori 2025.<\/h2>\n\n\n\n<h3 class=\"wp-block-heading\" id=\"predsjednik-organizacijskog-odbora\">President of the Organizing Committee:<\/h3>\n\n\n\n<p>Dr.sc. Nenad Mikuli\u0107, Hrvatska<\/p>\n\n\n\n<h3 class=\"wp-block-heading\" id=\"clanovi\">Members:<\/h3>\n\n\n\n<p class=\"ticss-99150c11\">Sanja Grguri\u0107, Croatia<br>Merica Pletikosi\u0107, Croatia<br>Mario Mesari\u0107, Croatia<br>Ilija \u0160mitran, Croatia<br>izv. prof. dr. sc.&nbsp;Lovorka Gotal Dmitrovi\u0107,  Hrvatska<br>Enes Obar\u010danin, Croatia<\/p>\n\n\n\n<p><\/p>\n\n\n\n<h3 class=\"wp-block-heading\" id=\"predsjednik-znanstvenog-odbora\">President of the Scientific Committee:<\/h3>\n\n\n\n<p>Prof.dr.sc. Roko Andri\u010devi\u0107<br><\/p>\n\n\n\n<p><\/p>\n\n\n\n<h3 class=\"wp-block-heading\" id=\"clanovi-znanstvenog-odbora\">Members of the Scientific Committee:<\/h3>\n\n\n\n<p>Prof. Tarzan Legovi\u0107, PhD<br>Adina Manuela Relicovschi<br>Prof. Oleg Antoni\u0107, PhD<br>Ivan Vu\u010dkovi\u0107, PhD.<br>Aljo\u0161a Dupli\u0107, PhD<\/p>\n\n\n\n<p><\/p>\n\n\n\n<p><\/p>\n\n\n\n<h3 class=\"wp-block-heading\" id=\"clanovi-savjetodavnog-odbora\">Members of the Advisory Committee:<\/h3>\n\n\n\n<p><\/p>\n\n\n\n<h3 class=\"wp-block-heading\" id=\"tajnistvo\">Secretariat:<\/h3>\n\n\n\n<p><br>Danijela \u0110akovi\u0107, Croatia<br>Maja Celin\u0161\u0107ak, Croatia<br><br><\/p>\n\n\n\n<p>You can see who were our honoured committee members at the previously held conferences by using the following links:<\/p>\n\n\n\n<p><a href=\"http:\/\/huszpo-konferencija.com\/en\/odbori-2013\/\">First Regional Conference on Environmental Impact Assessment, Zadar, 2013<\/a><\/p>\n\n\n\n<p><a href=\"http:\/\/huszpo-konferencija.com\/en\/odbori-2015\/\" data-type=\"URL\" data-id=\"https:\/\/www.huszpo-konferencija.com\/odbori-2015\/\">Second Regional Conference on Environmental Impact Assessment, Novi Vinodolski, 2015<\/a><\/p>\n\n\n\n<p><a href=\"http:\/\/huszpo-konferencija.com\/en\/odbori-2017\/\" data-type=\"URL\" data-id=\"https:\/\/www.huszpo-konferencija.com\/odbori-2017\/\">Third Regional Conference on Environmental Impact Assessment, Vodice, 2017<\/a><\/p>\n\n\n\n<p><a href=\"http:\/\/huszpo-konferencija.com\/en\/odbori-2019\/\" data-type=\"URL\" data-id=\"https:\/\/www.huszpo-konferencija.com\/odbori-2019\/\">Fourth Regional Conference on Environmental Impact Assessment, Vodice, 2019<\/a><\/p>\n\n\n\n<p><a id=\"_msocom_1\"><\/a><\/p>","protected":false},"excerpt":{"rendered":"<p>U organizaciji konferencije Impact Assessment and EU Taxonomy: \u201cFrom Policy to Practice\u201d sudjeluju Organizacijski, Znanstveni i Savjetodavni odbor i Tehni\u010dki odbor te Tajni\u0161tvo. Odbori 2025. Predsjednik Organizacijskog odbora: Dr.sc. Nenad Mikuli\u0107, Hrvatska \u010clanovi: Sanja Grguri\u0107, HrvatskaMerica Pletikosi\u0107, HrvatskaMario Mesari\u0107, HrvatskaIlija \u0160mitran, Hrvatskaizv. prof. dr. sc.&nbsp;Lovorka Gotal Dmitrovi\u0107, HrvatskaEnes Obar\u010danin, Hrvatska Predsjednik Znanstvenog odbora: Prof.dr.sc. Roko&hellip;&nbsp;<a href=\"http:\/\/huszpo-konferencija.com\/en\/organizacijski-odbor\/\" rel=\"bookmark\">Read More &raquo;<span class=\"screen-reader-text\">Committees<\/span><\/a><\/p>","protected":false},"author":2,"featured_media":0,"parent":0,"menu_order":0,"comment_status":"closed","ping_status":"closed","template":"","meta":{"_uag_custom_page_level_css":"","neve_meta_sidebar":"","neve_meta_container":"","neve_meta_enable_content_width":"","neve_meta_content_width":0,"neve_meta_title_alignment":"","neve_meta_author_avatar":"","neve_post_elements_order":"","neve_meta_disable_header":"","neve_meta_disable_footer":"","neve_meta_disable_title":"","_themeisle_gutenberg_block_has_review":false,"footnotes":""},"class_list":["post-30","page","type-page","status-publish","hentry"],"yoast_head":"<!-- This site is optimized with the Yoast SEO plugin v24.2 - https:\/\/yoast.com\/wordpress\/plugins\/seo\/ -->\n<title>Odbori - Konferencija Okoli\u0161ne procjene i Europski zeleni plan &#039;22<\/title>\n<meta name=\"robots\" content=\"index, follow, max-snippet:-1, max-image-preview:large, max-video-preview:-1\" \/>\n<link rel=\"canonical\" href=\"https:\/\/huszpo-konferencija.com\/en\/organizacijski-odbor\/\" \/>\n<meta property=\"og:locale\" content=\"en_US\" \/>\n<meta property=\"og:type\" content=\"article\" \/>\n<meta property=\"og:title\" content=\"Odbori - Konferencija Okoli\u0161ne procjene i Europski zeleni plan &#039;22\" \/>\n<meta property=\"og:description\" content=\"U organizaciji konferencije Impact Assessment and EU Taxonomy: \u201cFrom Policy to Practice\u201d sudjeluju Organizacijski, Znanstveni i Savjetodavni odbor i Tehni\u010dki odbor te Tajni\u0161tvo. Odbori 2025. Predsjednik Organizacijskog odbora: Dr.sc. Nenad Mikuli\u0107, Hrvatska \u010clanovi: Sanja Grguri\u0107, HrvatskaMerica Pletikosi\u0107, HrvatskaMario Mesari\u0107, HrvatskaIlija \u0160mitran, Hrvatskaizv. prof. dr. sc.&nbsp;Lovorka Gotal Dmitrovi\u0107, HrvatskaEnes Obar\u010danin, Hrvatska Predsjednik Znanstvenog odbora: Prof.dr.sc. Roko&hellip;&nbsp;Read More &raquo;Odbori\" \/>\n<meta property=\"og:url\" content=\"https:\/\/huszpo-konferencija.com\/en\/organizacijski-odbor\/\" \/>\n<meta property=\"og:site_name\" content=\"Konferencija Okoli\u0161ne procjene i Europski zeleni plan &#039;22\" \/>\n<meta property=\"article:publisher\" content=\"https:\/\/www.facebook.com\/HUSZPO-107221977694653\/\" \/>\n<meta property=\"article:modified_time\" content=\"2025-09-22T12:56:24+00:00\" \/>\n<meta name=\"twitter:card\" content=\"summary_large_image\" \/>\n<meta name=\"twitter:site\" content=\"@huszpo\" \/>\n<meta name=\"twitter:label1\" content=\"Est. reading time\" \/>\n\t<meta name=\"twitter:data1\" content=\"1 minute\" \/>\n<script type=\"application\/ld+json\" class=\"yoast-schema-graph\">{\"@context\":\"https:\/\/schema.org\",\"@graph\":[{\"@type\":\"WebPage\",\"@id\":\"https:\/\/huszpo-konferencija.com\/organizacijski-odbor\/\",\"url\":\"https:\/\/huszpo-konferencija.com\/organizacijski-odbor\/\",\"name\":\"Odbori - Konferencija Okoli\u0161ne procjene i Europski zeleni plan &#039;22\",\"isPartOf\":{\"@id\":\"https:\/\/huszpo-konferencija.com\/#website\"},\"datePublished\":\"2013-01-19T18:23:51+00:00\",\"dateModified\":\"2025-09-22T12:56:24+00:00\",\"breadcrumb\":{\"@id\":\"https:\/\/huszpo-konferencija.com\/organizacijski-odbor\/#breadcrumb\"},\"inLanguage\":\"en-US\",\"potentialAction\":[{\"@type\":\"ReadAction\",\"target\":[\"https:\/\/huszpo-konferencija.com\/organizacijski-odbor\/\"]}]},{\"@type\":\"BreadcrumbList\",\"@id\":\"https:\/\/huszpo-konferencija.com\/organizacijski-odbor\/#breadcrumb\",\"itemListElement\":[{\"@type\":\"ListItem\",\"position\":1,\"name\":\"Naslovna\",\"item\":\"https:\/\/huszpo-konferencija.com\/\"},{\"@type\":\"ListItem\",\"position\":2,\"name\":\"Odbori\"}]},{\"@type\":\"WebSite\",\"@id\":\"https:\/\/huszpo-konferencija.com\/#website\",\"url\":\"https:\/\/huszpo-konferencija.com\/\",\"name\":\"Konferencija Okoli\u0161ne procjene i Europski zeleni plan\",\"description\":\"Konferencija Okoli\u0161ne procjene i Europski zeleni plan &#039;22\",\"publisher\":{\"@id\":\"https:\/\/huszpo-konferencija.com\/#organization\"},\"potentialAction\":[{\"@type\":\"SearchAction\",\"target\":{\"@type\":\"EntryPoint\",\"urlTemplate\":\"https:\/\/huszpo-konferencija.com\/?s={search_term_string}\"},\"query-input\":{\"@type\":\"PropertyValueSpecification\",\"valueRequired\":true,\"valueName\":\"search_term_string\"}}],\"inLanguage\":\"en-US\"},{\"@type\":\"Organization\",\"@id\":\"https:\/\/huszpo-konferencija.com\/#organization\",\"name\":\"HUSZPO\",\"url\":\"https:\/\/huszpo-konferencija.com\/\",\"logo\":{\"@type\":\"ImageObject\",\"inLanguage\":\"en-US\",\"@id\":\"https:\/\/huszpo-konferencija.com\/#\/schema\/logo\/image\/\",\"url\":\"https:\/\/huszpo-konferencija.com\/wp-content\/uploads\/2021\/10\/cropped-cropped-cropped-Logo.png\",\"contentUrl\":\"https:\/\/huszpo-konferencija.com\/wp-content\/uploads\/2021\/10\/cropped-cropped-cropped-Logo.png\",\"width\":512,\"height\":512,\"caption\":\"HUSZPO\"},\"image\":{\"@id\":\"https:\/\/huszpo-konferencija.com\/#\/schema\/logo\/image\/\"},\"sameAs\":[\"https:\/\/www.facebook.com\/HUSZPO-107221977694653\/\",\"https:\/\/x.com\/huszpo\",\"https:\/\/www.instagram.com\/huszpo\",\"https:\/\/www.linkedin.com\/in\/huszpo-hrvatska-udruga-stru\u010dnjaka-za\u0161tite-prirode-i-okoli\u0161a-2a52481b2\/?originalSubdomain=hr\"]}]}<\/script>\n<!-- \/ Yoast SEO plugin. -->","yoast_head_json":{"title":"Odbori - Konferencija Okoli\u0161ne procjene i Europski zeleni plan &#039;22","robots":{"index":"index","follow":"follow","max-snippet":"max-snippet:-1","max-image-preview":"max-image-preview:large","max-video-preview":"max-video-preview:-1"},"canonical":"https:\/\/huszpo-konferencija.com\/en\/organizacijski-odbor\/","og_locale":"en_US","og_type":"article","og_title":"Odbori - Konferencija Okoli\u0161ne procjene i Europski zeleni plan &#039;22","og_description":"U organizaciji konferencije Impact Assessment and EU Taxonomy: \u201cFrom Policy to Practice\u201d sudjeluju Organizacijski, Znanstveni i Savjetodavni odbor i Tehni\u010dki odbor te Tajni\u0161tvo. Odbori 2025. Predsjednik Organizacijskog odbora: Dr.sc. Nenad Mikuli\u0107, Hrvatska \u010clanovi: Sanja Grguri\u0107, HrvatskaMerica Pletikosi\u0107, HrvatskaMario Mesari\u0107, HrvatskaIlija \u0160mitran, Hrvatskaizv. prof. dr. sc.&nbsp;Lovorka Gotal Dmitrovi\u0107, HrvatskaEnes Obar\u010danin, Hrvatska Predsjednik Znanstvenog odbora: Prof.dr.sc. Roko&hellip;&nbsp;Read More &raquo;Odbori","og_url":"https:\/\/huszpo-konferencija.com\/en\/organizacijski-odbor\/","og_site_name":"Konferencija Okoli\u0161ne procjene i Europski zeleni plan &#039;22","article_publisher":"https:\/\/www.facebook.com\/HUSZPO-107221977694653\/","article_modified_time":"2025-09-22T12:56:24+00:00","twitter_card":"summary_large_image","twitter_site":"@huszpo","twitter_misc":{"Est. reading time":"1 minute"},"schema":{"@context":"https:\/\/schema.org","@graph":[{"@type":"WebPage","@id":"https:\/\/huszpo-konferencija.com\/organizacijski-odbor\/","url":"https:\/\/huszpo-konferencija.com\/organizacijski-odbor\/","name":"Odbori - Konferencija Okoli\u0161ne procjene i Europski zeleni plan &#039;22","isPartOf":{"@id":"https:\/\/huszpo-konferencija.com\/#website"},"datePublished":"2013-01-19T18:23:51+00:00","dateModified":"2025-09-22T12:56:24+00:00","breadcrumb":{"@id":"https:\/\/huszpo-konferencija.com\/organizacijski-odbor\/#breadcrumb"},"inLanguage":"en-US","potentialAction":[{"@type":"ReadAction","target":["https:\/\/huszpo-konferencija.com\/organizacijski-odbor\/"]}]},{"@type":"BreadcrumbList","@id":"https:\/\/huszpo-konferencija.com\/organizacijski-odbor\/#breadcrumb","itemListElement":[{"@type":"ListItem","position":1,"name":"Naslovna","item":"https:\/\/huszpo-konferencija.com\/"},{"@type":"ListItem","position":2,"name":"Odbori"}]},{"@type":"WebSite","@id":"https:\/\/huszpo-konferencija.com\/#website","url":"https:\/\/huszpo-konferencija.com\/","name":"Konferencija Okoli\u0161ne procjene i Europski zeleni plan","description":"Konferencija Okoli\u0161ne procjene i Europski zeleni plan &#039;22","publisher":{"@id":"https:\/\/huszpo-konferencija.com\/#organization"},"potentialAction":[{"@type":"SearchAction","target":{"@type":"EntryPoint","urlTemplate":"https:\/\/huszpo-konferencija.com\/?s={search_term_string}"},"query-input":{"@type":"PropertyValueSpecification","valueRequired":true,"valueName":"search_term_string"}}],"inLanguage":"en-US"},{"@type":"Organization","@id":"https:\/\/huszpo-konferencija.com\/#organization","name":"HUSZPO","url":"https:\/\/huszpo-konferencija.com\/","logo":{"@type":"ImageObject","inLanguage":"en-US","@id":"https:\/\/huszpo-konferencija.com\/#\/schema\/logo\/image\/","url":"https:\/\/huszpo-konferencija.com\/wp-content\/uploads\/2021\/10\/cropped-cropped-cropped-Logo.png","contentUrl":"https:\/\/huszpo-konferencija.com\/wp-content\/uploads\/2021\/10\/cropped-cropped-cropped-Logo.png","width":512,"height":512,"caption":"HUSZPO"},"image":{"@id":"https:\/\/huszpo-konferencija.com\/#\/schema\/logo\/image\/"},"sameAs":["https:\/\/www.facebook.com\/HUSZPO-107221977694653\/","https:\/\/x.com\/huszpo","https:\/\/www.instagram.com\/huszpo","https:\/\/www.linkedin.com\/in\/huszpo-hrvatska-udruga-stru\u010dnjaka-za\u0161tite-prirode-i-okoli\u0161a-2a52481b2\/?originalSubdomain=hr"]}]}},"uagb_featured_image_src":{"full":false,"thumbnail":false,"medium":false,"medium_large":false,"large":false,"gs-tiny":false,"xl":false,"xxl":false,"xxxl":false,"xxxxl":false,"xxxxxl":false,"1536x1536":false,"2048x2048":false,"trp-custom-language-flag":false,"neve-blog":false},"uagb_author_info":{"display_name":"Tajana Uzelac","author_link":"http:\/\/huszpo-konferencija.com\/en\/author\/tajana_uzelac\/"},"uagb_comment_info":0,"uagb_excerpt":"U organizaciji konferencije Impact Assessment and EU Taxonomy: \u201cFrom Policy to Practice\u201d sudjeluju Organizacijski, Znanstveni i Savjetodavni odbor i Tehni\u010dki odbor te Tajni\u0161tvo. Odbori 2025. Predsjednik Organizacijskog odbora: Dr.sc. Nenad Mikuli\u0107, Hrvatska \u010clanovi: Sanja Grguri\u0107, HrvatskaMerica Pletikosi\u0107, HrvatskaMario Mesari\u0107, HrvatskaIlija \u0160mitran, Hrvatskaizv. prof. dr. sc.&nbsp;Lovorka Gotal Dmitrovi\u0107, HrvatskaEnes Obar\u010danin, Hrvatska Predsjednik Znanstvenog odbora: Prof.dr.sc. Roko&hellip;&nbsp;Read&hellip;","_links":{"self":[{"href":"http:\/\/huszpo-konferencija.com\/en\/wp-json\/wp\/v2\/pages\/30","targetHints":{"allow":["GET"]}}],"collection":[{"href":"http:\/\/huszpo-konferencija.com\/en\/wp-json\/wp\/v2\/pages"}],"about":[{"href":"http:\/\/huszpo-konferencija.com\/en\/wp-json\/wp\/v2\/types\/page"}],"author":[{"embeddable":true,"href":"http:\/\/huszpo-konferencija.com\/en\/wp-json\/wp\/v2\/users\/2"}],"replies":[{"embeddable":true,"href":"http:\/\/huszpo-konferencija.com\/en\/wp-json\/wp\/v2\/comments?post=30"}],"version-history":[{"count":183,"href":"http:\/\/huszpo-konferencija.com\/en\/wp-json\/wp\/v2\/pages\/30\/revisions"}],"predecessor-version":[{"id":5776,"href":"http:\/\/huszpo-konferencija.com\/en\/wp-json\/wp\/v2\/pages\/30\/revisions\/5776"}],"wp:attachment":[{"href":"http:\/\/huszpo-konferencija.com\/en\/wp-json\/wp\/v2\/media?parent=30"}],"curies":[{"name":"wp","href":"https:\/\/api.w.org\/{rel}","templated":true}]}}