{"id":270,"date":"2013-07-22T15:03:23","date_gmt":"2013-07-22T15:03:23","guid":{"rendered":"http:\/\/www.huszpo-konferencija.com\/?page_id=270"},"modified":"2025-09-27T19:41:14","modified_gmt":"2025-09-27T17:41:14","slug":"program-2","status":"publish","type":"page","link":"http:\/\/huszpo-konferencija.com\/en\/program-2\/","title":{"rendered":"Agenda"},"content":{"rendered":"<h3 class=\"wp-block-heading\"><a href=\"https:\/\/huszpo-konferencija.com\/wp-content\/uploads\/2025\/09\/HUSZPO_25_Opatija_Agenda_ENG.pdf\">Conference Agenda <\/a><\/h3>\n\n\n\n<ul class=\"wp-block-list\">\n<li><\/li>\n<\/ul>\n\n\n\n<div class=\"wp-block-buttons is-layout-flex wp-block-buttons-is-layout-flex\"><\/div>","protected":false},"excerpt":{"rendered":"<p>Conference Agenda<\/p>","protected":false},"author":6,"featured_media":0,"parent":0,"menu_order":0,"comment_status":"closed","ping_status":"closed","template":"","meta":{"_uag_custom_page_level_css":"","neve_meta_sidebar":"","neve_meta_container":"","neve_meta_enable_content_width":"","neve_meta_content_width":0,"neve_meta_title_alignment":"","neve_meta_author_avatar":"","neve_post_elements_order":"","neve_meta_disable_header":"","neve_meta_disable_footer":"","neve_meta_disable_title":"","_themeisle_gutenberg_block_has_review":false,"footnotes":""},"class_list":["post-270","page","type-page","status-publish","hentry"],"yoast_head":"<!-- This site is optimized with the Yoast SEO plugin v24.2 - https:\/\/yoast.com\/wordpress\/plugins\/seo\/ -->\n<title>Program - Konferencija Okoli\u0161ne procjene i Europski zeleni plan &#039;22<\/title>\n<meta name=\"robots\" content=\"index, follow, max-snippet:-1, max-image-preview:large, max-video-preview:-1\" \/>\n<link rel=\"canonical\" href=\"https:\/\/huszpo-konferencija.com\/en\/program-2\/\" \/>\n<meta property=\"og:locale\" content=\"en_US\" \/>\n<meta property=\"og:type\" content=\"article\" \/>\n<meta property=\"og:title\" content=\"Program - Konferencija Okoli\u0161ne procjene i Europski zeleni plan &#039;22\" \/>\n<meta property=\"og:description\" content=\"Program konferencije\" \/>\n<meta property=\"og:url\" content=\"https:\/\/huszpo-konferencija.com\/en\/program-2\/\" \/>\n<meta property=\"og:site_name\" content=\"Konferencija Okoli\u0161ne procjene i Europski zeleni plan &#039;22\" \/>\n<meta property=\"article:publisher\" content=\"https:\/\/www.facebook.com\/HUSZPO-107221977694653\/\" \/>\n<meta property=\"article:modified_time\" content=\"2025-09-27T17:41:14+00:00\" \/>\n<meta name=\"twitter:card\" content=\"summary_large_image\" \/>\n<meta name=\"twitter:site\" content=\"@huszpo\" \/>\n<meta name=\"twitter:label1\" content=\"Est. reading time\" \/>\n\t<meta name=\"twitter:data1\" content=\"1 minute\" \/>\n<script type=\"application\/ld+json\" class=\"yoast-schema-graph\">{\"@context\":\"https:\/\/schema.org\",\"@graph\":[{\"@type\":\"WebPage\",\"@id\":\"https:\/\/huszpo-konferencija.com\/program-2\/\",\"url\":\"https:\/\/huszpo-konferencija.com\/program-2\/\",\"name\":\"Program - Konferencija Okoli\u0161ne procjene i Europski zeleni plan &#039;22\",\"isPartOf\":{\"@id\":\"https:\/\/huszpo-konferencija.com\/#website\"},\"datePublished\":\"2013-07-22T15:03:23+00:00\",\"dateModified\":\"2025-09-27T17:41:14+00:00\",\"breadcrumb\":{\"@id\":\"https:\/\/huszpo-konferencija.com\/program-2\/#breadcrumb\"},\"inLanguage\":\"en-US\",\"potentialAction\":[{\"@type\":\"ReadAction\",\"target\":[\"https:\/\/huszpo-konferencija.com\/program-2\/\"]}]},{\"@type\":\"BreadcrumbList\",\"@id\":\"https:\/\/huszpo-konferencija.com\/program-2\/#breadcrumb\",\"itemListElement\":[{\"@type\":\"ListItem\",\"position\":1,\"name\":\"Naslovna\",\"item\":\"https:\/\/huszpo-konferencija.com\/\"},{\"@type\":\"ListItem\",\"position\":2,\"name\":\"Program\"}]},{\"@type\":\"WebSite\",\"@id\":\"https:\/\/huszpo-konferencija.com\/#website\",\"url\":\"https:\/\/huszpo-konferencija.com\/\",\"name\":\"Konferencija Okoli\u0161ne procjene i Europski zeleni plan\",\"description\":\"Konferencija Okoli\u0161ne procjene i Europski zeleni plan &#039;22\",\"publisher\":{\"@id\":\"https:\/\/huszpo-konferencija.com\/#organization\"},\"potentialAction\":[{\"@type\":\"SearchAction\",\"target\":{\"@type\":\"EntryPoint\",\"urlTemplate\":\"https:\/\/huszpo-konferencija.com\/?s={search_term_string}\"},\"query-input\":{\"@type\":\"PropertyValueSpecification\",\"valueRequired\":true,\"valueName\":\"search_term_string\"}}],\"inLanguage\":\"en-US\"},{\"@type\":\"Organization\",\"@id\":\"https:\/\/huszpo-konferencija.com\/#organization\",\"name\":\"HUSZPO\",\"url\":\"https:\/\/huszpo-konferencija.com\/\",\"logo\":{\"@type\":\"ImageObject\",\"inLanguage\":\"en-US\",\"@id\":\"https:\/\/huszpo-konferencija.com\/#\/schema\/logo\/image\/\",\"url\":\"https:\/\/huszpo-konferencija.com\/wp-content\/uploads\/2021\/10\/cropped-cropped-cropped-Logo.png\",\"contentUrl\":\"https:\/\/huszpo-konferencija.com\/wp-content\/uploads\/2021\/10\/cropped-cropped-cropped-Logo.png\",\"width\":512,\"height\":512,\"caption\":\"HUSZPO\"},\"image\":{\"@id\":\"https:\/\/huszpo-konferencija.com\/#\/schema\/logo\/image\/\"},\"sameAs\":[\"https:\/\/www.facebook.com\/HUSZPO-107221977694653\/\",\"https:\/\/x.com\/huszpo\",\"https:\/\/www.instagram.com\/huszpo\",\"https:\/\/www.linkedin.com\/in\/huszpo-hrvatska-udruga-stru\u010dnjaka-za\u0161tite-prirode-i-okoli\u0161a-2a52481b2\/?originalSubdomain=hr\"]}]}<\/script>\n<!-- \/ Yoast SEO plugin. -->","yoast_head_json":{"title":"Program - Konferencija Okoli\u0161ne procjene i Europski zeleni plan &#039;22","robots":{"index":"index","follow":"follow","max-snippet":"max-snippet:-1","max-image-preview":"max-image-preview:large","max-video-preview":"max-video-preview:-1"},"canonical":"https:\/\/huszpo-konferencija.com\/en\/program-2\/","og_locale":"en_US","og_type":"article","og_title":"Program - Konferencija Okoli\u0161ne procjene i Europski zeleni plan &#039;22","og_description":"Program konferencije","og_url":"https:\/\/huszpo-konferencija.com\/en\/program-2\/","og_site_name":"Konferencija Okoli\u0161ne procjene i Europski zeleni plan &#039;22","article_publisher":"https:\/\/www.facebook.com\/HUSZPO-107221977694653\/","article_modified_time":"2025-09-27T17:41:14+00:00","twitter_card":"summary_large_image","twitter_site":"@huszpo","twitter_misc":{"Est. reading time":"1 minute"},"schema":{"@context":"https:\/\/schema.org","@graph":[{"@type":"WebPage","@id":"https:\/\/huszpo-konferencija.com\/program-2\/","url":"https:\/\/huszpo-konferencija.com\/program-2\/","name":"Program - Konferencija Okoli\u0161ne procjene i Europski zeleni plan &#039;22","isPartOf":{"@id":"https:\/\/huszpo-konferencija.com\/#website"},"datePublished":"2013-07-22T15:03:23+00:00","dateModified":"2025-09-27T17:41:14+00:00","breadcrumb":{"@id":"https:\/\/huszpo-konferencija.com\/program-2\/#breadcrumb"},"inLanguage":"en-US","potentialAction":[{"@type":"ReadAction","target":["https:\/\/huszpo-konferencija.com\/program-2\/"]}]},{"@type":"BreadcrumbList","@id":"https:\/\/huszpo-konferencija.com\/program-2\/#breadcrumb","itemListElement":[{"@type":"ListItem","position":1,"name":"Naslovna","item":"https:\/\/huszpo-konferencija.com\/"},{"@type":"ListItem","position":2,"name":"Program"}]},{"@type":"WebSite","@id":"https:\/\/huszpo-konferencija.com\/#website","url":"https:\/\/huszpo-konferencija.com\/","name":"Konferencija Okoli\u0161ne procjene i Europski zeleni plan","description":"Konferencija Okoli\u0161ne procjene i Europski zeleni plan &#039;22","publisher":{"@id":"https:\/\/huszpo-konferencija.com\/#organization"},"potentialAction":[{"@type":"SearchAction","target":{"@type":"EntryPoint","urlTemplate":"https:\/\/huszpo-konferencija.com\/?s={search_term_string}"},"query-input":{"@type":"PropertyValueSpecification","valueRequired":true,"valueName":"search_term_string"}}],"inLanguage":"en-US"},{"@type":"Organization","@id":"https:\/\/huszpo-konferencija.com\/#organization","name":"HUSZPO","url":"https:\/\/huszpo-konferencija.com\/","logo":{"@type":"ImageObject","inLanguage":"en-US","@id":"https:\/\/huszpo-konferencija.com\/#\/schema\/logo\/image\/","url":"https:\/\/huszpo-konferencija.com\/wp-content\/uploads\/2021\/10\/cropped-cropped-cropped-Logo.png","contentUrl":"https:\/\/huszpo-konferencija.com\/wp-content\/uploads\/2021\/10\/cropped-cropped-cropped-Logo.png","width":512,"height":512,"caption":"HUSZPO"},"image":{"@id":"https:\/\/huszpo-konferencija.com\/#\/schema\/logo\/image\/"},"sameAs":["https:\/\/www.facebook.com\/HUSZPO-107221977694653\/","https:\/\/x.com\/huszpo","https:\/\/www.instagram.com\/huszpo","https:\/\/www.linkedin.com\/in\/huszpo-hrvatska-udruga-stru\u010dnjaka-za\u0161tite-prirode-i-okoli\u0161a-2a52481b2\/?originalSubdomain=hr"]}]}},"uagb_featured_image_src":{"full":false,"thumbnail":false,"medium":false,"medium_large":false,"large":false,"gs-tiny":false,"xl":false,"xxl":false,"xxxl":false,"xxxxl":false,"xxxxxl":false,"1536x1536":false,"2048x2048":false,"trp-custom-language-flag":false,"neve-blog":false},"uagb_author_info":{"display_name":"Jelena Fressl","author_link":"http:\/\/huszpo-konferencija.com\/en\/author\/jelena-fressldvokut-ecro-hr\/"},"uagb_comment_info":0,"uagb_excerpt":"Program konferencije","_links":{"self":[{"href":"http:\/\/huszpo-konferencija.com\/en\/wp-json\/wp\/v2\/pages\/270","targetHints":{"allow":["GET"]}}],"collection":[{"href":"http:\/\/huszpo-konferencija.com\/en\/wp-json\/wp\/v2\/pages"}],"about":[{"href":"http:\/\/huszpo-konferencija.com\/en\/wp-json\/wp\/v2\/types\/page"}],"author":[{"embeddable":true,"href":"http:\/\/huszpo-konferencija.com\/en\/wp-json\/wp\/v2\/users\/6"}],"replies":[{"embeddable":true,"href":"http:\/\/huszpo-konferencija.com\/en\/wp-json\/wp\/v2\/comments?post=270"}],"version-history":[{"count":185,"href":"http:\/\/huszpo-konferencija.com\/en\/wp-json\/wp\/v2\/pages\/270\/revisions"}],"predecessor-version":[{"id":5780,"href":"http:\/\/huszpo-konferencija.com\/en\/wp-json\/wp\/v2\/pages\/270\/revisions\/5780"}],"wp:attachment":[{"href":"http:\/\/huszpo-konferencija.com\/en\/wp-json\/wp\/v2\/media?parent=270"}],"curies":[{"name":"wp","href":"https:\/\/api.w.org\/{rel}","templated":true}]}}