{"id":215,"date":"2013-07-04T09:21:12","date_gmt":"2013-07-04T09:21:12","guid":{"rendered":"http:\/\/www.huszpo-konferencija.com\/?page_id=215"},"modified":"2025-10-04T15:06:29","modified_gmt":"2025-10-04T13:06:29","slug":"sponzori","status":"publish","type":"page","link":"http:\/\/huszpo-konferencija.com\/en\/sponzori\/","title":{"rendered":"Sponsors"},"content":{"rendered":"<h3 class=\"wp-block-heading\" id=\"odrzavanje-konferencija-o-procjeni-utjecaja-na-okolis-ne-bi-bilo-moguce-bez-potporenasih-sponzora\"><\/h3>\n\n\n\n<p><\/p>\n\n\n\n<h2 class=\"wp-block-heading\" id=\"glavni-sponzori\">Silver sponsors<\/h2>\n\n\n\n<figure class=\"wp-block-image size-full is-resized\"><img loading=\"lazy\" decoding=\"async\" width=\"1000\" height=\"600\" src=\"https:\/\/huszpo-konferencija.com\/wp-content\/uploads\/2025\/10\/cemex-new-logo-2023.webp\" alt=\"\" class=\"wp-image-5788\" style=\"width:231px;height:auto\" srcset=\"https:\/\/huszpo-konferencija.com\/wp-content\/uploads\/2025\/10\/cemex-new-logo-2023.webp 1000w, https:\/\/huszpo-konferencija.com\/wp-content\/uploads\/2025\/10\/cemex-new-logo-2023-300x180.webp 300w, https:\/\/huszpo-konferencija.com\/wp-content\/uploads\/2025\/10\/cemex-new-logo-2023-150x90.webp 150w, https:\/\/huszpo-konferencija.com\/wp-content\/uploads\/2025\/10\/cemex-new-logo-2023-768x461.webp 768w, https:\/\/huszpo-konferencija.com\/wp-content\/uploads\/2025\/10\/cemex-new-logo-2023-50x30.webp 50w, https:\/\/huszpo-konferencija.com\/wp-content\/uploads\/2025\/10\/cemex-new-logo-2023-18x12.webp 18w\" sizes=\"auto, (max-width: 1000px) 100vw, 1000px\" \/><\/figure>\n\n\n\n<figure class=\"wp-block-image size-full is-resized\"><a href=\"https:\/\/zadrugagranumsalis.hr\/\"><img decoding=\"async\" src=\"https:\/\/huszpo-konferencija.com\/wp-content\/uploads\/2025\/10\/zadruga-logo-fb6e8f.svg\" alt=\"\" class=\"wp-image-5800\" style=\"width:252px;height:auto\"\/><\/a><\/figure>\n\n\n\n<figure class=\"wp-block-image size-full is-resized\"><img loading=\"lazy\" decoding=\"async\" width=\"873\" height=\"454\" src=\"https:\/\/huszpo-konferencija.com\/wp-content\/uploads\/2025\/10\/his-logo-final-1.png\" alt=\"\" class=\"wp-image-5805\" style=\"width:220px;height:auto\" srcset=\"https:\/\/huszpo-konferencija.com\/wp-content\/uploads\/2025\/10\/his-logo-final-1.png 873w, https:\/\/huszpo-konferencija.com\/wp-content\/uploads\/2025\/10\/his-logo-final-1-300x156.png 300w, https:\/\/huszpo-konferencija.com\/wp-content\/uploads\/2025\/10\/his-logo-final-1-150x78.png 150w, https:\/\/huszpo-konferencija.com\/wp-content\/uploads\/2025\/10\/his-logo-final-1-768x399.png 768w, https:\/\/huszpo-konferencija.com\/wp-content\/uploads\/2025\/10\/his-logo-final-1-50x26.png 50w, https:\/\/huszpo-konferencija.com\/wp-content\/uploads\/2025\/10\/his-logo-final-1-18x9.png 18w\" sizes=\"auto, (max-width: 873px) 100vw, 873px\" \/><\/figure>\n\n\n\n<h2 class=\"wp-block-heading\">Bronze sponsors<\/h2>\n\n\n\n<figure class=\"wp-block-image size-full is-resized\"><a href=\"https:\/\/www.vodogradnja-rijeka.hr\/\"><img loading=\"lazy\" decoding=\"async\" width=\"689\" height=\"339\" src=\"https:\/\/huszpo-konferencija.com\/wp-content\/uploads\/2025\/10\/vodogradnja-logo-.png\" alt=\"\" class=\"wp-image-5793\" style=\"width:217px;height:auto\" srcset=\"https:\/\/huszpo-konferencija.com\/wp-content\/uploads\/2025\/10\/vodogradnja-logo-.png 689w, https:\/\/huszpo-konferencija.com\/wp-content\/uploads\/2025\/10\/vodogradnja-logo--300x148.png 300w, https:\/\/huszpo-konferencija.com\/wp-content\/uploads\/2025\/10\/vodogradnja-logo--150x74.png 150w, https:\/\/huszpo-konferencija.com\/wp-content\/uploads\/2025\/10\/vodogradnja-logo--50x25.png 50w, https:\/\/huszpo-konferencija.com\/wp-content\/uploads\/2025\/10\/vodogradnja-logo--18x9.png 18w\" sizes=\"auto, (max-width: 689px) 100vw, 689px\" \/><\/a><\/figure>\n\n\n\n<figure class=\"wp-block-image size-full is-resized\"><img loading=\"lazy\" decoding=\"async\" width=\"253\" height=\"50\" src=\"https:\/\/huszpo-konferencija.com\/wp-content\/uploads\/2025\/10\/agroproteinka-logo.png\" alt=\"\" class=\"wp-image-5787\" style=\"width:261px;height:auto\" srcset=\"https:\/\/huszpo-konferencija.com\/wp-content\/uploads\/2025\/10\/agroproteinka-logo.png 253w, https:\/\/huszpo-konferencija.com\/wp-content\/uploads\/2025\/10\/agroproteinka-logo-150x30.png 150w, https:\/\/huszpo-konferencija.com\/wp-content\/uploads\/2025\/10\/agroproteinka-logo-50x10.png 50w, https:\/\/huszpo-konferencija.com\/wp-content\/uploads\/2025\/10\/agroproteinka-logo-18x4.png 18w\" sizes=\"auto, (max-width: 253px) 100vw, 253px\" \/><\/figure>\n\n\n\n<figure class=\"wp-block-image size-large is-resized\"><img loading=\"lazy\" decoding=\"async\" width=\"1024\" height=\"429\" src=\"https:\/\/huszpo-konferencija.com\/wp-content\/uploads\/2025\/10\/cian-logo-1-1024x429.png\" alt=\"\" class=\"wp-image-5794\" style=\"width:186px;height:auto\" srcset=\"https:\/\/huszpo-konferencija.com\/wp-content\/uploads\/2025\/10\/cian-logo-1-1024x429.png 1024w, https:\/\/huszpo-konferencija.com\/wp-content\/uploads\/2025\/10\/cian-logo-1-300x126.png 300w, https:\/\/huszpo-konferencija.com\/wp-content\/uploads\/2025\/10\/cian-logo-1-150x63.png 150w, https:\/\/huszpo-konferencija.com\/wp-content\/uploads\/2025\/10\/cian-logo-1-768x321.png 768w, https:\/\/huszpo-konferencija.com\/wp-content\/uploads\/2025\/10\/cian-logo-1-50x21.png 50w, https:\/\/huszpo-konferencija.com\/wp-content\/uploads\/2025\/10\/cian-logo-1-1600x670.png 1600w, https:\/\/huszpo-konferencija.com\/wp-content\/uploads\/2025\/10\/cian-logo-1-1536x643.png 1536w, https:\/\/huszpo-konferencija.com\/wp-content\/uploads\/2025\/10\/cian-logo-1-2048x857.png 2048w, https:\/\/huszpo-konferencija.com\/wp-content\/uploads\/2025\/10\/cian-logo-1-18x8.png 18w\" sizes=\"auto, (max-width: 1024px) 100vw, 1024px\" \/><\/figure>\n\n\n\n<figure class=\"wp-block-image size-full is-resized\"><img loading=\"lazy\" decoding=\"async\" width=\"329\" height=\"160\" src=\"https:\/\/huszpo-konferencija.com\/wp-content\/uploads\/2025\/10\/oglas-marina-kastela.png\" alt=\"\" class=\"wp-image-5792\" style=\"width:185px;height:auto\" srcset=\"https:\/\/huszpo-konferencija.com\/wp-content\/uploads\/2025\/10\/oglas-marina-kastela.png 329w, https:\/\/huszpo-konferencija.com\/wp-content\/uploads\/2025\/10\/oglas-marina-kastela-300x146.png 300w, https:\/\/huszpo-konferencija.com\/wp-content\/uploads\/2025\/10\/oglas-marina-kastela-150x73.png 150w, https:\/\/huszpo-konferencija.com\/wp-content\/uploads\/2025\/10\/oglas-marina-kastela-50x24.png 50w, https:\/\/huszpo-konferencija.com\/wp-content\/uploads\/2025\/10\/oglas-marina-kastela-18x9.png 18w\" sizes=\"auto, (max-width: 329px) 100vw, 329px\" \/><\/figure>\n\n\n\n<figure class=\"wp-block-image size-full is-resized\"><img loading=\"lazy\" decoding=\"async\" width=\"284\" height=\"72\" src=\"https:\/\/huszpo-konferencija.com\/wp-content\/uploads\/2025\/10\/eco-ina-logo.png\" alt=\"\" class=\"wp-image-5795\" style=\"width:217px;height:auto\" srcset=\"https:\/\/huszpo-konferencija.com\/wp-content\/uploads\/2025\/10\/eco-ina-logo.png 284w, https:\/\/huszpo-konferencija.com\/wp-content\/uploads\/2025\/10\/eco-ina-logo-150x38.png 150w, https:\/\/huszpo-konferencija.com\/wp-content\/uploads\/2025\/10\/eco-ina-logo-50x13.png 50w, https:\/\/huszpo-konferencija.com\/wp-content\/uploads\/2025\/10\/eco-ina-logo-18x5.png 18w\" sizes=\"auto, (max-width: 284px) 100vw, 284px\" \/><\/figure>\n\n\n\n<figure class=\"wp-block-image size-large is-resized\"><img loading=\"lazy\" decoding=\"async\" width=\"1024\" height=\"445\" src=\"https:\/\/huszpo-konferencija.com\/wp-content\/uploads\/2025\/10\/ires-logo-1024x445.jpg\" alt=\"\" class=\"wp-image-5791\" style=\"width:199px;height:auto\" srcset=\"https:\/\/huszpo-konferencija.com\/wp-content\/uploads\/2025\/10\/ires-logo-1024x445.jpg 1024w, https:\/\/huszpo-konferencija.com\/wp-content\/uploads\/2025\/10\/ires-logo-300x130.jpg 300w, https:\/\/huszpo-konferencija.com\/wp-content\/uploads\/2025\/10\/ires-logo-150x65.jpg 150w, https:\/\/huszpo-konferencija.com\/wp-content\/uploads\/2025\/10\/ires-logo-768x334.jpg 768w, https:\/\/huszpo-konferencija.com\/wp-content\/uploads\/2025\/10\/ires-logo-50x22.jpg 50w, https:\/\/huszpo-konferencija.com\/wp-content\/uploads\/2025\/10\/ires-logo-1600x696.jpg 1600w, https:\/\/huszpo-konferencija.com\/wp-content\/uploads\/2025\/10\/ires-logo-1536x668.jpg 1536w, https:\/\/huszpo-konferencija.com\/wp-content\/uploads\/2025\/10\/ires-logo-2048x891.jpg 2048w, https:\/\/huszpo-konferencija.com\/wp-content\/uploads\/2025\/10\/ires-logo-18x8.jpg 18w\" sizes=\"auto, (max-width: 1024px) 100vw, 1024px\" \/><\/figure>\n\n\n\n<figure class=\"wp-block-image size-full is-resized\"><img loading=\"lazy\" decoding=\"async\" width=\"325\" height=\"76\" src=\"https:\/\/huszpo-konferencija.com\/wp-content\/uploads\/2025\/10\/Ekoinvest-logo.png\" alt=\"\" class=\"wp-image-5790\" style=\"width:280px;height:auto\" srcset=\"https:\/\/huszpo-konferencija.com\/wp-content\/uploads\/2025\/10\/Ekoinvest-logo.png 325w, https:\/\/huszpo-konferencija.com\/wp-content\/uploads\/2025\/10\/Ekoinvest-logo-300x70.png 300w, https:\/\/huszpo-konferencija.com\/wp-content\/uploads\/2025\/10\/Ekoinvest-logo-150x35.png 150w, https:\/\/huszpo-konferencija.com\/wp-content\/uploads\/2025\/10\/Ekoinvest-logo-50x12.png 50w, https:\/\/huszpo-konferencija.com\/wp-content\/uploads\/2025\/10\/Ekoinvest-logo-18x4.png 18w\" sizes=\"auto, (max-width: 325px) 100vw, 325px\" \/><\/figure>\n\n\n\n<h2 class=\"wp-block-heading\">Support<\/h2>\n\n\n\n<figure class=\"wp-block-image size-full\"><img loading=\"lazy\" decoding=\"async\" width=\"193\" height=\"90\" src=\"https:\/\/huszpo-konferencija.com\/wp-content\/uploads\/2025\/10\/WBank-2.jpg\" alt=\"\" class=\"wp-image-5810\" srcset=\"https:\/\/huszpo-konferencija.com\/wp-content\/uploads\/2025\/10\/WBank-2.jpg 193w, https:\/\/huszpo-konferencija.com\/wp-content\/uploads\/2025\/10\/WBank-2-150x70.jpg 150w, https:\/\/huszpo-konferencija.com\/wp-content\/uploads\/2025\/10\/WBank-2-50x23.jpg 50w, https:\/\/huszpo-konferencija.com\/wp-content\/uploads\/2025\/10\/WBank-2-18x8.jpg 18w\" sizes=\"auto, (max-width: 193px) 100vw, 193px\" \/><\/figure>\n\n\n\n<figure class=\"wp-block-image size-full is-resized\"><img loading=\"lazy\" decoding=\"async\" width=\"201\" height=\"90\" src=\"https:\/\/huszpo-konferencija.com\/wp-content\/uploads\/2025\/10\/EN_EIBLOGO_BASIC_HORI-2.jpg\" alt=\"\" class=\"wp-image-5809\" style=\"width:227px;height:auto\" srcset=\"https:\/\/huszpo-konferencija.com\/wp-content\/uploads\/2025\/10\/EN_EIBLOGO_BASIC_HORI-2.jpg 201w, https:\/\/huszpo-konferencija.com\/wp-content\/uploads\/2025\/10\/EN_EIBLOGO_BASIC_HORI-2-150x67.jpg 150w, https:\/\/huszpo-konferencija.com\/wp-content\/uploads\/2025\/10\/EN_EIBLOGO_BASIC_HORI-2-50x22.jpg 50w, https:\/\/huszpo-konferencija.com\/wp-content\/uploads\/2025\/10\/EN_EIBLOGO_BASIC_HORI-2-18x8.jpg 18w\" sizes=\"auto, (max-width: 201px) 100vw, 201px\" \/><\/figure>\n\n\n\n<figure class=\"wp-block-image size-full is-resized\"><img loading=\"lazy\" decoding=\"async\" width=\"612\" height=\"293\" src=\"https:\/\/huszpo-konferencija.com\/wp-content\/uploads\/2025\/10\/IAIA-Logo-black-with-text-and-transparent-background-2019-1.png\" alt=\"\" class=\"wp-image-5811\" style=\"width:196px;height:auto\" srcset=\"https:\/\/huszpo-konferencija.com\/wp-content\/uploads\/2025\/10\/IAIA-Logo-black-with-text-and-transparent-background-2019-1.png 612w, https:\/\/huszpo-konferencija.com\/wp-content\/uploads\/2025\/10\/IAIA-Logo-black-with-text-and-transparent-background-2019-1-300x144.png 300w, https:\/\/huszpo-konferencija.com\/wp-content\/uploads\/2025\/10\/IAIA-Logo-black-with-text-and-transparent-background-2019-1-150x72.png 150w, https:\/\/huszpo-konferencija.com\/wp-content\/uploads\/2025\/10\/IAIA-Logo-black-with-text-and-transparent-background-2019-1-50x24.png 50w, https:\/\/huszpo-konferencija.com\/wp-content\/uploads\/2025\/10\/IAIA-Logo-black-with-text-and-transparent-background-2019-1-18x9.png 18w\" sizes=\"auto, (max-width: 612px) 100vw, 612px\" \/><\/figure>\n\n\n\n<figure class=\"wp-block-image size-full is-resized\"><a href=\"https:\/\/commission.europa.eu\/index_en\"><img loading=\"lazy\" decoding=\"async\" width=\"265\" height=\"184\" src=\"https:\/\/huszpo-konferencija.com\/wp-content\/uploads\/2025\/10\/LOGO-CE_Vertical_EN_quadri_LR.png\" alt=\"\" class=\"wp-image-5814\" style=\"width:168px;height:auto\" srcset=\"https:\/\/huszpo-konferencija.com\/wp-content\/uploads\/2025\/10\/LOGO-CE_Vertical_EN_quadri_LR.png 265w, https:\/\/huszpo-konferencija.com\/wp-content\/uploads\/2025\/10\/LOGO-CE_Vertical_EN_quadri_LR-150x104.png 150w, https:\/\/huszpo-konferencija.com\/wp-content\/uploads\/2025\/10\/LOGO-CE_Vertical_EN_quadri_LR-50x35.png 50w, https:\/\/huszpo-konferencija.com\/wp-content\/uploads\/2025\/10\/LOGO-CE_Vertical_EN_quadri_LR-18x12.png 18w\" sizes=\"auto, (max-width: 265px) 100vw, 265px\" \/><\/a><\/figure>\n\n\n\n<div class=\"wp-block-buttons is-layout-flex wp-block-buttons-is-layout-flex\">\n<div class=\"wp-block-button is-style-primary\"><a class=\"wp-block-button__link wp-element-button\" href=\"https:\/\/huszpo-konferencija.com\/wp-content\/uploads\/2025\/03\/Sponzorski-paketi_2025.pdf\">Sponzorski paketi 2025.<\/a><\/div>\n<\/div>\n\n\n\n<h3 class=\"wp-block-heading\" id=\"sponzore-prijasnjih-konferencija-mozete-pogledati-na-sljedecim-poveznicama\"><br>You can see the companies that sponsored the previous events on the links below:<\/h3>\n\n\n\n<figure class=\"wp-block-pullquote\"><blockquote><p><a href=\"https:\/\/huszpo-konferencija.com\/en\/sponzori-2019\/\">Sponsors 2019<\/a><br><a href=\"https:\/\/huszpo-konferencija.com\/en\/sponzori-2017\/\">Sponzori 2017<\/a><br><a href=\"https:\/\/huszpo-konferencija.com\/en\/sponzori-2015\/\">Sponsors 2015<\/a><br><a href=\"https:\/\/huszpo-konferencija.com\/en\/sponzori-2013\/\">Sponsors 2013<\/a><\/p><\/blockquote><\/figure>","protected":false},"excerpt":{"rendered":"<p>Srebrni sponzori Bron\u010dani sponzori Podr\u0161ka Sponzore prija\u0161njih konferencija mo\u017eete pogledati na sljede\u0107im poveznicama: Sponzori 2019Sponzori 2017Sponzori 2015Sponzori 2013<\/p>","protected":false},"author":6,"featured_media":0,"parent":0,"menu_order":0,"comment_status":"closed","ping_status":"closed","template":"","meta":{"_uag_custom_page_level_css":"","neve_meta_sidebar":"","neve_meta_container":"","neve_meta_enable_content_width":"","neve_meta_content_width":0,"neve_meta_title_alignment":"","neve_meta_author_avatar":"","neve_post_elements_order":"","neve_meta_disable_header":"","neve_meta_disable_footer":"","neve_meta_disable_title":"","_themeisle_gutenberg_block_has_review":false,"footnotes":""},"class_list":["post-215","page","type-page","status-publish","hentry"],"yoast_head":"<!-- This site is optimized with the Yoast SEO plugin v24.2 - https:\/\/yoast.com\/wordpress\/plugins\/seo\/ -->\n<title>Sponzori - Konferencija Okoli\u0161ne procjene i Europski zeleni plan &#039;22<\/title>\n<meta name=\"robots\" content=\"index, follow, max-snippet:-1, max-image-preview:large, max-video-preview:-1\" \/>\n<link rel=\"canonical\" href=\"https:\/\/huszpo-konferencija.com\/en\/sponzori\/\" \/>\n<meta property=\"og:locale\" content=\"en_US\" \/>\n<meta property=\"og:type\" content=\"article\" \/>\n<meta property=\"og:title\" content=\"Sponzori - Konferencija Okoli\u0161ne procjene i Europski zeleni plan &#039;22\" \/>\n<meta property=\"og:description\" content=\"Srebrni sponzori Bron\u010dani sponzori Podr\u0161ka Sponzore prija\u0161njih konferencija mo\u017eete pogledati na sljede\u0107im poveznicama: Sponzori 2019Sponzori 2017Sponzori 2015Sponzori 2013\" \/>\n<meta property=\"og:url\" content=\"https:\/\/huszpo-konferencija.com\/en\/sponzori\/\" \/>\n<meta property=\"og:site_name\" content=\"Konferencija Okoli\u0161ne procjene i Europski zeleni plan &#039;22\" \/>\n<meta property=\"article:publisher\" content=\"https:\/\/www.facebook.com\/HUSZPO-107221977694653\/\" \/>\n<meta property=\"article:modified_time\" content=\"2025-10-04T13:06:29+00:00\" \/>\n<meta property=\"og:image\" content=\"https:\/\/huszpo-konferencija.com\/wp-content\/uploads\/2025\/10\/cemex-new-logo-2023.webp\" \/>\n\t<meta property=\"og:image:width\" content=\"1000\" \/>\n\t<meta property=\"og:image:height\" content=\"600\" \/>\n\t<meta property=\"og:image:type\" content=\"image\/webp\" \/>\n<meta name=\"twitter:card\" content=\"summary_large_image\" \/>\n<meta name=\"twitter:site\" content=\"@huszpo\" \/>\n<meta name=\"twitter:label1\" content=\"Est. reading time\" \/>\n\t<meta name=\"twitter:data1\" content=\"3 minutes\" \/>\n<script type=\"application\/ld+json\" class=\"yoast-schema-graph\">{\"@context\":\"https:\/\/schema.org\",\"@graph\":[{\"@type\":\"WebPage\",\"@id\":\"https:\/\/huszpo-konferencija.com\/sponzori\/\",\"url\":\"https:\/\/huszpo-konferencija.com\/sponzori\/\",\"name\":\"Sponzori - Konferencija Okoli\u0161ne procjene i Europski zeleni plan &#039;22\",\"isPartOf\":{\"@id\":\"https:\/\/huszpo-konferencija.com\/#website\"},\"primaryImageOfPage\":{\"@id\":\"https:\/\/huszpo-konferencija.com\/sponzori\/#primaryimage\"},\"image\":{\"@id\":\"https:\/\/huszpo-konferencija.com\/sponzori\/#primaryimage\"},\"thumbnailUrl\":\"https:\/\/huszpo-konferencija.com\/wp-content\/uploads\/2025\/10\/cemex-new-logo-2023.webp\",\"datePublished\":\"2013-07-04T09:21:12+00:00\",\"dateModified\":\"2025-10-04T13:06:29+00:00\",\"breadcrumb\":{\"@id\":\"https:\/\/huszpo-konferencija.com\/sponzori\/#breadcrumb\"},\"inLanguage\":\"en-US\",\"potentialAction\":[{\"@type\":\"ReadAction\",\"target\":[\"https:\/\/huszpo-konferencija.com\/sponzori\/\"]}]},{\"@type\":\"ImageObject\",\"inLanguage\":\"en-US\",\"@id\":\"https:\/\/huszpo-konferencija.com\/sponzori\/#primaryimage\",\"url\":\"https:\/\/huszpo-konferencija.com\/wp-content\/uploads\/2025\/10\/cemex-new-logo-2023.webp\",\"contentUrl\":\"https:\/\/huszpo-konferencija.com\/wp-content\/uploads\/2025\/10\/cemex-new-logo-2023.webp\"},{\"@type\":\"BreadcrumbList\",\"@id\":\"https:\/\/huszpo-konferencija.com\/sponzori\/#breadcrumb\",\"itemListElement\":[{\"@type\":\"ListItem\",\"position\":1,\"name\":\"Naslovna\",\"item\":\"https:\/\/huszpo-konferencija.com\/\"},{\"@type\":\"ListItem\",\"position\":2,\"name\":\"Sponzori\"}]},{\"@type\":\"WebSite\",\"@id\":\"https:\/\/huszpo-konferencija.com\/#website\",\"url\":\"https:\/\/huszpo-konferencija.com\/\",\"name\":\"Konferencija Okoli\u0161ne procjene i Europski zeleni plan\",\"description\":\"Konferencija Okoli\u0161ne procjene i Europski zeleni plan &#039;22\",\"publisher\":{\"@id\":\"https:\/\/huszpo-konferencija.com\/#organization\"},\"potentialAction\":[{\"@type\":\"SearchAction\",\"target\":{\"@type\":\"EntryPoint\",\"urlTemplate\":\"https:\/\/huszpo-konferencija.com\/?s={search_term_string}\"},\"query-input\":{\"@type\":\"PropertyValueSpecification\",\"valueRequired\":true,\"valueName\":\"search_term_string\"}}],\"inLanguage\":\"en-US\"},{\"@type\":\"Organization\",\"@id\":\"https:\/\/huszpo-konferencija.com\/#organization\",\"name\":\"HUSZPO\",\"url\":\"https:\/\/huszpo-konferencija.com\/\",\"logo\":{\"@type\":\"ImageObject\",\"inLanguage\":\"en-US\",\"@id\":\"https:\/\/huszpo-konferencija.com\/#\/schema\/logo\/image\/\",\"url\":\"https:\/\/huszpo-konferencija.com\/wp-content\/uploads\/2021\/10\/cropped-cropped-cropped-Logo.png\",\"contentUrl\":\"https:\/\/huszpo-konferencija.com\/wp-content\/uploads\/2021\/10\/cropped-cropped-cropped-Logo.png\",\"width\":512,\"height\":512,\"caption\":\"HUSZPO\"},\"image\":{\"@id\":\"https:\/\/huszpo-konferencija.com\/#\/schema\/logo\/image\/\"},\"sameAs\":[\"https:\/\/www.facebook.com\/HUSZPO-107221977694653\/\",\"https:\/\/x.com\/huszpo\",\"https:\/\/www.instagram.com\/huszpo\",\"https:\/\/www.linkedin.com\/in\/huszpo-hrvatska-udruga-stru\u010dnjaka-za\u0161tite-prirode-i-okoli\u0161a-2a52481b2\/?originalSubdomain=hr\"]}]}<\/script>\n<!-- \/ Yoast SEO plugin. -->","yoast_head_json":{"title":"Sponzori - Konferencija Okoli\u0161ne procjene i Europski zeleni plan &#039;22","robots":{"index":"index","follow":"follow","max-snippet":"max-snippet:-1","max-image-preview":"max-image-preview:large","max-video-preview":"max-video-preview:-1"},"canonical":"https:\/\/huszpo-konferencija.com\/en\/sponzori\/","og_locale":"en_US","og_type":"article","og_title":"Sponzori - Konferencija Okoli\u0161ne procjene i Europski zeleni plan &#039;22","og_description":"Srebrni sponzori Bron\u010dani sponzori Podr\u0161ka Sponzore prija\u0161njih konferencija mo\u017eete pogledati na sljede\u0107im poveznicama: Sponzori 2019Sponzori 2017Sponzori 2015Sponzori 2013","og_url":"https:\/\/huszpo-konferencija.com\/en\/sponzori\/","og_site_name":"Konferencija Okoli\u0161ne procjene i Europski zeleni plan &#039;22","article_publisher":"https:\/\/www.facebook.com\/HUSZPO-107221977694653\/","article_modified_time":"2025-10-04T13:06:29+00:00","og_image":[{"width":1000,"height":600,"url":"https:\/\/huszpo-konferencija.com\/wp-content\/uploads\/2025\/10\/cemex-new-logo-2023.webp","type":"image\/webp"}],"twitter_card":"summary_large_image","twitter_site":"@huszpo","twitter_misc":{"Est. reading time":"3 minutes"},"schema":{"@context":"https:\/\/schema.org","@graph":[{"@type":"WebPage","@id":"https:\/\/huszpo-konferencija.com\/sponzori\/","url":"https:\/\/huszpo-konferencija.com\/sponzori\/","name":"Sponzori - Konferencija Okoli\u0161ne procjene i Europski zeleni plan &#039;22","isPartOf":{"@id":"https:\/\/huszpo-konferencija.com\/#website"},"primaryImageOfPage":{"@id":"https:\/\/huszpo-konferencija.com\/sponzori\/#primaryimage"},"image":{"@id":"https:\/\/huszpo-konferencija.com\/sponzori\/#primaryimage"},"thumbnailUrl":"https:\/\/huszpo-konferencija.com\/wp-content\/uploads\/2025\/10\/cemex-new-logo-2023.webp","datePublished":"2013-07-04T09:21:12+00:00","dateModified":"2025-10-04T13:06:29+00:00","breadcrumb":{"@id":"https:\/\/huszpo-konferencija.com\/sponzori\/#breadcrumb"},"inLanguage":"en-US","potentialAction":[{"@type":"ReadAction","target":["https:\/\/huszpo-konferencija.com\/sponzori\/"]}]},{"@type":"ImageObject","inLanguage":"en-US","@id":"https:\/\/huszpo-konferencija.com\/sponzori\/#primaryimage","url":"https:\/\/huszpo-konferencija.com\/wp-content\/uploads\/2025\/10\/cemex-new-logo-2023.webp","contentUrl":"https:\/\/huszpo-konferencija.com\/wp-content\/uploads\/2025\/10\/cemex-new-logo-2023.webp"},{"@type":"BreadcrumbList","@id":"https:\/\/huszpo-konferencija.com\/sponzori\/#breadcrumb","itemListElement":[{"@type":"ListItem","position":1,"name":"Naslovna","item":"https:\/\/huszpo-konferencija.com\/"},{"@type":"ListItem","position":2,"name":"Sponzori"}]},{"@type":"WebSite","@id":"https:\/\/huszpo-konferencija.com\/#website","url":"https:\/\/huszpo-konferencija.com\/","name":"Konferencija Okoli\u0161ne procjene i Europski zeleni plan","description":"Konferencija Okoli\u0161ne procjene i Europski zeleni plan &#039;22","publisher":{"@id":"https:\/\/huszpo-konferencija.com\/#organization"},"potentialAction":[{"@type":"SearchAction","target":{"@type":"EntryPoint","urlTemplate":"https:\/\/huszpo-konferencija.com\/?s={search_term_string}"},"query-input":{"@type":"PropertyValueSpecification","valueRequired":true,"valueName":"search_term_string"}}],"inLanguage":"en-US"},{"@type":"Organization","@id":"https:\/\/huszpo-konferencija.com\/#organization","name":"HUSZPO","url":"https:\/\/huszpo-konferencija.com\/","logo":{"@type":"ImageObject","inLanguage":"en-US","@id":"https:\/\/huszpo-konferencija.com\/#\/schema\/logo\/image\/","url":"https:\/\/huszpo-konferencija.com\/wp-content\/uploads\/2021\/10\/cropped-cropped-cropped-Logo.png","contentUrl":"https:\/\/huszpo-konferencija.com\/wp-content\/uploads\/2021\/10\/cropped-cropped-cropped-Logo.png","width":512,"height":512,"caption":"HUSZPO"},"image":{"@id":"https:\/\/huszpo-konferencija.com\/#\/schema\/logo\/image\/"},"sameAs":["https:\/\/www.facebook.com\/HUSZPO-107221977694653\/","https:\/\/x.com\/huszpo","https:\/\/www.instagram.com\/huszpo","https:\/\/www.linkedin.com\/in\/huszpo-hrvatska-udruga-stru\u010dnjaka-za\u0161tite-prirode-i-okoli\u0161a-2a52481b2\/?originalSubdomain=hr"]}]}},"uagb_featured_image_src":{"full":false,"thumbnail":false,"medium":false,"medium_large":false,"large":false,"gs-tiny":false,"xl":false,"xxl":false,"xxxl":false,"xxxxl":false,"xxxxxl":false,"1536x1536":false,"2048x2048":false,"trp-custom-language-flag":false,"neve-blog":false},"uagb_author_info":{"display_name":"Jelena Fressl","author_link":"http:\/\/huszpo-konferencija.com\/en\/author\/jelena-fressldvokut-ecro-hr\/"},"uagb_comment_info":0,"uagb_excerpt":"Srebrni sponzori Bron\u010dani sponzori Podr\u0161ka Sponzore prija\u0161njih konferencija mo\u017eete pogledati na sljede\u0107im poveznicama: Sponzori 2019Sponzori 2017Sponzori 2015Sponzori 2013","_links":{"self":[{"href":"http:\/\/huszpo-konferencija.com\/en\/wp-json\/wp\/v2\/pages\/215","targetHints":{"allow":["GET"]}}],"collection":[{"href":"http:\/\/huszpo-konferencija.com\/en\/wp-json\/wp\/v2\/pages"}],"about":[{"href":"http:\/\/huszpo-konferencija.com\/en\/wp-json\/wp\/v2\/types\/page"}],"author":[{"embeddable":true,"href":"http:\/\/huszpo-konferencija.com\/en\/wp-json\/wp\/v2\/users\/6"}],"replies":[{"embeddable":true,"href":"http:\/\/huszpo-konferencija.com\/en\/wp-json\/wp\/v2\/comments?post=215"}],"version-history":[{"count":552,"href":"http:\/\/huszpo-konferencija.com\/en\/wp-json\/wp\/v2\/pages\/215\/revisions"}],"predecessor-version":[{"id":5815,"href":"http:\/\/huszpo-konferencija.com\/en\/wp-json\/wp\/v2\/pages\/215\/revisions\/5815"}],"wp:attachment":[{"href":"http:\/\/huszpo-konferencija.com\/en\/wp-json\/wp\/v2\/media?parent=215"}],"curies":[{"name":"wp","href":"https:\/\/api.w.org\/{rel}","templated":true}]}}