{"id":1327,"date":"2016-07-14T16:22:53","date_gmt":"2016-07-14T16:22:53","guid":{"rendered":"http:\/\/www.huszpo-konferencija.com\/?page_id=1327"},"modified":"2021-10-06T00:41:52","modified_gmt":"2021-10-06T00:41:52","slug":"odbori-2015","status":"publish","type":"page","link":"http:\/\/huszpo-konferencija.com\/en\/odbori-2015\/","title":{"rendered":"Odbori 2015"},"content":{"rendered":"<p><strong>Predsjednica Organizacijskog odbora:<\/strong><br>Marta Brki\u0107<\/p>\n\n\n\n<p><strong>\u010clanovi Organizacijskog odbora:<\/strong><br>Smiljana Bla\u017eevi\u0107<br>Tomislav \u0106urko<br>Dalibor Hati\u0107<br>Maja Jerman Vrani\u0107<br>Ivan Martini\u0107<br>Nenad Mikuli\u0107<br>Ilija \u0160mitran<\/p>\n\n\n\n<p><strong>President of the Scientific Committee:<\/strong><br>dr. sc. Nenad Mikuli\u0107, Hrvatska<\/p>\n\n\n\n<p><strong>Members of the Scientific Committee:<\/strong><br>mr.sc. Vasilije Bu\u0161kovi\u0107, Crna Gora<br>doc. dr. sc. Mehmed Cero, Bosna i Hercegovina<br>prof.dr.sc. Hamid \u010custovi\u0107, Bosna i Hercegovina<br>prof.dr.sc. Mojca Golobi\u010d, Slovenija<br>prof.dr.sc. Nevenko Herceg, Bosna i Hercegovina<br>prof.dr.sc. Stjepan Husnjak, Hrvatska<br>dr.sc. Predrag Jovani\u0107, Srbija<br>prof.dr.sc. Tarik Kupusovi\u0107, Bosna i Hercegovina<br>dr.sc. Tarzan Legovi\u0107, Hrvatska<br>dr.sc. Ivan Martini\u0107, Hrvatska<br>prof.dr.sc. Andjelka Mihajlov, Srbija<br>mr.sc. Vesna Ko\u0161\u010dak Mio\u010di\u0107-Sto\u0161i\u0107, Hrvatska<br>mr.sc. Ines Ro\u017eani\u0107, Hrvatska<br>dr.sc. Zdravko \u0160piri\u0107, Hrvatska<\/p>\n\n\n\n<p><strong>Predsjednik Savjetodavnog odbora:<\/strong><br>Ji\u0159\u00ed Dus\u00edk<\/p>\n\n\n\n<p><strong>Members of the Advisory Committee:<\/strong><br>Jill Baker, izvr\u0161na direktorica IAIA (Me\u0111unarodno udru\u017eenje za procjenu utjecaja na okoli\u0161)<br>Jerzy Jendro\u015bka, rukovode\u0107i partner u odvjetni\u010dkom uredu&nbsp;Jendro\u015bka Jerzma\u0144ski Bar and Partner, odvjetnici u za\u0161titi okoli\u0161a, Wroc\u0142aw, Poljska<br>Stjepan Kamber, voditelj Sektora za podr\u0161ku pripremi i provedbi EU projekata Hrvatskih voda<br>Vesna Kolar Planin\u0161i\u010d, voditeljica Sektora za strate\u0161ku procjenu utjecaja na okoli\u0161, Ministarstvo okoli\u0161a i prostora Republike Slovenije<br>Anamarija Matak, na\u010delnica Sektora za procjenu utjecaja na okoli\u0161 i industrijsko one\u010di\u0161\u0107enje, Ministarstvo za\u0161tite okoli\u0161a i prirode Republike Hrvatske<br>An\u0111elka Mihajlov<br>Sven Muller, direktor Fonda za za\u0161titu okoli\u0161a i energetsku u\u010dinkovitost Republike Hrvatske<br>Mladen Rude\u017e, pomo\u0107nik ministrice u Sektoru za okoli\u0161ne dozvole Federalnog ministarstva okoli\u0161a i turizma, Bosna i Hercegovina<br>Wiecher Schrage, UNECE<br>Mihael Zmajlovi\u0107, ministar za\u0161tite okoli\u0161a i prirode Republike Hrvatske<\/p>\n\n\n\n<p><strong>Tehni\u010dki odbor: <\/strong><br>Jelena Fressl<br>Bojana Nardi<\/p>\n\n\n\n<p><strong>Tajni\u0161tvo konferencije: <\/strong><br>Barbara \u010crgar<br>Jelena Fressl<br>Ivana Turalija<br>Tajana Uzelac Obradovi\u0107<\/p>","protected":false},"excerpt":{"rendered":"<p>Predsjednica Organizacijskog odbora:Marta Brki\u0107 \u010clanovi Organizacijskog odbora:Smiljana Bla\u017eevi\u0107Tomislav \u0106urkoDalibor Hati\u0107Maja Jerman Vrani\u0107Ivan Martini\u0107Nenad Mikuli\u0107Ilija \u0160mitran Predsjednik Znanstvenog odbora:dr. sc. Nenad Mikuli\u0107, Hrvatska \u010clanovi Znanstvenog odbora:mr.sc. Vasilije Bu\u0161kovi\u0107, Crna Goradoc. dr. sc. Mehmed Cero, Bosna i Hercegovinaprof.dr.sc. Hamid \u010custovi\u0107, Bosna i Hercegovinaprof.dr.sc. Mojca Golobi\u010d, Slovenijaprof.dr.sc. Nevenko Herceg, Bosna i Hercegovinaprof.dr.sc. Stjepan Husnjak, Hrvatskadr.sc. Predrag Jovani\u0107, Srbijaprof.dr.sc.&hellip;&nbsp;<a href=\"http:\/\/huszpo-konferencija.com\/en\/odbori-2015\/\" rel=\"bookmark\">Read More &raquo;<span class=\"screen-reader-text\">Odbori 2015<\/span><\/a><\/p>","protected":false},"author":2,"featured_media":0,"parent":0,"menu_order":0,"comment_status":"closed","ping_status":"closed","template":"","meta":{"_uag_custom_page_level_css":"","neve_meta_sidebar":"","neve_meta_container":"","neve_meta_enable_content_width":"","neve_meta_content_width":0,"neve_meta_title_alignment":"","neve_meta_author_avatar":"","neve_post_elements_order":"","neve_meta_disable_header":"","neve_meta_disable_footer":"","neve_meta_disable_title":"","_themeisle_gutenberg_block_has_review":false,"footnotes":""},"class_list":["post-1327","page","type-page","status-publish","hentry"],"yoast_head":"<!-- This site is optimized with the Yoast SEO plugin v24.2 - https:\/\/yoast.com\/wordpress\/plugins\/seo\/ -->\n<title>Odbori 2015 - Konferencija Okoli\u0161ne procjene i Europski zeleni plan &#039;22<\/title>\n<meta name=\"robots\" content=\"index, follow, max-snippet:-1, max-image-preview:large, max-video-preview:-1\" \/>\n<link rel=\"canonical\" href=\"https:\/\/huszpo-konferencija.com\/en\/odbori-2015\/\" \/>\n<meta property=\"og:locale\" content=\"en_US\" \/>\n<meta property=\"og:type\" content=\"article\" \/>\n<meta property=\"og:title\" content=\"Odbori 2015 - Konferencija Okoli\u0161ne procjene i Europski zeleni plan &#039;22\" \/>\n<meta property=\"og:description\" content=\"Predsjednica Organizacijskog odbora:Marta Brki\u0107 \u010clanovi Organizacijskog odbora:Smiljana Bla\u017eevi\u0107Tomislav \u0106urkoDalibor Hati\u0107Maja Jerman Vrani\u0107Ivan Martini\u0107Nenad Mikuli\u0107Ilija \u0160mitran Predsjednik Znanstvenog odbora:dr. sc. Nenad Mikuli\u0107, Hrvatska \u010clanovi Znanstvenog odbora:mr.sc. Vasilije Bu\u0161kovi\u0107, Crna Goradoc. dr. sc. Mehmed Cero, Bosna i Hercegovinaprof.dr.sc. Hamid \u010custovi\u0107, Bosna i Hercegovinaprof.dr.sc. Mojca Golobi\u010d, Slovenijaprof.dr.sc. Nevenko Herceg, Bosna i Hercegovinaprof.dr.sc. Stjepan Husnjak, Hrvatskadr.sc. Predrag Jovani\u0107, Srbijaprof.dr.sc.&hellip;&nbsp;Read More &raquo;Odbori 2015\" \/>\n<meta property=\"og:url\" content=\"https:\/\/huszpo-konferencija.com\/en\/odbori-2015\/\" \/>\n<meta property=\"og:site_name\" content=\"Konferencija Okoli\u0161ne procjene i Europski zeleni plan &#039;22\" \/>\n<meta property=\"article:publisher\" content=\"https:\/\/www.facebook.com\/HUSZPO-107221977694653\/\" \/>\n<meta property=\"article:modified_time\" content=\"2021-10-06T00:41:52+00:00\" \/>\n<meta name=\"twitter:card\" content=\"summary_large_image\" \/>\n<meta name=\"twitter:site\" content=\"@huszpo\" \/>\n<meta name=\"twitter:label1\" content=\"Est. reading time\" \/>\n\t<meta name=\"twitter:data1\" content=\"2 minutes\" \/>\n<script type=\"application\/ld+json\" class=\"yoast-schema-graph\">{\"@context\":\"https:\/\/schema.org\",\"@graph\":[{\"@type\":\"WebPage\",\"@id\":\"https:\/\/huszpo-konferencija.com\/odbori-2015\/\",\"url\":\"https:\/\/huszpo-konferencija.com\/odbori-2015\/\",\"name\":\"Odbori 2015 - Konferencija Okoli\u0161ne procjene i Europski zeleni plan &#039;22\",\"isPartOf\":{\"@id\":\"https:\/\/huszpo-konferencija.com\/#website\"},\"datePublished\":\"2016-07-14T16:22:53+00:00\",\"dateModified\":\"2021-10-06T00:41:52+00:00\",\"breadcrumb\":{\"@id\":\"https:\/\/huszpo-konferencija.com\/odbori-2015\/#breadcrumb\"},\"inLanguage\":\"en-US\",\"potentialAction\":[{\"@type\":\"ReadAction\",\"target\":[\"https:\/\/huszpo-konferencija.com\/odbori-2015\/\"]}]},{\"@type\":\"BreadcrumbList\",\"@id\":\"https:\/\/huszpo-konferencija.com\/odbori-2015\/#breadcrumb\",\"itemListElement\":[{\"@type\":\"ListItem\",\"position\":1,\"name\":\"Naslovna\",\"item\":\"https:\/\/huszpo-konferencija.com\/\"},{\"@type\":\"ListItem\",\"position\":2,\"name\":\"Odbori 2015\"}]},{\"@type\":\"WebSite\",\"@id\":\"https:\/\/huszpo-konferencija.com\/#website\",\"url\":\"https:\/\/huszpo-konferencija.com\/\",\"name\":\"Konferencija Okoli\u0161ne procjene i Europski zeleni plan\",\"description\":\"Konferencija Okoli\u0161ne procjene i Europski zeleni plan &#039;22\",\"publisher\":{\"@id\":\"https:\/\/huszpo-konferencija.com\/#organization\"},\"potentialAction\":[{\"@type\":\"SearchAction\",\"target\":{\"@type\":\"EntryPoint\",\"urlTemplate\":\"https:\/\/huszpo-konferencija.com\/?s={search_term_string}\"},\"query-input\":{\"@type\":\"PropertyValueSpecification\",\"valueRequired\":true,\"valueName\":\"search_term_string\"}}],\"inLanguage\":\"en-US\"},{\"@type\":\"Organization\",\"@id\":\"https:\/\/huszpo-konferencija.com\/#organization\",\"name\":\"HUSZPO\",\"url\":\"https:\/\/huszpo-konferencija.com\/\",\"logo\":{\"@type\":\"ImageObject\",\"inLanguage\":\"en-US\",\"@id\":\"https:\/\/huszpo-konferencija.com\/#\/schema\/logo\/image\/\",\"url\":\"https:\/\/huszpo-konferencija.com\/wp-content\/uploads\/2021\/10\/cropped-cropped-cropped-Logo.png\",\"contentUrl\":\"https:\/\/huszpo-konferencija.com\/wp-content\/uploads\/2021\/10\/cropped-cropped-cropped-Logo.png\",\"width\":512,\"height\":512,\"caption\":\"HUSZPO\"},\"image\":{\"@id\":\"https:\/\/huszpo-konferencija.com\/#\/schema\/logo\/image\/\"},\"sameAs\":[\"https:\/\/www.facebook.com\/HUSZPO-107221977694653\/\",\"https:\/\/x.com\/huszpo\",\"https:\/\/www.instagram.com\/huszpo\",\"https:\/\/www.linkedin.com\/in\/huszpo-hrvatska-udruga-stru\u010dnjaka-za\u0161tite-prirode-i-okoli\u0161a-2a52481b2\/?originalSubdomain=hr\"]}]}<\/script>\n<!-- \/ Yoast SEO plugin. -->","yoast_head_json":{"title":"Odbori 2015 - Konferencija Okoli\u0161ne procjene i Europski zeleni plan &#039;22","robots":{"index":"index","follow":"follow","max-snippet":"max-snippet:-1","max-image-preview":"max-image-preview:large","max-video-preview":"max-video-preview:-1"},"canonical":"https:\/\/huszpo-konferencija.com\/en\/odbori-2015\/","og_locale":"en_US","og_type":"article","og_title":"Odbori 2015 - Konferencija Okoli\u0161ne procjene i Europski zeleni plan &#039;22","og_description":"Predsjednica Organizacijskog odbora:Marta Brki\u0107 \u010clanovi Organizacijskog odbora:Smiljana Bla\u017eevi\u0107Tomislav \u0106urkoDalibor Hati\u0107Maja Jerman Vrani\u0107Ivan Martini\u0107Nenad Mikuli\u0107Ilija \u0160mitran Predsjednik Znanstvenog odbora:dr. sc. Nenad Mikuli\u0107, Hrvatska \u010clanovi Znanstvenog odbora:mr.sc. Vasilije Bu\u0161kovi\u0107, Crna Goradoc. dr. sc. Mehmed Cero, Bosna i Hercegovinaprof.dr.sc. Hamid \u010custovi\u0107, Bosna i Hercegovinaprof.dr.sc. Mojca Golobi\u010d, Slovenijaprof.dr.sc. Nevenko Herceg, Bosna i Hercegovinaprof.dr.sc. Stjepan Husnjak, Hrvatskadr.sc. Predrag Jovani\u0107, Srbijaprof.dr.sc.&hellip;&nbsp;Read More &raquo;Odbori 2015","og_url":"https:\/\/huszpo-konferencija.com\/en\/odbori-2015\/","og_site_name":"Konferencija Okoli\u0161ne procjene i Europski zeleni plan &#039;22","article_publisher":"https:\/\/www.facebook.com\/HUSZPO-107221977694653\/","article_modified_time":"2021-10-06T00:41:52+00:00","twitter_card":"summary_large_image","twitter_site":"@huszpo","twitter_misc":{"Est. reading time":"2 minutes"},"schema":{"@context":"https:\/\/schema.org","@graph":[{"@type":"WebPage","@id":"https:\/\/huszpo-konferencija.com\/odbori-2015\/","url":"https:\/\/huszpo-konferencija.com\/odbori-2015\/","name":"Odbori 2015 - Konferencija Okoli\u0161ne procjene i Europski zeleni plan &#039;22","isPartOf":{"@id":"https:\/\/huszpo-konferencija.com\/#website"},"datePublished":"2016-07-14T16:22:53+00:00","dateModified":"2021-10-06T00:41:52+00:00","breadcrumb":{"@id":"https:\/\/huszpo-konferencija.com\/odbori-2015\/#breadcrumb"},"inLanguage":"en-US","potentialAction":[{"@type":"ReadAction","target":["https:\/\/huszpo-konferencija.com\/odbori-2015\/"]}]},{"@type":"BreadcrumbList","@id":"https:\/\/huszpo-konferencija.com\/odbori-2015\/#breadcrumb","itemListElement":[{"@type":"ListItem","position":1,"name":"Naslovna","item":"https:\/\/huszpo-konferencija.com\/"},{"@type":"ListItem","position":2,"name":"Odbori 2015"}]},{"@type":"WebSite","@id":"https:\/\/huszpo-konferencija.com\/#website","url":"https:\/\/huszpo-konferencija.com\/","name":"Konferencija Okoli\u0161ne procjene i Europski zeleni plan","description":"Konferencija Okoli\u0161ne procjene i Europski zeleni plan &#039;22","publisher":{"@id":"https:\/\/huszpo-konferencija.com\/#organization"},"potentialAction":[{"@type":"SearchAction","target":{"@type":"EntryPoint","urlTemplate":"https:\/\/huszpo-konferencija.com\/?s={search_term_string}"},"query-input":{"@type":"PropertyValueSpecification","valueRequired":true,"valueName":"search_term_string"}}],"inLanguage":"en-US"},{"@type":"Organization","@id":"https:\/\/huszpo-konferencija.com\/#organization","name":"HUSZPO","url":"https:\/\/huszpo-konferencija.com\/","logo":{"@type":"ImageObject","inLanguage":"en-US","@id":"https:\/\/huszpo-konferencija.com\/#\/schema\/logo\/image\/","url":"https:\/\/huszpo-konferencija.com\/wp-content\/uploads\/2021\/10\/cropped-cropped-cropped-Logo.png","contentUrl":"https:\/\/huszpo-konferencija.com\/wp-content\/uploads\/2021\/10\/cropped-cropped-cropped-Logo.png","width":512,"height":512,"caption":"HUSZPO"},"image":{"@id":"https:\/\/huszpo-konferencija.com\/#\/schema\/logo\/image\/"},"sameAs":["https:\/\/www.facebook.com\/HUSZPO-107221977694653\/","https:\/\/x.com\/huszpo","https:\/\/www.instagram.com\/huszpo","https:\/\/www.linkedin.com\/in\/huszpo-hrvatska-udruga-stru\u010dnjaka-za\u0161tite-prirode-i-okoli\u0161a-2a52481b2\/?originalSubdomain=hr"]}]}},"uagb_featured_image_src":{"full":false,"thumbnail":false,"medium":false,"medium_large":false,"large":false,"gs-tiny":false,"xl":false,"xxl":false,"xxxl":false,"xxxxl":false,"xxxxxl":false,"1536x1536":false,"2048x2048":false,"trp-custom-language-flag":false,"neve-blog":false},"uagb_author_info":{"display_name":"Tajana Uzelac","author_link":"http:\/\/huszpo-konferencija.com\/en\/author\/tajana_uzelac\/"},"uagb_comment_info":0,"uagb_excerpt":"Predsjednica Organizacijskog odbora:Marta Brki\u0107 \u010clanovi Organizacijskog odbora:Smiljana Bla\u017eevi\u0107Tomislav \u0106urkoDalibor Hati\u0107Maja Jerman Vrani\u0107Ivan Martini\u0107Nenad Mikuli\u0107Ilija \u0160mitran Predsjednik Znanstvenog odbora:dr. sc. Nenad Mikuli\u0107, Hrvatska \u010clanovi Znanstvenog odbora:mr.sc. Vasilije Bu\u0161kovi\u0107, Crna Goradoc. dr. sc. Mehmed Cero, Bosna i Hercegovinaprof.dr.sc. Hamid \u010custovi\u0107, Bosna i Hercegovinaprof.dr.sc. Mojca Golobi\u010d, Slovenijaprof.dr.sc. Nevenko Herceg, Bosna i Hercegovinaprof.dr.sc. Stjepan Husnjak, Hrvatskadr.sc. Predrag Jovani\u0107, Srbijaprof.dr.sc.&hellip;&nbsp;Read&hellip;","_links":{"self":[{"href":"http:\/\/huszpo-konferencija.com\/en\/wp-json\/wp\/v2\/pages\/1327","targetHints":{"allow":["GET"]}}],"collection":[{"href":"http:\/\/huszpo-konferencija.com\/en\/wp-json\/wp\/v2\/pages"}],"about":[{"href":"http:\/\/huszpo-konferencija.com\/en\/wp-json\/wp\/v2\/types\/page"}],"author":[{"embeddable":true,"href":"http:\/\/huszpo-konferencija.com\/en\/wp-json\/wp\/v2\/users\/2"}],"replies":[{"embeddable":true,"href":"http:\/\/huszpo-konferencija.com\/en\/wp-json\/wp\/v2\/comments?post=1327"}],"version-history":[{"count":6,"href":"http:\/\/huszpo-konferencija.com\/en\/wp-json\/wp\/v2\/pages\/1327\/revisions"}],"predecessor-version":[{"id":4260,"href":"http:\/\/huszpo-konferencija.com\/en\/wp-json\/wp\/v2\/pages\/1327\/revisions\/4260"}],"wp:attachment":[{"href":"http:\/\/huszpo-konferencija.com\/en\/wp-json\/wp\/v2\/media?parent=1327"}],"curies":[{"name":"wp","href":"https:\/\/api.w.org\/{rel}","templated":true}]}}